{"id":28026,"date":"2025-02-27T22:26:50","date_gmt":"2025-02-27T22:26:50","guid":{"rendered":"https:\/\/atangroup.com\/?page_id=28026"},"modified":"2025-08-25T20:20:29","modified_gmt":"2025-08-25T20:20:29","slug":"alumil-sd77","status":"publish","type":"page","link":"https:\/\/atangroup.com\/sq\/alumil-sd77\/","title":{"rendered":"Alumil SD77"},"content":{"rendered":"<div data-elementor-type=\"wp-page\" data-elementor-id=\"28026\" class=\"elementor elementor-28026\">\n\t\t\t\t\t\t<section class=\"elementor-section elementor-top-section elementor-element elementor-element-203557f elementor-section-boxed elementor-section-height-default elementor-section-height-default sc_fly_static\" data-id=\"203557f\" data-element_type=\"section\" data-e-type=\"section\">\n\t\t\t\t\t\t<div class=\"elementor-container elementor-column-gap-extended\">\n\t\t\t\t\t<div class=\"elementor-column elementor-col-50 elementor-top-column elementor-element elementor-element-f4a6af0 sc_inner_width_none sc_content_align_inherit sc_layouts_column_icons_position_left sc_fly_static\" data-id=\"f4a6af0\" data-element_type=\"column\" data-e-type=\"column\">\n\t\t\t<div class=\"elementor-widget-wrap elementor-element-populated\">\n\t\t\t\t\t\t<div class=\"elementor-element elementor-element-3d39e9d sc_fly_static elementor-widget elementor-widget-shortcode\" data-id=\"3d39e9d\" data-element_type=\"widget\" data-e-type=\"widget\" data-widget_type=\"shortcode.default\">\n\t\t\t\t<div class=\"elementor-widget-container\">\n\t\t\t\t\t\t\t<div class=\"elementor-shortcode\"><\/div>\n\t\t\t\t\t\t<\/div>\n\t\t\t\t<\/div>\n\t\t\t\t\t<\/div>\n\t\t<\/div>\n\t\t\t\t<div class=\"elementor-column elementor-col-50 elementor-top-column elementor-element elementor-element-246f6dd sc_inner_width_none sc_content_align_inherit sc_layouts_column_icons_position_left sc_fly_static\" data-id=\"246f6dd\" data-element_type=\"column\" data-e-type=\"column\">\n\t\t\t<div class=\"elementor-widget-wrap elementor-element-populated\">\n\t\t\t\t\t\t<div class=\"elementor-element elementor-element-8151bb3 sc_fly_static elementor-widget elementor-widget-text-editor\" data-id=\"8151bb3\" data-element_type=\"widget\" data-e-type=\"widget\" data-widget_type=\"text-editor.default\">\n\t\t\t\t<div class=\"elementor-widget-container\">\n\t\t\t\t\t\t\t\t\t<h3><strong>Featured Products:<\/strong><\/h3><ul data-start=\"89\" data-end=\"804\"><li data-start=\"624\" data-end=\"804\"><h4 data-start=\"63\" data-end=\"87\"><strong data-start=\"67\" data-end=\"85\">1. Alumil SD77<\/strong><\/h4><ul data-start=\"89\" data-end=\"744\"><li data-start=\"89\" data-end=\"357\"><p data-start=\"91\" data-end=\"357\"><strong data-start=\"91\" data-end=\"107\">P\u00ebrshkrimi:<\/strong><br data-start=\"107\" data-end=\"110\" \/>Alumil SD77 \u00ebsht\u00eb nj\u00eb sistem i dyerve prej alumini me performanc\u00eb t\u00eb lart\u00eb, i projektuar p\u00ebr t\u00eb garantuar izolim optimal termik, siguri dhe q\u00ebndrueshm\u00ebri. Dizajni modern dhe karakteristikat e avancuara ofrojn\u00eb efikasitet t\u00eb lart\u00eb energjetik duke ruajtur nj\u00eb estetik\u00eb elegante.<\/p><\/li><li data-start=\"359\" data-end=\"581\"><p data-start=\"361\" data-end=\"380\"><strong data-start=\"361\" data-end=\"378\">Karakteristikat Kryesore:<\/strong><\/p><ul data-start=\"383\" data-end=\"581\"><li data-start=\"383\" data-end=\"406\">Thell\u00ebsia e korniz\u00ebs: 77 mm.<\/li><li data-start=\"409\" data-end=\"456\">Izolimi termik: Uf deri n\u00eb 1.3 W\/m\u00b2K.<\/li><li data-start=\"459\" data-end=\"492\">Trash\u00ebsia e xhamit: Deri n\u00eb 50 mm.<\/li><li data-start=\"495\" data-end=\"539\">Opsionet e hapjes: Me hapje an\u00ebsore dhe me bosht qendror.<\/li><li data-start=\"542\" data-end=\"581\">Standardet: EN 14351-1, ISO 10077-2.<\/li><\/ul><\/li><li data-start=\"583\" data-end=\"744\"><p data-start=\"585\" data-end=\"744\"><strong data-start=\"585\" data-end=\"608\">Ideal i p\u00ebrshtatsh\u00ebm :<\/strong><br data-start=\"608\" data-end=\"611\" \/>I p\u00ebrshtatsh\u00ebm p\u00ebr nd\u00ebrtesa rezidenciale dhe komerciale q\u00eb k\u00ebrkojn\u00eb dyer hyr\u00ebse t\u00eb sigurta, efikase n\u00eb aspektin energjetik dhe me dizajn modern.<\/p><\/li><\/ul><\/li><\/ul>\t\t\t\t\t\t\t\t<\/div>\n\t\t\t\t<\/div>\n\t\t\t\t\t<\/div>\n\t\t<\/div>\n\t\t\t\t\t<\/div>\n\t\t<\/section>\n\t\t\t\t<section class=\"elementor-section elementor-top-section elementor-element elementor-element-adf0444 elementor-section-boxed elementor-section-height-default elementor-section-height-default sc_fly_static\" data-id=\"adf0444\" data-element_type=\"section\" data-e-type=\"section\">\n\t\t\t\t\t\t<div class=\"elementor-container elementor-column-gap-extended\">\n\t\t\t\t\t<div class=\"elementor-column elementor-col-100 elementor-top-column elementor-element elementor-element-e1249f9 sc_inner_width_none sc_content_align_inherit sc_layouts_column_icons_position_left sc_fly_static\" data-id=\"e1249f9\" data-element_type=\"column\" data-e-type=\"column\">\n\t\t\t<div class=\"elementor-widget-wrap elementor-element-populated\">\n\t\t\t\t\t\t<div class=\"elementor-element elementor-element-e811694 elementor-widget-divider--view-line_text elementor-widget-divider--element-align-center sc_fly_static elementor-widget elementor-widget-divider\" data-id=\"e811694\" data-element_type=\"widget\" data-e-type=\"widget\" data-widget_type=\"divider.default\">\n\t\t\t\t<div class=\"elementor-widget-container\">\n\t\t\t\t\t\t\t<div class=\"elementor-divider\">\n\t\t\t<span class=\"elementor-divider-separator\">\n\t\t\t\t\t\t\t<span class=\"elementor-divider__text elementor-divider__element\">\n\t\t\t\tK\u00ebrko nj\u00eb ofert\u00eb \t\t\t\t<\/span>\n\t\t\t\t\t\t<\/span>\n\t\t<\/div>\n\t\t\t\t\t\t<\/div>\n\t\t\t\t<\/div>\n\t\t\t\t<div class=\"elementor-element elementor-element-bc9e856 sc_fly_static elementor-widget elementor-widget-heading\" data-id=\"bc9e856\" data-element_type=\"widget\" data-e-type=\"widget\" data-widget_type=\"heading.default\">\n\t\t\t\t<div class=\"elementor-widget-container\">\n\t\t\t\t\t<h4 class=\"elementor-heading-title elementor-size-default\">Merrni Ofert\u00ebn tuaj t\u00eb Personalizuar p\u00ebr Dritaren PVC! K\u00ebrkoni tani!<\/h4>\t\t\t\t<\/div>\n\t\t\t\t<\/div>\n\t\t\t\t<div class=\"elementor-element elementor-element-8aee67b sc_fly_static elementor-widget elementor-widget-trx_sc_button\" data-id=\"8aee67b\" data-element_type=\"widget\" data-e-type=\"widget\" data-widget_type=\"trx_sc_button.default\">\n\t\t\t\t<div class=\"elementor-widget-container\">\n\t\t\t\t\t<div\tclass=\"sc_item_button sc_button_wrap sc_align_center\" ><a href=\"https:\/\/atangroup.com\/sq\/request-a-quote\/\" class=\"sc_button sc_button_default sc_button_size_normal sc_button_with_icon sc_button_icon_right\" ><span class=\"sc_button_icon\"><span class=\"icon-logout\"><\/span><\/span><span class=\"sc_button_text\"><span class=\"sc_button_title\">K\u00ebrko nj\u00eb Ofert\u00eb<\/span><\/span><\/a><\/div>\t\t\t\t<\/div>\n\t\t\t\t<\/div>\n\t\t\t\t\t<\/div>\n\t\t<\/div>\n\t\t\t\t\t<\/div>\n\t\t<\/section>\n\t\t\t\t<\/div>","protected":false},"excerpt":{"rendered":"<p>Featured Products: 1. Alumil SD77 Description:Alumil SD77 is a high-performance aluminum door system designed to offer excellent thermal insulation, security, and durability. Its modern design and advanced features ensure energy&hellip;<\/p>","protected":false},"author":1,"featured_media":0,"parent":0,"menu_order":0,"comment_status":"closed","ping_status":"closed","template":"elementor_header_footer","meta":{"footnotes":"","_links_to":"","_links_to_target":""},"class_list":["post-28026","page","type-page","status-publish","hentry"],"yoast_head":"<!-- This site is optimized with the Yoast SEO Premium plugin v23.6 (Yoast SEO v27.2) - https:\/\/yoast.com\/product\/yoast-seo-premium-wordpress\/ -->\n<title>Alumil SD77 - Atan Group<\/title>\n<meta name=\"robots\" content=\"index, follow, max-snippet:-1, max-image-preview:large, max-video-preview:-1\" \/>\n<link rel=\"canonical\" href=\"https:\/\/atangroup.com\/sq\/alumil-sd77\/\" \/>\n<meta property=\"og:locale\" content=\"sq_AL\" \/>\n<meta property=\"og:type\" content=\"article\" \/>\n<meta property=\"og:title\" content=\"Alumil SD77\" \/>\n<meta property=\"og:description\" content=\"Featured Products: 1. Alumil SD77 Description:Alumil SD77 is a high-performance aluminum door system designed to offer excellent thermal insulation, security, and durability. Its modern design and advanced features ensure energy&hellip;\" \/>\n<meta property=\"og:url\" content=\"https:\/\/atangroup.com\/sq\/alumil-sd77\/\" \/>\n<meta property=\"og:site_name\" content=\"Atan Group\" \/>\n<meta property=\"article:publisher\" content=\"https:\/\/www.facebook.com\/infissi24construction\" \/>\n<meta property=\"article:modified_time\" content=\"2025-08-25T20:20:29+00:00\" \/>\n<meta property=\"og:image\" content=\"https:\/\/atangroup.com\/wp-content\/uploads\/2024\/10\/ic-1200-x-675-px.png\" \/>\n\t<meta property=\"og:image:width\" content=\"1200\" \/>\n\t<meta property=\"og:image:height\" content=\"675\" \/>\n\t<meta property=\"og:image:type\" content=\"image\/png\" \/>\n<meta name=\"twitter:card\" content=\"summary_large_image\" \/>\n<meta name=\"twitter:site\" content=\"@ic_pvc_company\" \/>\n<meta name=\"twitter:label1\" content=\"Est. reading time\" \/>\n\t<meta name=\"twitter:data1\" content=\"1 minut\u00eb\" \/>\n<script type=\"application\/ld+json\" class=\"yoast-schema-graph\">{\"@context\":\"https:\/\/schema.org\",\"@graph\":[{\"@type\":\"WebPage\",\"@id\":\"https:\/\/atangroup.com\/alumil-sd77\/\",\"url\":\"https:\/\/atangroup.com\/alumil-sd77\/\",\"name\":\"Alumil SD77 - Atan Group\",\"isPartOf\":{\"@id\":\"https:\/\/atangroup.com\/#website\"},\"datePublished\":\"2025-02-27T22:26:50+00:00\",\"dateModified\":\"2025-08-25T20:20:29+00:00\",\"breadcrumb\":{\"@id\":\"https:\/\/atangroup.com\/alumil-sd77\/#breadcrumb\"},\"inLanguage\":\"sq\",\"potentialAction\":[{\"@type\":\"ReadAction\",\"target\":[\"https:\/\/atangroup.com\/alumil-sd77\/\"]}]},{\"@type\":\"BreadcrumbList\",\"@id\":\"https:\/\/atangroup.com\/alumil-sd77\/#breadcrumb\",\"itemListElement\":[{\"@type\":\"ListItem\",\"position\":1,\"name\":\"Home\",\"item\":\"https:\/\/atangroup.com\/\"},{\"@type\":\"ListItem\",\"position\":2,\"name\":\"Alumil SD77\"}]},{\"@type\":\"WebSite\",\"@id\":\"https:\/\/atangroup.com\/#website\",\"url\":\"https:\/\/atangroup.com\/\",\"name\":\"Infissi Construction\",\"description\":\"High Quality Windows &amp; Doors\",\"publisher\":{\"@id\":\"https:\/\/atangroup.com\/#organization\"},\"potentialAction\":[{\"@type\":\"SearchAction\",\"target\":{\"@type\":\"EntryPoint\",\"urlTemplate\":\"https:\/\/atangroup.com\/?s={search_term_string}\"},\"query-input\":{\"@type\":\"PropertyValueSpecification\",\"valueRequired\":true,\"valueName\":\"search_term_string\"}}],\"inLanguage\":\"sq\"},{\"@type\":\"Organization\",\"@id\":\"https:\/\/atangroup.com\/#organization\",\"name\":\"Infissi Construction\",\"url\":\"https:\/\/atangroup.com\/\",\"logo\":{\"@type\":\"ImageObject\",\"inLanguage\":\"sq\",\"@id\":\"https:\/\/atangroup.com\/#\/schema\/logo\/image\/\",\"url\":\"https:\/\/atangroup.com\/wp-content\/uploads\/2024\/10\/infissi-construction-logo-1.png\",\"contentUrl\":\"https:\/\/atangroup.com\/wp-content\/uploads\/2024\/10\/infissi-construction-logo-1.png\",\"width\":1080,\"height\":1080,\"caption\":\"Infissi Construction\"},\"image\":{\"@id\":\"https:\/\/atangroup.com\/#\/schema\/logo\/image\/\"},\"sameAs\":[\"https:\/\/www.facebook.com\/infissi24construction\",\"https:\/\/x.com\/ic_pvc_company\",\"https:\/\/www.instagram.com\/infissiconstruction\"]}]}<\/script>\n<!-- \/ Yoast SEO Premium plugin. -->","yoast_head_json":{"title":"Alumil SD77 - Atan Group","robots":{"index":"index","follow":"follow","max-snippet":"max-snippet:-1","max-image-preview":"max-image-preview:large","max-video-preview":"max-video-preview:-1"},"canonical":"https:\/\/atangroup.com\/sq\/alumil-sd77\/","og_locale":"sq_AL","og_type":"article","og_title":"Alumil SD77","og_description":"Featured Products: 1. Alumil SD77 Description:Alumil SD77 is a high-performance aluminum door system designed to offer excellent thermal insulation, security, and durability. Its modern design and advanced features ensure energy&hellip;","og_url":"https:\/\/atangroup.com\/sq\/alumil-sd77\/","og_site_name":"Atan Group","article_publisher":"https:\/\/www.facebook.com\/infissi24construction","article_modified_time":"2025-08-25T20:20:29+00:00","og_image":[{"width":1200,"height":675,"url":"https:\/\/atangroup.com\/wp-content\/uploads\/2024\/10\/ic-1200-x-675-px.png","type":"image\/png"}],"twitter_card":"summary_large_image","twitter_site":"@ic_pvc_company","twitter_misc":{"Est. reading time":"1 minut\u00eb"},"schema":{"@context":"https:\/\/schema.org","@graph":[{"@type":"WebPage","@id":"https:\/\/atangroup.com\/alumil-sd77\/","url":"https:\/\/atangroup.com\/alumil-sd77\/","name":"Alumil SD77 - Atan Group","isPartOf":{"@id":"https:\/\/atangroup.com\/#website"},"datePublished":"2025-02-27T22:26:50+00:00","dateModified":"2025-08-25T20:20:29+00:00","breadcrumb":{"@id":"https:\/\/atangroup.com\/alumil-sd77\/#breadcrumb"},"inLanguage":"sq","potentialAction":[{"@type":"ReadAction","target":["https:\/\/atangroup.com\/alumil-sd77\/"]}]},{"@type":"BreadcrumbList","@id":"https:\/\/atangroup.com\/alumil-sd77\/#breadcrumb","itemListElement":[{"@type":"ListItem","position":1,"name":"Home","item":"https:\/\/atangroup.com\/"},{"@type":"ListItem","position":2,"name":"Alumil SD77"}]},{"@type":"WebSite","@id":"https:\/\/atangroup.com\/#website","url":"https:\/\/atangroup.com\/","name":"Infissi Construction","description":"High Quality Windows &amp; Doors","publisher":{"@id":"https:\/\/atangroup.com\/#organization"},"potentialAction":[{"@type":"SearchAction","target":{"@type":"EntryPoint","urlTemplate":"https:\/\/atangroup.com\/?s={search_term_string}"},"query-input":{"@type":"PropertyValueSpecification","valueRequired":true,"valueName":"search_term_string"}}],"inLanguage":"sq"},{"@type":"Organization","@id":"https:\/\/atangroup.com\/#organization","name":"Infissi Construction","url":"https:\/\/atangroup.com\/","logo":{"@type":"ImageObject","inLanguage":"sq","@id":"https:\/\/atangroup.com\/#\/schema\/logo\/image\/","url":"https:\/\/atangroup.com\/wp-content\/uploads\/2024\/10\/infissi-construction-logo-1.png","contentUrl":"https:\/\/atangroup.com\/wp-content\/uploads\/2024\/10\/infissi-construction-logo-1.png","width":1080,"height":1080,"caption":"Infissi Construction"},"image":{"@id":"https:\/\/atangroup.com\/#\/schema\/logo\/image\/"},"sameAs":["https:\/\/www.facebook.com\/infissi24construction","https:\/\/x.com\/ic_pvc_company","https:\/\/www.instagram.com\/infissiconstruction"]}]}},"_links":{"self":[{"href":"https:\/\/atangroup.com\/sq\/wp-json\/wp\/v2\/pages\/28026","targetHints":{"allow":["GET"]}}],"collection":[{"href":"https:\/\/atangroup.com\/sq\/wp-json\/wp\/v2\/pages"}],"about":[{"href":"https:\/\/atangroup.com\/sq\/wp-json\/wp\/v2\/types\/page"}],"author":[{"embeddable":true,"href":"https:\/\/atangroup.com\/sq\/wp-json\/wp\/v2\/users\/1"}],"replies":[{"embeddable":true,"href":"https:\/\/atangroup.com\/sq\/wp-json\/wp\/v2\/comments?post=28026"}],"version-history":[{"count":10,"href":"https:\/\/atangroup.com\/sq\/wp-json\/wp\/v2\/pages\/28026\/revisions"}],"predecessor-version":[{"id":28197,"href":"https:\/\/atangroup.com\/sq\/wp-json\/wp\/v2\/pages\/28026\/revisions\/28197"}],"wp:attachment":[{"href":"https:\/\/atangroup.com\/sq\/wp-json\/wp\/v2\/media?parent=28026"}],"curies":[{"name":"wp","href":"https:\/\/api.w.org\/{rel}","templated":true}]}}