{"id":28015,"date":"2025-02-27T22:13:17","date_gmt":"2025-02-27T22:13:17","guid":{"rendered":"https:\/\/atangroup.com\/?page_id=28015"},"modified":"2025-08-25T20:19:47","modified_gmt":"2025-08-25T20:19:47","slug":"alumil-sd95","status":"publish","type":"page","link":"https:\/\/atangroup.com\/sq\/alumil-sd95\/","title":{"rendered":"Alumil SD95"},"content":{"rendered":"<div data-elementor-type=\"wp-page\" data-elementor-id=\"28015\" class=\"elementor elementor-28015\">\n\t\t\t\t\t\t<section class=\"elementor-section elementor-top-section elementor-element elementor-element-164fa9f elementor-section-boxed elementor-section-height-default elementor-section-height-default sc_fly_static\" data-id=\"164fa9f\" data-element_type=\"section\" data-e-type=\"section\">\n\t\t\t\t\t\t<div class=\"elementor-container elementor-column-gap-extended\">\n\t\t\t\t\t<div class=\"elementor-column elementor-col-50 elementor-top-column elementor-element elementor-element-d15402d sc_inner_width_none sc_content_align_inherit sc_layouts_column_icons_position_left sc_fly_static\" data-id=\"d15402d\" data-element_type=\"column\" data-e-type=\"column\">\n\t\t\t<div class=\"elementor-widget-wrap elementor-element-populated\">\n\t\t\t\t\t\t<div class=\"elementor-element elementor-element-8916be9 sc_fly_static elementor-widget elementor-widget-shortcode\" data-id=\"8916be9\" data-element_type=\"widget\" data-e-type=\"widget\" data-widget_type=\"shortcode.default\">\n\t\t\t\t<div class=\"elementor-widget-container\">\n\t\t\t\t\t\t\t<div class=\"elementor-shortcode\"><\/div>\n\t\t\t\t\t\t<\/div>\n\t\t\t\t<\/div>\n\t\t\t\t\t<\/div>\n\t\t<\/div>\n\t\t\t\t<div class=\"elementor-column elementor-col-50 elementor-top-column elementor-element elementor-element-4e81622 sc_inner_width_none sc_content_align_inherit sc_layouts_column_icons_position_left sc_fly_static\" data-id=\"4e81622\" data-element_type=\"column\" data-e-type=\"column\">\n\t\t\t<div class=\"elementor-widget-wrap elementor-element-populated\">\n\t\t\t\t\t\t<div class=\"elementor-element elementor-element-59008d3 sc_fly_static elementor-widget elementor-widget-text-editor\" data-id=\"59008d3\" data-element_type=\"widget\" data-e-type=\"widget\" data-widget_type=\"text-editor.default\">\n\t\t\t\t<div class=\"elementor-widget-container\">\n\t\t\t\t\t\t\t\t\t<h3><strong>Featured Products:<\/strong><\/h3><h4 data-start=\"63\" data-end=\"87\"><strong data-start=\"67\" data-end=\"85\">1. Alumil SD95<\/strong><\/h4><ul><li style=\"list-style-type: none;\"><ul data-start=\"89\" data-end=\"763\"><li data-start=\"89\" data-end=\"384\"><p data-start=\"91\" data-end=\"384\"><strong data-start=\"91\" data-end=\"107\">P\u00ebrshkrimi:<\/strong><br data-start=\"107\" data-end=\"110\" \/>Alumil SD95 \u00ebsht\u00eb nj\u00eb sistem i dyerve prej alumini me performanc\u00eb t\u00eb lart\u00eb, i projektuar p\u00ebr t\u00eb ofruar izolim termik t\u00eb shk\u00eblqyer, siguri dhe q\u00ebndrueshm\u00ebri. Me nj\u00eb struktur\u00eb t\u00eb fort\u00eb dhe estetik\u00eb moderne, ai siguron efikasitet t\u00eb lart\u00eb energjetik dhe mbrojtje maksimale.<\/p><\/li><li data-start=\"386\" data-end=\"608\"><p data-start=\"388\" data-end=\"407\"><strong data-start=\"388\" data-end=\"405\">Karakteristikat Kryesore:<\/strong><\/p><ul data-start=\"410\" data-end=\"608\"><li data-start=\"410\" data-end=\"433\">Thell\u00ebsia e korniz\u00ebs: 95 mm.<\/li><li data-start=\"436\" data-end=\"483\">Izolim termik: Uf deri n\u00eb 1.0 W\/m\u00b2K.<\/li><li data-start=\"486\" data-end=\"519\">Trash\u00ebsia e xhamit: Deri n\u00eb 58 mm.<\/li><li data-start=\"522\" data-end=\"566\">Opsionet e hapjes: Me hapje an\u00ebsore dhe me bosht qendror.<\/li><li data-start=\"569\" data-end=\"608\">Standardet: EN 14351-1, ISO 10077-2.<\/li><\/ul><\/li><li data-start=\"610\" data-end=\"763\"><p data-start=\"612\" data-end=\"763\"><strong data-start=\"612\" data-end=\"635\">Ideal i p\u00ebrshtatsh\u00ebm :<\/strong><br data-start=\"635\" data-end=\"638\" \/>Ideale p\u00ebr hyrjet rezidenciale dhe komerciale q\u00eb k\u00ebrkojn\u00eb siguri t\u00eb lart\u00eb, efikasitet termik dhe nj\u00eb dizajn modern dhe elegant.<\/p><\/li><\/ul><\/li><\/ul>\t\t\t\t\t\t\t\t<\/div>\n\t\t\t\t<\/div>\n\t\t\t\t\t<\/div>\n\t\t<\/div>\n\t\t\t\t\t<\/div>\n\t\t<\/section>\n\t\t\t\t<section class=\"elementor-section elementor-top-section elementor-element elementor-element-1a5bccf elementor-section-boxed elementor-section-height-default elementor-section-height-default sc_fly_static\" data-id=\"1a5bccf\" data-element_type=\"section\" data-e-type=\"section\">\n\t\t\t\t\t\t<div class=\"elementor-container elementor-column-gap-extended\">\n\t\t\t\t\t<div class=\"elementor-column elementor-col-100 elementor-top-column elementor-element elementor-element-4d53442 sc_inner_width_none sc_content_align_inherit sc_layouts_column_icons_position_left sc_fly_static\" data-id=\"4d53442\" data-element_type=\"column\" data-e-type=\"column\">\n\t\t\t<div class=\"elementor-widget-wrap elementor-element-populated\">\n\t\t\t\t\t\t<div class=\"elementor-element elementor-element-9fd36b9 elementor-widget-divider--view-line_text elementor-widget-divider--element-align-center sc_fly_static elementor-widget elementor-widget-divider\" data-id=\"9fd36b9\" data-element_type=\"widget\" data-e-type=\"widget\" data-widget_type=\"divider.default\">\n\t\t\t\t<div class=\"elementor-widget-container\">\n\t\t\t\t\t\t\t<div class=\"elementor-divider\">\n\t\t\t<span class=\"elementor-divider-separator\">\n\t\t\t\t\t\t\t<span class=\"elementor-divider__text elementor-divider__element\">\n\t\t\t\tK\u00ebrko nj\u00eb ofert\u00eb \t\t\t\t<\/span>\n\t\t\t\t\t\t<\/span>\n\t\t<\/div>\n\t\t\t\t\t\t<\/div>\n\t\t\t\t<\/div>\n\t\t\t\t<div class=\"elementor-element elementor-element-1b7fbf9 sc_fly_static elementor-widget elementor-widget-heading\" data-id=\"1b7fbf9\" data-element_type=\"widget\" data-e-type=\"widget\" data-widget_type=\"heading.default\">\n\t\t\t\t<div class=\"elementor-widget-container\">\n\t\t\t\t\t<h4 class=\"elementor-heading-title elementor-size-default\">Merrni Ofert\u00ebn tuaj t\u00eb Personalizuar p\u00ebr Dritaren PVC! K\u00ebrkoni tani!<\/h4>\t\t\t\t<\/div>\n\t\t\t\t<\/div>\n\t\t\t\t<div class=\"elementor-element elementor-element-c41fc48 sc_fly_static elementor-widget elementor-widget-trx_sc_button\" data-id=\"c41fc48\" data-element_type=\"widget\" data-e-type=\"widget\" data-widget_type=\"trx_sc_button.default\">\n\t\t\t\t<div class=\"elementor-widget-container\">\n\t\t\t\t\t<div\tclass=\"sc_item_button sc_button_wrap sc_align_center\" ><a href=\"https:\/\/atangroup.com\/sq\/request-a-quote\/\" class=\"sc_button sc_button_default sc_button_size_normal sc_button_with_icon sc_button_icon_right\" ><span class=\"sc_button_icon\"><span class=\"icon-logout\"><\/span><\/span><span class=\"sc_button_text\"><span class=\"sc_button_title\">K\u00ebrko nj\u00eb Ofert\u00eb<\/span><\/span><\/a><\/div>\t\t\t\t<\/div>\n\t\t\t\t<\/div>\n\t\t\t\t\t<\/div>\n\t\t<\/div>\n\t\t\t\t\t<\/div>\n\t\t<\/section>\n\t\t\t\t<\/div>","protected":false},"excerpt":{"rendered":"<p>Featured Products: 1. Alumil SD95 Description:Alumil SD95 is a high-performance aluminum door system designed for superior thermal insulation, security, and durability. With a robust structure and modern aesthetics, it ensures&hellip;<\/p>","protected":false},"author":1,"featured_media":0,"parent":0,"menu_order":0,"comment_status":"closed","ping_status":"closed","template":"elementor_header_footer","meta":{"footnotes":"","_links_to":"","_links_to_target":""},"class_list":["post-28015","page","type-page","status-publish","hentry"],"yoast_head":"<!-- This site is optimized with the Yoast SEO Premium plugin v23.6 (Yoast SEO v27.2) - https:\/\/yoast.com\/product\/yoast-seo-premium-wordpress\/ -->\n<title>Alumil SD95 - Atan Group<\/title>\n<meta name=\"robots\" content=\"index, follow, max-snippet:-1, max-image-preview:large, max-video-preview:-1\" \/>\n<link rel=\"canonical\" href=\"https:\/\/atangroup.com\/sq\/alumil-sd95\/\" \/>\n<meta property=\"og:locale\" content=\"sq_AL\" \/>\n<meta property=\"og:type\" content=\"article\" \/>\n<meta property=\"og:title\" content=\"Alumil SD95\" \/>\n<meta property=\"og:description\" content=\"Featured Products: 1. Alumil SD95 Description:Alumil SD95 is a high-performance aluminum door system designed for superior thermal insulation, security, and durability. With a robust structure and modern aesthetics, it ensures&hellip;\" \/>\n<meta property=\"og:url\" content=\"https:\/\/atangroup.com\/sq\/alumil-sd95\/\" \/>\n<meta property=\"og:site_name\" content=\"Atan Group\" \/>\n<meta property=\"article:publisher\" content=\"https:\/\/www.facebook.com\/infissi24construction\" \/>\n<meta property=\"article:modified_time\" content=\"2025-08-25T20:19:47+00:00\" \/>\n<meta property=\"og:image\" content=\"https:\/\/atangroup.com\/wp-content\/uploads\/2024\/10\/ic-1200-x-675-px.png\" \/>\n\t<meta property=\"og:image:width\" content=\"1200\" \/>\n\t<meta property=\"og:image:height\" content=\"675\" \/>\n\t<meta property=\"og:image:type\" content=\"image\/png\" \/>\n<meta name=\"twitter:card\" content=\"summary_large_image\" \/>\n<meta name=\"twitter:site\" content=\"@ic_pvc_company\" \/>\n<meta name=\"twitter:label1\" content=\"Est. reading time\" \/>\n\t<meta name=\"twitter:data1\" content=\"1 minut\u00eb\" \/>\n<script type=\"application\/ld+json\" class=\"yoast-schema-graph\">{\"@context\":\"https:\/\/schema.org\",\"@graph\":[{\"@type\":\"WebPage\",\"@id\":\"https:\/\/atangroup.com\/alumil-sd95\/\",\"url\":\"https:\/\/atangroup.com\/alumil-sd95\/\",\"name\":\"Alumil SD95 - Atan Group\",\"isPartOf\":{\"@id\":\"https:\/\/atangroup.com\/#website\"},\"datePublished\":\"2025-02-27T22:13:17+00:00\",\"dateModified\":\"2025-08-25T20:19:47+00:00\",\"breadcrumb\":{\"@id\":\"https:\/\/atangroup.com\/alumil-sd95\/#breadcrumb\"},\"inLanguage\":\"sq\",\"potentialAction\":[{\"@type\":\"ReadAction\",\"target\":[\"https:\/\/atangroup.com\/alumil-sd95\/\"]}]},{\"@type\":\"BreadcrumbList\",\"@id\":\"https:\/\/atangroup.com\/alumil-sd95\/#breadcrumb\",\"itemListElement\":[{\"@type\":\"ListItem\",\"position\":1,\"name\":\"Home\",\"item\":\"https:\/\/atangroup.com\/\"},{\"@type\":\"ListItem\",\"position\":2,\"name\":\"Alumil SD95\"}]},{\"@type\":\"WebSite\",\"@id\":\"https:\/\/atangroup.com\/#website\",\"url\":\"https:\/\/atangroup.com\/\",\"name\":\"Infissi Construction\",\"description\":\"High Quality Windows &amp; Doors\",\"publisher\":{\"@id\":\"https:\/\/atangroup.com\/#organization\"},\"potentialAction\":[{\"@type\":\"SearchAction\",\"target\":{\"@type\":\"EntryPoint\",\"urlTemplate\":\"https:\/\/atangroup.com\/?s={search_term_string}\"},\"query-input\":{\"@type\":\"PropertyValueSpecification\",\"valueRequired\":true,\"valueName\":\"search_term_string\"}}],\"inLanguage\":\"sq\"},{\"@type\":\"Organization\",\"@id\":\"https:\/\/atangroup.com\/#organization\",\"name\":\"Infissi Construction\",\"url\":\"https:\/\/atangroup.com\/\",\"logo\":{\"@type\":\"ImageObject\",\"inLanguage\":\"sq\",\"@id\":\"https:\/\/atangroup.com\/#\/schema\/logo\/image\/\",\"url\":\"https:\/\/atangroup.com\/wp-content\/uploads\/2024\/10\/infissi-construction-logo-1.png\",\"contentUrl\":\"https:\/\/atangroup.com\/wp-content\/uploads\/2024\/10\/infissi-construction-logo-1.png\",\"width\":1080,\"height\":1080,\"caption\":\"Infissi Construction\"},\"image\":{\"@id\":\"https:\/\/atangroup.com\/#\/schema\/logo\/image\/\"},\"sameAs\":[\"https:\/\/www.facebook.com\/infissi24construction\",\"https:\/\/x.com\/ic_pvc_company\",\"https:\/\/www.instagram.com\/infissiconstruction\"]}]}<\/script>\n<!-- \/ Yoast SEO Premium plugin. -->","yoast_head_json":{"title":"Alumil SD95 - Atan Group","robots":{"index":"index","follow":"follow","max-snippet":"max-snippet:-1","max-image-preview":"max-image-preview:large","max-video-preview":"max-video-preview:-1"},"canonical":"https:\/\/atangroup.com\/sq\/alumil-sd95\/","og_locale":"sq_AL","og_type":"article","og_title":"Alumil SD95","og_description":"Featured Products: 1. Alumil SD95 Description:Alumil SD95 is a high-performance aluminum door system designed for superior thermal insulation, security, and durability. With a robust structure and modern aesthetics, it ensures&hellip;","og_url":"https:\/\/atangroup.com\/sq\/alumil-sd95\/","og_site_name":"Atan Group","article_publisher":"https:\/\/www.facebook.com\/infissi24construction","article_modified_time":"2025-08-25T20:19:47+00:00","og_image":[{"width":1200,"height":675,"url":"https:\/\/atangroup.com\/wp-content\/uploads\/2024\/10\/ic-1200-x-675-px.png","type":"image\/png"}],"twitter_card":"summary_large_image","twitter_site":"@ic_pvc_company","twitter_misc":{"Est. reading time":"1 minut\u00eb"},"schema":{"@context":"https:\/\/schema.org","@graph":[{"@type":"WebPage","@id":"https:\/\/atangroup.com\/alumil-sd95\/","url":"https:\/\/atangroup.com\/alumil-sd95\/","name":"Alumil SD95 - Atan Group","isPartOf":{"@id":"https:\/\/atangroup.com\/#website"},"datePublished":"2025-02-27T22:13:17+00:00","dateModified":"2025-08-25T20:19:47+00:00","breadcrumb":{"@id":"https:\/\/atangroup.com\/alumil-sd95\/#breadcrumb"},"inLanguage":"sq","potentialAction":[{"@type":"ReadAction","target":["https:\/\/atangroup.com\/alumil-sd95\/"]}]},{"@type":"BreadcrumbList","@id":"https:\/\/atangroup.com\/alumil-sd95\/#breadcrumb","itemListElement":[{"@type":"ListItem","position":1,"name":"Home","item":"https:\/\/atangroup.com\/"},{"@type":"ListItem","position":2,"name":"Alumil SD95"}]},{"@type":"WebSite","@id":"https:\/\/atangroup.com\/#website","url":"https:\/\/atangroup.com\/","name":"Infissi Construction","description":"High Quality Windows &amp; Doors","publisher":{"@id":"https:\/\/atangroup.com\/#organization"},"potentialAction":[{"@type":"SearchAction","target":{"@type":"EntryPoint","urlTemplate":"https:\/\/atangroup.com\/?s={search_term_string}"},"query-input":{"@type":"PropertyValueSpecification","valueRequired":true,"valueName":"search_term_string"}}],"inLanguage":"sq"},{"@type":"Organization","@id":"https:\/\/atangroup.com\/#organization","name":"Infissi Construction","url":"https:\/\/atangroup.com\/","logo":{"@type":"ImageObject","inLanguage":"sq","@id":"https:\/\/atangroup.com\/#\/schema\/logo\/image\/","url":"https:\/\/atangroup.com\/wp-content\/uploads\/2024\/10\/infissi-construction-logo-1.png","contentUrl":"https:\/\/atangroup.com\/wp-content\/uploads\/2024\/10\/infissi-construction-logo-1.png","width":1080,"height":1080,"caption":"Infissi Construction"},"image":{"@id":"https:\/\/atangroup.com\/#\/schema\/logo\/image\/"},"sameAs":["https:\/\/www.facebook.com\/infissi24construction","https:\/\/x.com\/ic_pvc_company","https:\/\/www.instagram.com\/infissiconstruction"]}]}},"_links":{"self":[{"href":"https:\/\/atangroup.com\/sq\/wp-json\/wp\/v2\/pages\/28015","targetHints":{"allow":["GET"]}}],"collection":[{"href":"https:\/\/atangroup.com\/sq\/wp-json\/wp\/v2\/pages"}],"about":[{"href":"https:\/\/atangroup.com\/sq\/wp-json\/wp\/v2\/types\/page"}],"author":[{"embeddable":true,"href":"https:\/\/atangroup.com\/sq\/wp-json\/wp\/v2\/users\/1"}],"replies":[{"embeddable":true,"href":"https:\/\/atangroup.com\/sq\/wp-json\/wp\/v2\/comments?post=28015"}],"version-history":[{"count":10,"href":"https:\/\/atangroup.com\/sq\/wp-json\/wp\/v2\/pages\/28015\/revisions"}],"predecessor-version":[{"id":28194,"href":"https:\/\/atangroup.com\/sq\/wp-json\/wp\/v2\/pages\/28015\/revisions\/28194"}],"wp:attachment":[{"href":"https:\/\/atangroup.com\/sq\/wp-json\/wp\/v2\/media?parent=28015"}],"curies":[{"name":"wp","href":"https:\/\/api.w.org\/{rel}","templated":true}]}}