{"id":27822,"date":"2024-12-04T13:29:06","date_gmt":"2024-12-04T13:29:06","guid":{"rendered":"https:\/\/atangroup.com\/?page_id=27822"},"modified":"2025-08-25T20:18:12","modified_gmt":"2025-08-25T20:18:12","slug":"alumil-s700","status":"publish","type":"page","link":"https:\/\/atangroup.com\/sq\/alumil-s700\/","title":{"rendered":"Alumil S700"},"content":{"rendered":"<div data-elementor-type=\"wp-page\" data-elementor-id=\"27822\" class=\"elementor elementor-27822\">\n\t\t\t\t\t\t<section class=\"elementor-section elementor-top-section elementor-element elementor-element-0fbb3d4 elementor-section-boxed elementor-section-height-default elementor-section-height-default sc_fly_static\" data-id=\"0fbb3d4\" data-element_type=\"section\" data-e-type=\"section\">\n\t\t\t\t\t\t<div class=\"elementor-container elementor-column-gap-extended\">\n\t\t\t\t\t<div class=\"elementor-column elementor-col-50 elementor-top-column elementor-element elementor-element-22a4670 sc_inner_width_none sc_content_align_inherit sc_layouts_column_icons_position_left sc_fly_static\" data-id=\"22a4670\" data-element_type=\"column\" data-e-type=\"column\">\n\t\t\t<div class=\"elementor-widget-wrap elementor-element-populated\">\n\t\t\t\t\t\t<div class=\"elementor-element elementor-element-e125cf9 sc_fly_static elementor-widget elementor-widget-shortcode\" data-id=\"e125cf9\" data-element_type=\"widget\" data-e-type=\"widget\" data-widget_type=\"shortcode.default\">\n\t\t\t\t<div class=\"elementor-widget-container\">\n\t\t\t\t\t\t\t<div class=\"elementor-shortcode\"><\/div>\n\t\t\t\t\t\t<\/div>\n\t\t\t\t<\/div>\n\t\t\t\t\t<\/div>\n\t\t<\/div>\n\t\t\t\t<div class=\"elementor-column elementor-col-50 elementor-top-column elementor-element elementor-element-c7ff740 sc_inner_width_none sc_content_align_inherit sc_layouts_column_icons_position_left sc_fly_static\" data-id=\"c7ff740\" data-element_type=\"column\" data-e-type=\"column\">\n\t\t\t<div class=\"elementor-widget-wrap elementor-element-populated\">\n\t\t\t\t\t\t<div class=\"elementor-element elementor-element-9a3ecb7 sc_fly_static elementor-widget elementor-widget-text-editor\" data-id=\"9a3ecb7\" data-element_type=\"widget\" data-e-type=\"widget\" data-widget_type=\"text-editor.default\">\n\t\t\t\t<div class=\"elementor-widget-container\">\n\t\t\t\t\t\t\t\t\t<h3><strong>Featured Products:<\/strong><\/h3><h4><strong data-start=\"67\" data-end=\"85\">1. Alumil S700<\/strong><\/h4><ul data-start=\"89\" data-end=\"804\"><li data-start=\"89\" data-end=\"394\"><p data-start=\"91\" data-end=\"394\"><strong data-start=\"91\" data-end=\"107\">P\u00ebrshkrimi:<\/strong><br data-start=\"107\" data-end=\"110\" \/>Alumil S700 \u00ebsht\u00eb nj\u00eb sistem i dyerve rr\u00ebshqit\u00ebse prej alumini, i projektuar p\u00ebr hap\u00ebsira t\u00eb m\u00ebdha, duke kombinuar estetik\u00ebn moderne me izolim t\u00eb shk\u00eblqyer termik dhe q\u00ebndrueshm\u00ebri t\u00eb lart\u00eb. Profilet e holla lejojn\u00eb hyrjen maksimale t\u00eb drit\u00ebs natyrale, duke siguruar efikasitet energjetik dhe rr\u00ebshqitje t\u00eb leht\u00eb.<\/p><\/li><li data-start=\"396\" data-end=\"622\"><p data-start=\"398\" data-end=\"417\"><strong data-start=\"398\" data-end=\"415\">Karakteristikat Kryesore:<\/strong><\/p><ul data-start=\"420\" data-end=\"622\"><li data-start=\"420\" data-end=\"443\">Thell\u00ebsia e korniz\u00ebs: 70 mm.<\/li><li data-start=\"446\" data-end=\"493\">Izolimi termik: Uf deri n\u00eb 1.3 W\/m\u00b2K.<\/li><li data-start=\"496\" data-end=\"529\">Trash\u00ebsia e xhamit: Deri n\u00eb 50 mm.<\/li><li data-start=\"532\" data-end=\"580\">Opsionet e hapjes: Rr\u00ebshqit\u00ebse dhe ngrit\u00ebse-rr\u00ebshqit\u00ebse.<\/li><li data-start=\"583\" data-end=\"622\">Standardet: EN 14351-1, ISO 10077-2.<\/li><\/ul><\/li><li data-start=\"624\" data-end=\"804\"><p data-start=\"626\" data-end=\"804\"><strong data-start=\"626\" data-end=\"649\">Ideal i p\u00ebrshtatsh\u00ebm :<\/strong><br data-start=\"649\" data-end=\"652\" \/>Perfekte p\u00ebr hap\u00ebsira rezidenciale dhe komerciale luksoze q\u00eb k\u00ebrkojn\u00eb sip\u00ebrfaqe t\u00eb m\u00ebdha xhami, izolim t\u00eb shk\u00eblqyer termik dhe nj\u00eb dizajn modern arkitektonik.<\/p><\/li><\/ul>\t\t\t\t\t\t\t\t<\/div>\n\t\t\t\t<\/div>\n\t\t\t\t\t<\/div>\n\t\t<\/div>\n\t\t\t\t\t<\/div>\n\t\t<\/section>\n\t\t\t\t<section class=\"elementor-section elementor-top-section elementor-element elementor-element-ffef14e elementor-section-boxed elementor-section-height-default elementor-section-height-default sc_fly_static\" data-id=\"ffef14e\" data-element_type=\"section\" data-e-type=\"section\">\n\t\t\t\t\t\t<div class=\"elementor-container elementor-column-gap-extended\">\n\t\t\t\t\t<div class=\"elementor-column elementor-col-100 elementor-top-column elementor-element elementor-element-3c96aa0 sc_inner_width_none sc_content_align_inherit sc_layouts_column_icons_position_left sc_fly_static\" data-id=\"3c96aa0\" data-element_type=\"column\" data-e-type=\"column\">\n\t\t\t<div class=\"elementor-widget-wrap elementor-element-populated\">\n\t\t\t\t\t\t<div class=\"elementor-element elementor-element-3f4b27f elementor-widget-divider--view-line_text elementor-widget-divider--element-align-center sc_fly_static elementor-widget elementor-widget-divider\" data-id=\"3f4b27f\" data-element_type=\"widget\" data-e-type=\"widget\" data-widget_type=\"divider.default\">\n\t\t\t\t<div class=\"elementor-widget-container\">\n\t\t\t\t\t\t\t<div class=\"elementor-divider\">\n\t\t\t<span class=\"elementor-divider-separator\">\n\t\t\t\t\t\t\t<span class=\"elementor-divider__text elementor-divider__element\">\n\t\t\t\tK\u00ebrko nj\u00eb ofert\u00eb \t\t\t\t<\/span>\n\t\t\t\t\t\t<\/span>\n\t\t<\/div>\n\t\t\t\t\t\t<\/div>\n\t\t\t\t<\/div>\n\t\t\t\t<div class=\"elementor-element elementor-element-d10439a sc_fly_static elementor-widget elementor-widget-heading\" data-id=\"d10439a\" data-element_type=\"widget\" data-e-type=\"widget\" data-widget_type=\"heading.default\">\n\t\t\t\t<div class=\"elementor-widget-container\">\n\t\t\t\t\t<h4 class=\"elementor-heading-title elementor-size-default\">Merrni Ofert\u00ebn tuaj t\u00eb Personalizuar p\u00ebr Dritaren PVC! K\u00ebrkoni tani!<\/h4>\t\t\t\t<\/div>\n\t\t\t\t<\/div>\n\t\t\t\t<div class=\"elementor-element elementor-element-9b3530e sc_fly_static elementor-widget elementor-widget-trx_sc_button\" data-id=\"9b3530e\" data-element_type=\"widget\" data-e-type=\"widget\" data-widget_type=\"trx_sc_button.default\">\n\t\t\t\t<div class=\"elementor-widget-container\">\n\t\t\t\t\t<div\tclass=\"sc_item_button sc_button_wrap sc_align_center\" ><a href=\"https:\/\/atangroup.com\/sq\/request-a-quote\/\" class=\"sc_button sc_button_default sc_button_size_normal sc_button_with_icon sc_button_icon_right\" ><span class=\"sc_button_icon\"><span class=\"icon-logout\"><\/span><\/span><span class=\"sc_button_text\"><span class=\"sc_button_title\">K\u00ebrko nj\u00eb Ofert\u00eb<\/span><\/span><\/a><\/div>\t\t\t\t<\/div>\n\t\t\t\t<\/div>\n\t\t\t\t\t<\/div>\n\t\t<\/div>\n\t\t\t\t\t<\/div>\n\t\t<\/section>\n\t\t\t\t<\/div>","protected":false},"excerpt":{"rendered":"<p>Featured Products: 1. Alumil S700 Description:Alumil S700 is a high-end aluminum sliding door system designed for large openings, combining modern aesthetics with exceptional thermal insulation and durability. Its slim profiles&hellip;<\/p>","protected":false},"author":1,"featured_media":0,"parent":0,"menu_order":0,"comment_status":"closed","ping_status":"closed","template":"elementor_header_footer","meta":{"footnotes":"","_links_to":"","_links_to_target":""},"class_list":["post-27822","page","type-page","status-publish","hentry"],"yoast_head":"<!-- This site is optimized with the Yoast SEO Premium plugin v23.6 (Yoast SEO v27.2) - https:\/\/yoast.com\/product\/yoast-seo-premium-wordpress\/ -->\n<title>Alumil S700 \u2013 High-Performance Aluminum Windows &amp; Doors<\/title>\n<meta name=\"description\" content=\"Discover Alumil S700 aluminum windows and doors for superior thermal efficiency, durability, and modern design.\" \/>\n<meta name=\"robots\" content=\"index, follow, max-snippet:-1, max-image-preview:large, max-video-preview:-1\" \/>\n<link rel=\"canonical\" href=\"https:\/\/atangroup.com\/sq\/alumil-s700\/\" \/>\n<meta property=\"og:locale\" content=\"sq_AL\" \/>\n<meta property=\"og:type\" content=\"article\" \/>\n<meta property=\"og:title\" content=\"Alumil S700\" \/>\n<meta property=\"og:description\" content=\"Discover Alumil S700 aluminum windows and doors for superior thermal efficiency, durability, and modern design.\" \/>\n<meta property=\"og:url\" content=\"https:\/\/atangroup.com\/sq\/alumil-s700\/\" \/>\n<meta property=\"og:site_name\" content=\"Atan Group\" \/>\n<meta property=\"article:publisher\" content=\"https:\/\/www.facebook.com\/infissi24construction\" \/>\n<meta property=\"article:modified_time\" content=\"2025-08-25T20:18:12+00:00\" \/>\n<meta property=\"og:image\" content=\"https:\/\/atangroup.com\/wp-content\/uploads\/2024\/10\/ic-1200-x-675-px.png\" \/>\n\t<meta property=\"og:image:width\" content=\"1200\" \/>\n\t<meta property=\"og:image:height\" content=\"675\" \/>\n\t<meta property=\"og:image:type\" content=\"image\/png\" \/>\n<meta name=\"twitter:card\" content=\"summary_large_image\" \/>\n<meta name=\"twitter:site\" content=\"@ic_pvc_company\" \/>\n<meta name=\"twitter:label1\" content=\"Est. reading time\" \/>\n\t<meta name=\"twitter:data1\" content=\"1 minut\u00eb\" \/>\n<script type=\"application\/ld+json\" class=\"yoast-schema-graph\">{\"@context\":\"https:\/\/schema.org\",\"@graph\":[{\"@type\":\"WebPage\",\"@id\":\"https:\/\/atangroup.com\/alumil-s700\/\",\"url\":\"https:\/\/atangroup.com\/alumil-s700\/\",\"name\":\"Alumil S700 \u2013 High-Performance Aluminum Windows & Doors\",\"isPartOf\":{\"@id\":\"https:\/\/atangroup.com\/#website\"},\"datePublished\":\"2024-12-04T13:29:06+00:00\",\"dateModified\":\"2025-08-25T20:18:12+00:00\",\"description\":\"Discover Alumil S700 aluminum windows and doors for superior thermal efficiency, durability, and modern design.\",\"breadcrumb\":{\"@id\":\"https:\/\/atangroup.com\/alumil-s700\/#breadcrumb\"},\"inLanguage\":\"sq\",\"potentialAction\":[{\"@type\":\"ReadAction\",\"target\":[\"https:\/\/atangroup.com\/alumil-s700\/\"]}]},{\"@type\":\"BreadcrumbList\",\"@id\":\"https:\/\/atangroup.com\/alumil-s700\/#breadcrumb\",\"itemListElement\":[{\"@type\":\"ListItem\",\"position\":1,\"name\":\"Home\",\"item\":\"https:\/\/atangroup.com\/\"},{\"@type\":\"ListItem\",\"position\":2,\"name\":\"Alumil S700\"}]},{\"@type\":\"WebSite\",\"@id\":\"https:\/\/atangroup.com\/#website\",\"url\":\"https:\/\/atangroup.com\/\",\"name\":\"Infissi Construction\",\"description\":\"High Quality Windows &amp; Doors\",\"publisher\":{\"@id\":\"https:\/\/atangroup.com\/#organization\"},\"potentialAction\":[{\"@type\":\"SearchAction\",\"target\":{\"@type\":\"EntryPoint\",\"urlTemplate\":\"https:\/\/atangroup.com\/?s={search_term_string}\"},\"query-input\":{\"@type\":\"PropertyValueSpecification\",\"valueRequired\":true,\"valueName\":\"search_term_string\"}}],\"inLanguage\":\"sq\"},{\"@type\":\"Organization\",\"@id\":\"https:\/\/atangroup.com\/#organization\",\"name\":\"Infissi Construction\",\"url\":\"https:\/\/atangroup.com\/\",\"logo\":{\"@type\":\"ImageObject\",\"inLanguage\":\"sq\",\"@id\":\"https:\/\/atangroup.com\/#\/schema\/logo\/image\/\",\"url\":\"https:\/\/atangroup.com\/wp-content\/uploads\/2024\/10\/infissi-construction-logo-1.png\",\"contentUrl\":\"https:\/\/atangroup.com\/wp-content\/uploads\/2024\/10\/infissi-construction-logo-1.png\",\"width\":1080,\"height\":1080,\"caption\":\"Infissi Construction\"},\"image\":{\"@id\":\"https:\/\/atangroup.com\/#\/schema\/logo\/image\/\"},\"sameAs\":[\"https:\/\/www.facebook.com\/infissi24construction\",\"https:\/\/x.com\/ic_pvc_company\",\"https:\/\/www.instagram.com\/infissiconstruction\"]}]}<\/script>\n<!-- \/ Yoast SEO Premium plugin. -->","yoast_head_json":{"title":"Alumil S700 \u2013 High-Performance Aluminum Windows & Doors","description":"Discover Alumil S700 aluminum windows and doors for superior thermal efficiency, durability, and modern design.","robots":{"index":"index","follow":"follow","max-snippet":"max-snippet:-1","max-image-preview":"max-image-preview:large","max-video-preview":"max-video-preview:-1"},"canonical":"https:\/\/atangroup.com\/sq\/alumil-s700\/","og_locale":"sq_AL","og_type":"article","og_title":"Alumil S700","og_description":"Discover Alumil S700 aluminum windows and doors for superior thermal efficiency, durability, and modern design.","og_url":"https:\/\/atangroup.com\/sq\/alumil-s700\/","og_site_name":"Atan Group","article_publisher":"https:\/\/www.facebook.com\/infissi24construction","article_modified_time":"2025-08-25T20:18:12+00:00","og_image":[{"width":1200,"height":675,"url":"https:\/\/atangroup.com\/wp-content\/uploads\/2024\/10\/ic-1200-x-675-px.png","type":"image\/png"}],"twitter_card":"summary_large_image","twitter_site":"@ic_pvc_company","twitter_misc":{"Est. reading time":"1 minut\u00eb"},"schema":{"@context":"https:\/\/schema.org","@graph":[{"@type":"WebPage","@id":"https:\/\/atangroup.com\/alumil-s700\/","url":"https:\/\/atangroup.com\/alumil-s700\/","name":"Alumil S700 \u2013 High-Performance Aluminum Windows & Doors","isPartOf":{"@id":"https:\/\/atangroup.com\/#website"},"datePublished":"2024-12-04T13:29:06+00:00","dateModified":"2025-08-25T20:18:12+00:00","description":"Discover Alumil S700 aluminum windows and doors for superior thermal efficiency, durability, and modern design.","breadcrumb":{"@id":"https:\/\/atangroup.com\/alumil-s700\/#breadcrumb"},"inLanguage":"sq","potentialAction":[{"@type":"ReadAction","target":["https:\/\/atangroup.com\/alumil-s700\/"]}]},{"@type":"BreadcrumbList","@id":"https:\/\/atangroup.com\/alumil-s700\/#breadcrumb","itemListElement":[{"@type":"ListItem","position":1,"name":"Home","item":"https:\/\/atangroup.com\/"},{"@type":"ListItem","position":2,"name":"Alumil S700"}]},{"@type":"WebSite","@id":"https:\/\/atangroup.com\/#website","url":"https:\/\/atangroup.com\/","name":"Infissi Construction","description":"High Quality Windows &amp; Doors","publisher":{"@id":"https:\/\/atangroup.com\/#organization"},"potentialAction":[{"@type":"SearchAction","target":{"@type":"EntryPoint","urlTemplate":"https:\/\/atangroup.com\/?s={search_term_string}"},"query-input":{"@type":"PropertyValueSpecification","valueRequired":true,"valueName":"search_term_string"}}],"inLanguage":"sq"},{"@type":"Organization","@id":"https:\/\/atangroup.com\/#organization","name":"Infissi Construction","url":"https:\/\/atangroup.com\/","logo":{"@type":"ImageObject","inLanguage":"sq","@id":"https:\/\/atangroup.com\/#\/schema\/logo\/image\/","url":"https:\/\/atangroup.com\/wp-content\/uploads\/2024\/10\/infissi-construction-logo-1.png","contentUrl":"https:\/\/atangroup.com\/wp-content\/uploads\/2024\/10\/infissi-construction-logo-1.png","width":1080,"height":1080,"caption":"Infissi Construction"},"image":{"@id":"https:\/\/atangroup.com\/#\/schema\/logo\/image\/"},"sameAs":["https:\/\/www.facebook.com\/infissi24construction","https:\/\/x.com\/ic_pvc_company","https:\/\/www.instagram.com\/infissiconstruction"]}]}},"_links":{"self":[{"href":"https:\/\/atangroup.com\/sq\/wp-json\/wp\/v2\/pages\/27822","targetHints":{"allow":["GET"]}}],"collection":[{"href":"https:\/\/atangroup.com\/sq\/wp-json\/wp\/v2\/pages"}],"about":[{"href":"https:\/\/atangroup.com\/sq\/wp-json\/wp\/v2\/types\/page"}],"author":[{"embeddable":true,"href":"https:\/\/atangroup.com\/sq\/wp-json\/wp\/v2\/users\/1"}],"replies":[{"embeddable":true,"href":"https:\/\/atangroup.com\/sq\/wp-json\/wp\/v2\/comments?post=27822"}],"version-history":[{"count":21,"href":"https:\/\/atangroup.com\/sq\/wp-json\/wp\/v2\/pages\/27822\/revisions"}],"predecessor-version":[{"id":28191,"href":"https:\/\/atangroup.com\/sq\/wp-json\/wp\/v2\/pages\/27822\/revisions\/28191"}],"wp:attachment":[{"href":"https:\/\/atangroup.com\/sq\/wp-json\/wp\/v2\/media?parent=27822"}],"curies":[{"name":"wp","href":"https:\/\/api.w.org\/{rel}","templated":true}]}}