{"id":26936,"date":"2024-10-05T20:51:31","date_gmt":"2024-10-05T20:51:31","guid":{"rendered":"https:\/\/atangroup.com\/?page_id=26936"},"modified":"2025-02-11T16:49:20","modified_gmt":"2025-02-11T16:49:20","slug":"roller-shutters-secure-durable-and-energy-efficient","status":"publish","type":"page","link":"https:\/\/atangroup.com\/sq\/roller-shutters-secure-durable-and-energy-efficient\/","title":{"rendered":"Grilat me Rul \u2013 Siguri, Q\u00ebndrueshm\u00ebri dhe Efi\u00e7enc\u00eb Energjitike"},"content":{"rendered":"<div data-elementor-type=\"wp-page\" data-elementor-id=\"26936\" class=\"elementor elementor-26936\">\n\t\t\t\t\t\t<section class=\"elementor-section elementor-top-section elementor-element elementor-element-50ccb0c sc_layouts_hide_on_mobile elementor-section-boxed elementor-section-height-default elementor-section-height-default animation_type_block sc_fly_static elementor-invisible\" data-id=\"50ccb0c\" data-element_type=\"section\" data-e-type=\"section\" data-settings=\"{&quot;background_background&quot;:&quot;classic&quot;,&quot;animation&quot;:&quot;fadeInUp&quot;}\">\n\t\t\t\t\t\t<div class=\"elementor-container elementor-column-gap-extended\">\n\t\t\t\t\t<div class=\"elementor-column elementor-col-100 elementor-top-column elementor-element elementor-element-cf191c4 sc_inner_width_none sc_content_align_inherit sc_layouts_column_icons_position_left sc_fly_static\" data-id=\"cf191c4\" data-element_type=\"column\" data-e-type=\"column\">\n\t\t\t<div class=\"elementor-widget-wrap elementor-element-populated\">\n\t\t\t\t\t\t<section class=\"elementor-section elementor-inner-section elementor-element elementor-element-61aeaff elementor-section-boxed elementor-section-height-default elementor-section-height-default sc_fly_static\" data-id=\"61aeaff\" data-element_type=\"section\" data-e-type=\"section\">\n\t\t\t\t\t\t<div class=\"elementor-container elementor-column-gap-extended\">\n\t\t\t\t\t<div class=\"elementor-column elementor-col-100 elementor-inner-column elementor-element elementor-element-c7dc30d sc_inner_width_none sc_content_align_inherit sc_layouts_column_icons_position_left sc_fly_static\" data-id=\"c7dc30d\" data-element_type=\"column\" data-e-type=\"column\" data-settings=\"{&quot;background_background&quot;:&quot;classic&quot;}\">\n\t\t\t<div class=\"elementor-widget-wrap elementor-element-populated\">\n\t\t\t\t\t\t<div class=\"elementor-element elementor-element-2c7d1b1 sc_fly_static elementor-widget elementor-widget-text-editor\" data-id=\"2c7d1b1\" data-element_type=\"widget\" data-e-type=\"widget\" data-widget_type=\"text-editor.default\">\n\t\t\t\t<div class=\"elementor-widget-container\">\n\t\t\t\t\t\t\t\t\t<p><strong>Grilat me Rul<\/strong> ofrojn\u00eb nj\u00eb zgjidhje t\u00eb fuqishme dhe t\u00eb gjithanshme p\u00ebr mbrojtjen e sht\u00ebpive dhe bizneseve. T\u00eb dizajnuara p\u00ebr siguri, privat\u00ebsi dhe efi\u00e7enc\u00eb energjitike, k\u00ebto grila jan\u00eb ideale p\u00ebr dritare dhe dyer, duke siguruar nj\u00eb barrier\u00eb mbrojt\u00ebse kund\u00ebr nd\u00ebrhyr\u00ebsve, kushteve t\u00eb ashpra atmosferike dhe drit\u00ebs s\u00eb pad\u00ebshiruar. T\u00eb prodhuara nga materiale cil\u00ebsore si alumini ose PVC, <strong>Grilat me Rul<\/strong> garantojn\u00eb q\u00ebndrueshm\u00ebri afatgjat\u00eb dhe mir\u00ebmbajtje t\u00eb ul\u00ebt, duke i b\u00ebr\u00eb nj\u00eb zgjedhje t\u00eb preferuar p\u00ebr prona rezidenciale dhe komerciale.<\/p>\t\t\t\t\t\t\t\t<\/div>\n\t\t\t\t<\/div>\n\t\t\t\t\t<\/div>\n\t\t<\/div>\n\t\t\t\t\t<\/div>\n\t\t<\/section>\n\t\t\t\t\t<\/div>\n\t\t<\/div>\n\t\t\t\t\t<\/div>\n\t\t<\/section>\n\t\t\t\t<section class=\"elementor-section elementor-top-section elementor-element elementor-element-cd1f6e8 sc_layouts_hide_on_wide sc_layouts_hide_on_desktop sc_layouts_hide_on_notebook sc_layouts_hide_on_tablet elementor-section-boxed elementor-section-height-default elementor-section-height-default sc_fly_static\" data-id=\"cd1f6e8\" data-element_type=\"section\" data-e-type=\"section\" data-settings=\"{&quot;background_background&quot;:&quot;classic&quot;}\">\n\t\t\t\t\t\t<div class=\"elementor-container elementor-column-gap-extended\">\n\t\t\t\t\t<div class=\"elementor-column elementor-col-100 elementor-top-column elementor-element elementor-element-315d565 sc_inner_width_none sc_content_align_inherit sc_layouts_column_icons_position_left sc_fly_static\" data-id=\"315d565\" data-element_type=\"column\" data-e-type=\"column\" data-settings=\"{&quot;background_background&quot;:&quot;classic&quot;,&quot;animation_mobile&quot;:&quot;fadeInUp&quot;}\">\n\t\t\t<div class=\"elementor-widget-wrap elementor-element-populated\">\n\t\t\t\t\t\t<section class=\"elementor-section elementor-inner-section elementor-element elementor-element-10afc7d elementor-section-boxed elementor-section-height-default elementor-section-height-default animation_type_block sc_fly_static elementor-invisible\" data-id=\"10afc7d\" data-element_type=\"section\" data-e-type=\"section\" data-settings=\"{&quot;background_background&quot;:&quot;classic&quot;,&quot;animation&quot;:&quot;fadeInUp&quot;}\">\n\t\t\t\t\t\t<div class=\"elementor-container elementor-column-gap-extended\">\n\t\t\t\t\t<div class=\"elementor-column elementor-col-100 elementor-inner-column elementor-element elementor-element-163ef46 sc_inner_width_none sc_content_align_inherit sc_layouts_column_icons_position_left sc_fly_static\" data-id=\"163ef46\" data-element_type=\"column\" data-e-type=\"column\" data-settings=\"{&quot;background_background&quot;:&quot;classic&quot;}\">\n\t\t\t<div class=\"elementor-widget-wrap elementor-element-populated\">\n\t\t\t\t\t\t<div class=\"elementor-element elementor-element-49b1a49 sc_fly_static elementor-widget elementor-widget-text-editor\" data-id=\"49b1a49\" data-element_type=\"widget\" data-e-type=\"widget\" data-widget_type=\"text-editor.default\">\n\t\t\t\t<div class=\"elementor-widget-container\">\n\t\t\t\t\t\t\t\t\t<p><strong>Grilat me Rul<\/strong> ofrojn\u00eb nj\u00eb zgjidhje t\u00eb fuqishme dhe t\u00eb gjithanshme p\u00ebr mbrojtjen e sht\u00ebpive dhe bizneseve. T\u00eb dizajnuara p\u00ebr siguri, privat\u00ebsi dhe efi\u00e7enc\u00eb energjitike, k\u00ebto grila jan\u00eb ideale p\u00ebr dritare dhe dyer, duke siguruar nj\u00eb barrier\u00eb mbrojt\u00ebse kund\u00ebr nd\u00ebrhyr\u00ebsve, kushteve t\u00eb ashpra atmosferike dhe drit\u00ebs s\u00eb pad\u00ebshiruar. T\u00eb prodhuara nga materiale cil\u00ebsore si alumini ose PVC, <strong>Grilat me Rul<\/strong> garantojn\u00eb q\u00ebndrueshm\u00ebri afatgjat\u00eb dhe mir\u00ebmbajtje t\u00eb ul\u00ebt, duke i b\u00ebr\u00eb nj\u00eb zgjedhje t\u00eb preferuar p\u00ebr prona rezidenciale dhe komerciale.<\/p>\t\t\t\t\t\t\t\t<\/div>\n\t\t\t\t<\/div>\n\t\t\t\t\t<\/div>\n\t\t<\/div>\n\t\t\t\t\t<\/div>\n\t\t<\/section>\n\t\t\t\t\t<\/div>\n\t\t<\/div>\n\t\t\t\t\t<\/div>\n\t\t<\/section>\n\t\t\t\t<section class=\"elementor-section elementor-top-section elementor-element elementor-element-50571fc elementor-section-boxed elementor-section-height-default elementor-section-height-default sc_fly_static\" data-id=\"50571fc\" data-element_type=\"section\" data-e-type=\"section\">\n\t\t\t\t\t\t<div class=\"elementor-container elementor-column-gap-extended\">\n\t\t\t\t\t<div class=\"elementor-column elementor-col-50 elementor-top-column elementor-element elementor-element-80fde02 sc_inner_width_none sc_content_align_inherit sc_layouts_column_icons_position_left sc_fly_static\" data-id=\"80fde02\" data-element_type=\"column\" data-e-type=\"column\">\n\t\t\t<div class=\"elementor-widget-wrap elementor-element-populated\">\n\t\t\t\t\t\t<div class=\"elementor-element elementor-element-09ca1bb elementor-widget-tablet__width-initial sc_fly_static elementor-widget elementor-widget-text-editor\" data-id=\"09ca1bb\" data-element_type=\"widget\" data-e-type=\"widget\" data-widget_type=\"text-editor.default\">\n\t\t\t\t<div class=\"elementor-widget-container\">\n\t\t\t\t\t\t\t\t\t<h4><strong>Karakteristikat Kryesore t\u00eb Grilave me Rul:<\/strong><\/h4><ol><li><strong>Siguri e P\u00ebrmir\u00ebsuar<\/strong>: T\u00eb forta dhe t\u00eb q\u00ebndrueshme, k\u00ebto grila veprojn\u00eb si nj\u00eb penges\u00eb efektive kund\u00ebr vjedhjeve dhe vandalizmit.<\/li><li><strong>Efi\u00e7enc\u00eb Energjitike<\/strong>: Sigurojn\u00eb izolim t\u00eb shk\u00eblqyer termik, duke ndihmuar n\u00eb uljen e kostove t\u00eb ngrohjes dhe ftohjes me ruajtjen e nj\u00eb temperature t\u00eb q\u00ebndrueshme brenda.<\/li><li><strong>Mbrojtje ndaj Motit<\/strong>: Mbrojn\u00eb dritaret dhe dyert nga kushtet ekstreme atmosferike si era, shiu dhe bresh\u00ebri.<\/li><li><strong>Reduktim i Zhurm\u00ebs<\/strong>: Ofron izolim akustik, duke bllokuar zhurmat e jashtme dhe duke krijuar nj\u00eb mjedis t\u00eb brendsh\u00ebm m\u00eb t\u00eb qet\u00eb.<\/li><li><strong>Privat\u00ebsi dhe Kontroll i Drit\u00ebs<\/strong>: Leht\u00eb t\u00eb rregullueshme p\u00ebr t\u00eb kontrolluar sasin\u00eb e drit\u00ebs q\u00eb hyn n\u00eb dhom\u00eb, duke garantuar nj\u00ebkoh\u00ebsisht privat\u00ebsi.<\/li><li><strong>Materiale t\u00eb Q\u00ebndrueshme<\/strong>: T\u00eb prodhuara nga materiale rezistente si alumini ose PVC, p\u00ebr performanc\u00eb t\u00eb gjat\u00eb dhe rezistenc\u00eb ndaj konsumit.<\/li><li><strong>Personalizueshme<\/strong>: T\u00eb disponueshme n\u00eb nj\u00eb gam\u00eb t\u00eb gjer\u00eb ngjyrash dhe stil\u00ebsh p\u00ebr t'u p\u00ebrshtatur me estetiken e \u00e7do prone.<\/li><\/ol>\t\t\t\t\t\t\t\t<\/div>\n\t\t\t\t<\/div>\n\t\t\t\t\t<\/div>\n\t\t<\/div>\n\t\t\t\t<div class=\"elementor-column elementor-col-50 elementor-top-column elementor-element elementor-element-117357d sc_inner_width_none sc_content_align_inherit sc_layouts_column_icons_position_left animation_type_block sc_fly_static elementor-invisible\" data-id=\"117357d\" data-element_type=\"column\" data-e-type=\"column\" data-settings=\"{&quot;animation&quot;:&quot;fadeInUp&quot;}\">\n\t\t\t<div class=\"elementor-widget-wrap elementor-element-populated\">\n\t\t\t\t\t\t<div class=\"elementor-element elementor-element-cf89d53 sc_fly_static elementor-widget elementor-widget-image\" data-id=\"cf89d53\" data-element_type=\"widget\" data-e-type=\"widget\" data-widget_type=\"image.default\">\n\t\t\t\t<div class=\"elementor-widget-container\">\n\t\t\t\t\t\t\t\t\t\t\t\t\t\t\t<img decoding=\"async\" src=\"https:\/\/atangroup.com\/wp-content\/uploads\/elementor\/thumbs\/roller-shutters-qv4o4up32lr3wjlyjwaaeczpj3wy4ryrfe58ebjkem.png\" title=\"roller-shutters\" alt=\"roller shutters\" loading=\"lazy\" \/>\t\t\t\t\t\t\t\t\t\t\t\t\t\t\t<\/div>\n\t\t\t\t<\/div>\n\t\t\t\t\t<\/div>\n\t\t<\/div>\n\t\t\t\t\t<\/div>\n\t\t<\/section>\n\t\t\t\t<section class=\"elementor-section elementor-top-section elementor-element elementor-element-cfdbbe9 elementor-section-boxed elementor-section-height-default elementor-section-height-default sc_fly_static\" data-id=\"cfdbbe9\" data-element_type=\"section\" data-e-type=\"section\">\n\t\t\t\t\t\t<div class=\"elementor-container elementor-column-gap-extended\">\n\t\t\t\t\t<div class=\"elementor-column elementor-col-100 elementor-top-column elementor-element elementor-element-cbf4cef sc_inner_width_none sc_content_align_inherit sc_layouts_column_icons_position_left sc_fly_static\" data-id=\"cbf4cef\" data-element_type=\"column\" data-e-type=\"column\">\n\t\t\t<div class=\"elementor-widget-wrap elementor-element-populated\">\n\t\t\t\t\t\t<div class=\"elementor-element elementor-element-290ac05 elementor-widget-divider--view-line_text elementor-widget-divider--element-align-center sc_fly_static elementor-widget elementor-widget-divider\" data-id=\"290ac05\" data-element_type=\"widget\" data-e-type=\"widget\" data-widget_type=\"divider.default\">\n\t\t\t\t<div class=\"elementor-widget-container\">\n\t\t\t\t\t\t\t<div class=\"elementor-divider\">\n\t\t\t<span class=\"elementor-divider-separator\">\n\t\t\t\t\t\t\t<span class=\"elementor-divider__text elementor-divider__element\">\n\t\t\t\tK\u00ebrko nj\u00eb ofert\u00eb \t\t\t\t<\/span>\n\t\t\t\t\t\t<\/span>\n\t\t<\/div>\n\t\t\t\t\t\t<\/div>\n\t\t\t\t<\/div>\n\t\t\t\t<div class=\"elementor-element elementor-element-c0d9f24 sc_fly_static elementor-widget elementor-widget-heading\" data-id=\"c0d9f24\" data-element_type=\"widget\" data-e-type=\"widget\" data-widget_type=\"heading.default\">\n\t\t\t\t<div class=\"elementor-widget-container\">\n\t\t\t\t\t<h4 class=\"elementor-heading-title elementor-size-default\">Merrni Ofert\u00ebn tuaj t\u00eb Personalizuar p\u00ebr Dritaren PVC! K\u00ebrkoni tani!<\/h4>\t\t\t\t<\/div>\n\t\t\t\t<\/div>\n\t\t\t\t<div class=\"elementor-element elementor-element-9aa2f6e sc_fly_static elementor-widget elementor-widget-trx_sc_button\" data-id=\"9aa2f6e\" data-element_type=\"widget\" data-e-type=\"widget\" data-widget_type=\"trx_sc_button.default\">\n\t\t\t\t<div class=\"elementor-widget-container\">\n\t\t\t\t\t<div\tclass=\"sc_item_button sc_button_wrap sc_align_center\" ><a href=\"https:\/\/atangroup.com\/sq\/request-a-quote\/\" class=\"sc_button sc_button_default sc_button_size_normal sc_button_with_icon sc_button_icon_right\" ><span class=\"sc_button_icon\"><span class=\"icon-logout\"><\/span><\/span><span class=\"sc_button_text\"><span class=\"sc_button_title\">K\u00ebrko nj\u00eb Ofert\u00eb<\/span><\/span><\/a><\/div>\t\t\t\t<\/div>\n\t\t\t\t<\/div>\n\t\t\t\t\t<\/div>\n\t\t<\/div>\n\t\t\t\t\t<\/div>\n\t\t<\/section>\n\t\t\t\t<\/div>","protected":false},"excerpt":{"rendered":"<p>Roller Shutters offer a robust and versatile solution for protecting homes and businesses. Designed for security, privacy, and energy efficiency, these shutters are ideal for windows and doors, providing a&hellip;<\/p>","protected":false},"author":1,"featured_media":0,"parent":0,"menu_order":0,"comment_status":"closed","ping_status":"closed","template":"elementor_header_footer","meta":{"footnotes":"","_links_to":"","_links_to_target":""},"class_list":["post-26936","page","type-page","status-publish","hentry"],"yoast_head":"<!-- This site is optimized with the Yoast SEO Premium plugin v23.6 (Yoast SEO v27.2) - https:\/\/yoast.com\/product\/yoast-seo-premium-wordpress\/ -->\n<title>Roller Shutters \u2013 Secure, Durable &amp; Energy-Efficient<\/title>\n<meta name=\"description\" content=\"Discover roller shutters for enhanced security, durability, and energy efficiency. Perfect for homes and businesses.\" \/>\n<meta name=\"robots\" content=\"index, follow, max-snippet:-1, max-image-preview:large, max-video-preview:-1\" \/>\n<link rel=\"canonical\" href=\"https:\/\/atangroup.com\/sq\/roller-shutters-secure-durable-and-energy-efficient\/\" \/>\n<meta property=\"og:locale\" content=\"sq_AL\" \/>\n<meta property=\"og:type\" content=\"article\" \/>\n<meta property=\"og:title\" content=\"Roller Shutters - Secure, Durable, and Energy-Efficient\" \/>\n<meta property=\"og:description\" content=\"Discover roller shutters for enhanced security, durability, and energy efficiency. Perfect for homes and businesses.\" \/>\n<meta property=\"og:url\" content=\"https:\/\/atangroup.com\/sq\/roller-shutters-secure-durable-and-energy-efficient\/\" \/>\n<meta property=\"og:site_name\" content=\"Atan Group\" \/>\n<meta property=\"article:publisher\" content=\"https:\/\/www.facebook.com\/infissi24construction\" \/>\n<meta property=\"article:modified_time\" content=\"2025-02-11T16:49:20+00:00\" \/>\n<meta property=\"og:image\" content=\"https:\/\/atangroup.com\/wp-content\/uploads\/elementor\/thumbs\/roller-shutters-qv4o4up32lr3wjlyjwaaeczpj3wy4ryrfe58ebjkem.png\" \/>\n<meta name=\"twitter:card\" content=\"summary_large_image\" \/>\n<meta name=\"twitter:site\" content=\"@ic_pvc_company\" \/>\n<meta name=\"twitter:label1\" content=\"Est. reading time\" \/>\n\t<meta name=\"twitter:data1\" content=\"2 minuta\" \/>\n<script type=\"application\/ld+json\" class=\"yoast-schema-graph\">{\"@context\":\"https:\/\/schema.org\",\"@graph\":[{\"@type\":\"WebPage\",\"@id\":\"https:\/\/atangroup.com\/roller-shutters-secure-durable-and-energy-efficient\/\",\"url\":\"https:\/\/atangroup.com\/roller-shutters-secure-durable-and-energy-efficient\/\",\"name\":\"Roller Shutters \u2013 Secure, Durable & Energy-Efficient\",\"isPartOf\":{\"@id\":\"https:\/\/atangroup.com\/#website\"},\"primaryImageOfPage\":{\"@id\":\"https:\/\/atangroup.com\/roller-shutters-secure-durable-and-energy-efficient\/#primaryimage\"},\"image\":{\"@id\":\"https:\/\/atangroup.com\/roller-shutters-secure-durable-and-energy-efficient\/#primaryimage\"},\"thumbnailUrl\":\"https:\/\/atangroup.com\/wp-content\/uploads\/elementor\/thumbs\/roller-shutters-qv4o4up32lr3wjlyjwaaeczpj3wy4ryrfe58ebjkem.png\",\"datePublished\":\"2024-10-05T20:51:31+00:00\",\"dateModified\":\"2025-02-11T16:49:20+00:00\",\"description\":\"Discover roller shutters for enhanced security, durability, and energy efficiency. Perfect for homes and businesses.\",\"breadcrumb\":{\"@id\":\"https:\/\/atangroup.com\/roller-shutters-secure-durable-and-energy-efficient\/#breadcrumb\"},\"inLanguage\":\"sq\",\"potentialAction\":[{\"@type\":\"ReadAction\",\"target\":[\"https:\/\/atangroup.com\/roller-shutters-secure-durable-and-energy-efficient\/\"]}]},{\"@type\":\"ImageObject\",\"inLanguage\":\"sq\",\"@id\":\"https:\/\/atangroup.com\/roller-shutters-secure-durable-and-energy-efficient\/#primaryimage\",\"url\":\"https:\/\/atangroup.com\/wp-content\/uploads\/elementor\/thumbs\/roller-shutters-qv4o4up32lr3wjlyjwaaeczpj3wy4ryrfe58ebjkem.png\",\"contentUrl\":\"https:\/\/atangroup.com\/wp-content\/uploads\/elementor\/thumbs\/roller-shutters-qv4o4up32lr3wjlyjwaaeczpj3wy4ryrfe58ebjkem.png\"},{\"@type\":\"BreadcrumbList\",\"@id\":\"https:\/\/atangroup.com\/roller-shutters-secure-durable-and-energy-efficient\/#breadcrumb\",\"itemListElement\":[{\"@type\":\"ListItem\",\"position\":1,\"name\":\"Home\",\"item\":\"https:\/\/atangroup.com\/\"},{\"@type\":\"ListItem\",\"position\":2,\"name\":\"Roller Shutters &#8211; Secure, Durable, and Energy-Efficient\"}]},{\"@type\":\"WebSite\",\"@id\":\"https:\/\/atangroup.com\/#website\",\"url\":\"https:\/\/atangroup.com\/\",\"name\":\"Infissi Construction\",\"description\":\"High Quality Windows &amp; Doors\",\"publisher\":{\"@id\":\"https:\/\/atangroup.com\/#organization\"},\"potentialAction\":[{\"@type\":\"SearchAction\",\"target\":{\"@type\":\"EntryPoint\",\"urlTemplate\":\"https:\/\/atangroup.com\/?s={search_term_string}\"},\"query-input\":{\"@type\":\"PropertyValueSpecification\",\"valueRequired\":true,\"valueName\":\"search_term_string\"}}],\"inLanguage\":\"sq\"},{\"@type\":\"Organization\",\"@id\":\"https:\/\/atangroup.com\/#organization\",\"name\":\"Infissi Construction\",\"url\":\"https:\/\/atangroup.com\/\",\"logo\":{\"@type\":\"ImageObject\",\"inLanguage\":\"sq\",\"@id\":\"https:\/\/atangroup.com\/#\/schema\/logo\/image\/\",\"url\":\"https:\/\/atangroup.com\/wp-content\/uploads\/2024\/10\/infissi-construction-logo-1.png\",\"contentUrl\":\"https:\/\/atangroup.com\/wp-content\/uploads\/2024\/10\/infissi-construction-logo-1.png\",\"width\":1080,\"height\":1080,\"caption\":\"Infissi Construction\"},\"image\":{\"@id\":\"https:\/\/atangroup.com\/#\/schema\/logo\/image\/\"},\"sameAs\":[\"https:\/\/www.facebook.com\/infissi24construction\",\"https:\/\/x.com\/ic_pvc_company\",\"https:\/\/www.instagram.com\/infissiconstruction\"]}]}<\/script>\n<!-- \/ Yoast SEO Premium plugin. -->","yoast_head_json":{"title":"Roller Shutters \u2013 Secure, Durable & Energy-Efficient","description":"Discover roller shutters for enhanced security, durability, and energy efficiency. Perfect for homes and businesses.","robots":{"index":"index","follow":"follow","max-snippet":"max-snippet:-1","max-image-preview":"max-image-preview:large","max-video-preview":"max-video-preview:-1"},"canonical":"https:\/\/atangroup.com\/sq\/roller-shutters-secure-durable-and-energy-efficient\/","og_locale":"sq_AL","og_type":"article","og_title":"Roller Shutters - Secure, Durable, and Energy-Efficient","og_description":"Discover roller shutters for enhanced security, durability, and energy efficiency. Perfect for homes and businesses.","og_url":"https:\/\/atangroup.com\/sq\/roller-shutters-secure-durable-and-energy-efficient\/","og_site_name":"Atan Group","article_publisher":"https:\/\/www.facebook.com\/infissi24construction","article_modified_time":"2025-02-11T16:49:20+00:00","og_image":[{"url":"https:\/\/atangroup.com\/wp-content\/uploads\/elementor\/thumbs\/roller-shutters-qv4o4up32lr3wjlyjwaaeczpj3wy4ryrfe58ebjkem.png","type":"","width":"","height":""}],"twitter_card":"summary_large_image","twitter_site":"@ic_pvc_company","twitter_misc":{"Est. reading time":"2 minuta"},"schema":{"@context":"https:\/\/schema.org","@graph":[{"@type":"WebPage","@id":"https:\/\/atangroup.com\/roller-shutters-secure-durable-and-energy-efficient\/","url":"https:\/\/atangroup.com\/roller-shutters-secure-durable-and-energy-efficient\/","name":"Roller Shutters \u2013 Secure, Durable & Energy-Efficient","isPartOf":{"@id":"https:\/\/atangroup.com\/#website"},"primaryImageOfPage":{"@id":"https:\/\/atangroup.com\/roller-shutters-secure-durable-and-energy-efficient\/#primaryimage"},"image":{"@id":"https:\/\/atangroup.com\/roller-shutters-secure-durable-and-energy-efficient\/#primaryimage"},"thumbnailUrl":"https:\/\/atangroup.com\/wp-content\/uploads\/elementor\/thumbs\/roller-shutters-qv4o4up32lr3wjlyjwaaeczpj3wy4ryrfe58ebjkem.png","datePublished":"2024-10-05T20:51:31+00:00","dateModified":"2025-02-11T16:49:20+00:00","description":"Discover roller shutters for enhanced security, durability, and energy efficiency. Perfect for homes and businesses.","breadcrumb":{"@id":"https:\/\/atangroup.com\/roller-shutters-secure-durable-and-energy-efficient\/#breadcrumb"},"inLanguage":"sq","potentialAction":[{"@type":"ReadAction","target":["https:\/\/atangroup.com\/roller-shutters-secure-durable-and-energy-efficient\/"]}]},{"@type":"ImageObject","inLanguage":"sq","@id":"https:\/\/atangroup.com\/roller-shutters-secure-durable-and-energy-efficient\/#primaryimage","url":"https:\/\/atangroup.com\/wp-content\/uploads\/elementor\/thumbs\/roller-shutters-qv4o4up32lr3wjlyjwaaeczpj3wy4ryrfe58ebjkem.png","contentUrl":"https:\/\/atangroup.com\/wp-content\/uploads\/elementor\/thumbs\/roller-shutters-qv4o4up32lr3wjlyjwaaeczpj3wy4ryrfe58ebjkem.png"},{"@type":"BreadcrumbList","@id":"https:\/\/atangroup.com\/roller-shutters-secure-durable-and-energy-efficient\/#breadcrumb","itemListElement":[{"@type":"ListItem","position":1,"name":"Home","item":"https:\/\/atangroup.com\/"},{"@type":"ListItem","position":2,"name":"Roller Shutters &#8211; Secure, Durable, and Energy-Efficient"}]},{"@type":"WebSite","@id":"https:\/\/atangroup.com\/#website","url":"https:\/\/atangroup.com\/","name":"Infissi Construction","description":"High Quality Windows &amp; Doors","publisher":{"@id":"https:\/\/atangroup.com\/#organization"},"potentialAction":[{"@type":"SearchAction","target":{"@type":"EntryPoint","urlTemplate":"https:\/\/atangroup.com\/?s={search_term_string}"},"query-input":{"@type":"PropertyValueSpecification","valueRequired":true,"valueName":"search_term_string"}}],"inLanguage":"sq"},{"@type":"Organization","@id":"https:\/\/atangroup.com\/#organization","name":"Infissi Construction","url":"https:\/\/atangroup.com\/","logo":{"@type":"ImageObject","inLanguage":"sq","@id":"https:\/\/atangroup.com\/#\/schema\/logo\/image\/","url":"https:\/\/atangroup.com\/wp-content\/uploads\/2024\/10\/infissi-construction-logo-1.png","contentUrl":"https:\/\/atangroup.com\/wp-content\/uploads\/2024\/10\/infissi-construction-logo-1.png","width":1080,"height":1080,"caption":"Infissi Construction"},"image":{"@id":"https:\/\/atangroup.com\/#\/schema\/logo\/image\/"},"sameAs":["https:\/\/www.facebook.com\/infissi24construction","https:\/\/x.com\/ic_pvc_company","https:\/\/www.instagram.com\/infissiconstruction"]}]}},"_links":{"self":[{"href":"https:\/\/atangroup.com\/sq\/wp-json\/wp\/v2\/pages\/26936","targetHints":{"allow":["GET"]}}],"collection":[{"href":"https:\/\/atangroup.com\/sq\/wp-json\/wp\/v2\/pages"}],"about":[{"href":"https:\/\/atangroup.com\/sq\/wp-json\/wp\/v2\/types\/page"}],"author":[{"embeddable":true,"href":"https:\/\/atangroup.com\/sq\/wp-json\/wp\/v2\/users\/1"}],"replies":[{"embeddable":true,"href":"https:\/\/atangroup.com\/sq\/wp-json\/wp\/v2\/comments?post=26936"}],"version-history":[{"count":1,"href":"https:\/\/atangroup.com\/sq\/wp-json\/wp\/v2\/pages\/26936\/revisions"}],"predecessor-version":[{"id":27975,"href":"https:\/\/atangroup.com\/sq\/wp-json\/wp\/v2\/pages\/26936\/revisions\/27975"}],"wp:attachment":[{"href":"https:\/\/atangroup.com\/sq\/wp-json\/wp\/v2\/media?parent=26936"}],"curies":[{"name":"wp","href":"https:\/\/api.w.org\/{rel}","templated":true}]}}