{"id":26924,"date":"2024-10-05T20:25:57","date_gmt":"2024-10-05T20:25:57","guid":{"rendered":"https:\/\/atangroup.com\/?page_id=26924"},"modified":"2025-02-11T16:35:43","modified_gmt":"2025-02-11T16:35:43","slug":"persian-window-blinds-stylish-privacy-and-energy-efficiency","status":"publish","type":"page","link":"https:\/\/atangroup.com\/sq\/persian-window-blinds-stylish-privacy-and-energy-efficiency\/","title":{"rendered":"Dritaret Persiane \u2013 Privat\u00ebsi me Stil dhe Efi\u00e7enc\u00eb Energjitike"},"content":{"rendered":"<div data-elementor-type=\"wp-page\" data-elementor-id=\"26924\" class=\"elementor elementor-26924\">\n\t\t\t\t\t\t<section class=\"elementor-section elementor-top-section elementor-element elementor-element-e0d6955 sc_layouts_hide_on_mobile elementor-section-boxed elementor-section-height-default elementor-section-height-default animation_type_block sc_fly_static elementor-invisible\" data-id=\"e0d6955\" data-element_type=\"section\" data-e-type=\"section\" data-settings=\"{&quot;background_background&quot;:&quot;classic&quot;,&quot;animation&quot;:&quot;fadeInUp&quot;}\">\n\t\t\t\t\t\t<div class=\"elementor-container elementor-column-gap-extended\">\n\t\t\t\t\t<div class=\"elementor-column elementor-col-100 elementor-top-column elementor-element elementor-element-93b7ba8 sc_inner_width_none sc_content_align_inherit sc_layouts_column_icons_position_left sc_fly_static\" data-id=\"93b7ba8\" data-element_type=\"column\" data-e-type=\"column\">\n\t\t\t<div class=\"elementor-widget-wrap elementor-element-populated\">\n\t\t\t\t\t\t<section class=\"elementor-section elementor-inner-section elementor-element elementor-element-f353c10 elementor-section-boxed elementor-section-height-default elementor-section-height-default sc_fly_static\" data-id=\"f353c10\" data-element_type=\"section\" data-e-type=\"section\">\n\t\t\t\t\t\t<div class=\"elementor-container elementor-column-gap-extended\">\n\t\t\t\t\t<div class=\"elementor-column elementor-col-100 elementor-inner-column elementor-element elementor-element-864539c sc_inner_width_none sc_content_align_inherit sc_layouts_column_icons_position_left sc_fly_static\" data-id=\"864539c\" data-element_type=\"column\" data-e-type=\"column\" data-settings=\"{&quot;background_background&quot;:&quot;classic&quot;}\">\n\t\t\t<div class=\"elementor-widget-wrap elementor-element-populated\">\n\t\t\t\t\t\t<div class=\"elementor-element elementor-element-878819e sc_fly_static elementor-widget elementor-widget-text-editor\" data-id=\"878819e\" data-element_type=\"widget\" data-e-type=\"widget\" data-widget_type=\"text-editor.default\">\n\t\t\t\t<div class=\"elementor-widget-container\">\n\t\t\t\t\t\t\t\t\t<p><strong>Dritaret Persiane<\/strong> ofrojn\u00eb nj\u00eb kombinim t\u00eb p\u00ebrsosur mes estetik\u00ebs dhe funksionalitetit praktik. T\u00eb frym\u00ebzuara nga dizajnet tradicionale persiane, k\u00ebto perde jo vet\u00ebm q\u00eb p\u00ebrmir\u00ebsojn\u00eb pamjen e hap\u00ebsir\u00ebs tuaj, por gjithashtu ofrojn\u00eb kontroll t\u00eb shk\u00eblqyer mbi drit\u00ebn natyrale dhe privat\u00ebsin\u00eb. Pavar\u00ebsisht n\u00ebse d\u00ebshironi t\u00eb bllokoni diellin apo t\u00eb krijoni nj\u00eb atmosfer\u00eb m\u00eb t\u00eb but\u00eb, <strong>Dritaret Persiane<\/strong> jan\u00eb projektuar p\u00ebr t\u00eb p\u00ebrshtatur si interier\u00ebt modern\u00eb, ashtu edhe ata klasik\u00eb.<\/p>\t\t\t\t\t\t\t\t<\/div>\n\t\t\t\t<\/div>\n\t\t\t\t\t<\/div>\n\t\t<\/div>\n\t\t\t\t\t<\/div>\n\t\t<\/section>\n\t\t\t\t\t<\/div>\n\t\t<\/div>\n\t\t\t\t\t<\/div>\n\t\t<\/section>\n\t\t\t\t<section class=\"elementor-section elementor-top-section elementor-element elementor-element-407ab4b sc_layouts_hide_on_wide sc_layouts_hide_on_desktop sc_layouts_hide_on_notebook sc_layouts_hide_on_tablet elementor-section-boxed elementor-section-height-default elementor-section-height-default sc_fly_static\" data-id=\"407ab4b\" data-element_type=\"section\" data-e-type=\"section\" data-settings=\"{&quot;background_background&quot;:&quot;classic&quot;}\">\n\t\t\t\t\t\t<div class=\"elementor-container elementor-column-gap-extended\">\n\t\t\t\t\t<div class=\"elementor-column elementor-col-100 elementor-top-column elementor-element elementor-element-1de25f2 sc_inner_width_none sc_content_align_inherit sc_layouts_column_icons_position_left sc_fly_static\" data-id=\"1de25f2\" data-element_type=\"column\" data-e-type=\"column\" data-settings=\"{&quot;background_background&quot;:&quot;classic&quot;,&quot;animation_mobile&quot;:&quot;fadeInUp&quot;}\">\n\t\t\t<div class=\"elementor-widget-wrap elementor-element-populated\">\n\t\t\t\t\t\t<section class=\"elementor-section elementor-inner-section elementor-element elementor-element-cc01652 elementor-section-boxed elementor-section-height-default elementor-section-height-default animation_type_block sc_fly_static elementor-invisible\" data-id=\"cc01652\" data-element_type=\"section\" data-e-type=\"section\" data-settings=\"{&quot;background_background&quot;:&quot;classic&quot;,&quot;animation&quot;:&quot;fadeInUp&quot;}\">\n\t\t\t\t\t\t<div class=\"elementor-container elementor-column-gap-extended\">\n\t\t\t\t\t<div class=\"elementor-column elementor-col-100 elementor-inner-column elementor-element elementor-element-976a3c8 sc_inner_width_none sc_content_align_inherit sc_layouts_column_icons_position_left sc_fly_static\" data-id=\"976a3c8\" data-element_type=\"column\" data-e-type=\"column\" data-settings=\"{&quot;background_background&quot;:&quot;classic&quot;}\">\n\t\t\t<div class=\"elementor-widget-wrap elementor-element-populated\">\n\t\t\t\t\t\t<div class=\"elementor-element elementor-element-5cb2320 sc_fly_static elementor-widget elementor-widget-text-editor\" data-id=\"5cb2320\" data-element_type=\"widget\" data-e-type=\"widget\" data-widget_type=\"text-editor.default\">\n\t\t\t\t<div class=\"elementor-widget-container\">\n\t\t\t\t\t\t\t\t\t<p><strong>Dritaret Persiane<\/strong> ofrojn\u00eb nj\u00eb kombinim t\u00eb p\u00ebrsosur mes estetik\u00ebs dhe funksionalitetit praktik. T\u00eb frym\u00ebzuara nga dizajnet tradicionale persiane, k\u00ebto perde jo vet\u00ebm q\u00eb p\u00ebrmir\u00ebsojn\u00eb pamjen e hap\u00ebsir\u00ebs tuaj, por gjithashtu ofrojn\u00eb kontroll t\u00eb shk\u00eblqyer mbi drit\u00ebn natyrale dhe privat\u00ebsin\u00eb. Pavar\u00ebsisht n\u00ebse d\u00ebshironi t\u00eb bllokoni diellin apo t\u00eb krijoni nj\u00eb atmosfer\u00eb m\u00eb t\u00eb but\u00eb, <strong>Dritaret Persiane<\/strong> jan\u00eb projektuar p\u00ebr t\u00eb p\u00ebrshtatur si interier\u00ebt modern\u00eb, ashtu edhe ata klasik\u00eb.<\/p>\t\t\t\t\t\t\t\t<\/div>\n\t\t\t\t<\/div>\n\t\t\t\t\t<\/div>\n\t\t<\/div>\n\t\t\t\t\t<\/div>\n\t\t<\/section>\n\t\t\t\t\t<\/div>\n\t\t<\/div>\n\t\t\t\t\t<\/div>\n\t\t<\/section>\n\t\t\t\t<section class=\"elementor-section elementor-top-section elementor-element elementor-element-ece7176 elementor-section-boxed elementor-section-height-default elementor-section-height-default sc_fly_static\" data-id=\"ece7176\" data-element_type=\"section\" data-e-type=\"section\">\n\t\t\t\t\t\t<div class=\"elementor-container elementor-column-gap-extended\">\n\t\t\t\t\t<div class=\"elementor-column elementor-col-50 elementor-top-column elementor-element elementor-element-f09a9ee sc_inner_width_none sc_content_align_inherit sc_layouts_column_icons_position_left sc_fly_static\" data-id=\"f09a9ee\" data-element_type=\"column\" data-e-type=\"column\">\n\t\t\t<div class=\"elementor-widget-wrap elementor-element-populated\">\n\t\t\t\t\t\t<div class=\"elementor-element elementor-element-5987fa8 elementor-widget-tablet__width-initial sc_fly_static elementor-widget elementor-widget-text-editor\" data-id=\"5987fa8\" data-element_type=\"widget\" data-e-type=\"widget\" data-widget_type=\"text-editor.default\">\n\t\t\t\t<div class=\"elementor-widget-container\">\n\t\t\t\t\t\t\t\t\t<h4><strong>Karakteristikat Kryesore t\u00eb Dritareve Persiane:<\/strong><\/h4><ol><li><strong>Dizajn Elegant<\/strong>: T\u00eb frym\u00ebzuara nga modelet e detajuara persiane, k\u00ebto perde shtojn\u00eb nj\u00eb prekje unike dekorative n\u00eb \u00e7do dhom\u00eb.<\/li><li><strong>Kontroll mbi Drit\u00ebn dhe Privat\u00ebsin\u00eb<\/strong>: Shiritat e rregulluesh\u00ebm mund\u00ebsojn\u00eb kontroll t\u00eb sakt\u00eb t\u00eb drit\u00ebs natyrale dhe sigurojn\u00eb privat\u00ebsi kur \u00ebsht\u00eb e nevojshme.<\/li><li><strong>Materiale t\u00eb Q\u00ebndrueshme<\/strong>: T\u00eb prodhuara nga p\u00eblhura me cil\u00ebsi t\u00eb lart\u00eb dhe PVC, duke garantuar q\u00ebndrueshm\u00ebri afatgjat\u00eb dhe rezistenc\u00eb ndaj konsumit.<\/li><li><strong>Efi\u00e7enc\u00eb Energjitike<\/strong>: Ndihmojn\u00eb n\u00eb reduktimin e humbjes s\u00eb nxeht\u00ebsis\u00eb dhe energjis\u00eb, duke mbajtur hap\u00ebsir\u00ebn tuaj t\u00eb fresk\u00ebt n\u00eb ver\u00eb dhe t\u00eb ngroht\u00eb n\u00eb dim\u00ebr.<\/li><li><strong>Opsione t\u00eb Personalizueshme<\/strong>: T\u00eb disponueshme n\u00eb nj\u00eb gam\u00eb t\u00eb gjer\u00eb ngjyrash, materialesh dhe stil\u00ebsh p\u00ebr t\u2019u p\u00ebrshtatur me \u00e7do dekor.<\/li><\/ol>\t\t\t\t\t\t\t\t<\/div>\n\t\t\t\t<\/div>\n\t\t\t\t\t<\/div>\n\t\t<\/div>\n\t\t\t\t<div class=\"elementor-column elementor-col-50 elementor-top-column elementor-element elementor-element-57835ff sc_inner_width_none sc_content_align_inherit sc_layouts_column_icons_position_left animation_type_block sc_fly_static elementor-invisible\" data-id=\"57835ff\" data-element_type=\"column\" data-e-type=\"column\" data-settings=\"{&quot;animation&quot;:&quot;fadeInUp&quot;}\">\n\t\t\t<div class=\"elementor-widget-wrap elementor-element-populated\">\n\t\t\t\t\t\t<div class=\"elementor-element elementor-element-ec9883c sc_fly_static elementor-widget elementor-widget-image\" data-id=\"ec9883c\" data-element_type=\"widget\" data-e-type=\"widget\" data-widget_type=\"image.default\">\n\t\t\t\t<div class=\"elementor-widget-container\">\n\t\t\t\t\t\t\t\t\t\t\t\t\t\t\t<img decoding=\"async\" src=\"https:\/\/atangroup.com\/wp-content\/uploads\/elementor\/thumbs\/persiane-alluminio-qv4m7nsrzn199w44kzkxutk7c0y9iva2kxcin24ufi.png\" title=\"persiane-alluminio\" alt=\"persiane-alluminio\" loading=\"lazy\" \/>\t\t\t\t\t\t\t\t\t\t\t\t\t\t\t<\/div>\n\t\t\t\t<\/div>\n\t\t\t\t\t<\/div>\n\t\t<\/div>\n\t\t\t\t\t<\/div>\n\t\t<\/section>\n\t\t\t\t<section class=\"elementor-section elementor-top-section elementor-element elementor-element-b8f1546 elementor-section-boxed elementor-section-height-default elementor-section-height-default sc_fly_static\" data-id=\"b8f1546\" data-element_type=\"section\" data-e-type=\"section\">\n\t\t\t\t\t\t<div class=\"elementor-container elementor-column-gap-extended\">\n\t\t\t\t\t<div class=\"elementor-column elementor-col-100 elementor-top-column elementor-element elementor-element-eb1d00e sc_inner_width_none sc_content_align_inherit sc_layouts_column_icons_position_left sc_fly_static\" data-id=\"eb1d00e\" data-element_type=\"column\" data-e-type=\"column\">\n\t\t\t<div class=\"elementor-widget-wrap elementor-element-populated\">\n\t\t\t\t\t\t<div class=\"elementor-element elementor-element-443c762 elementor-widget-divider--view-line_text elementor-widget-divider--element-align-center sc_fly_static elementor-widget elementor-widget-divider\" data-id=\"443c762\" data-element_type=\"widget\" data-e-type=\"widget\" data-widget_type=\"divider.default\">\n\t\t\t\t<div class=\"elementor-widget-container\">\n\t\t\t\t\t\t\t<div class=\"elementor-divider\">\n\t\t\t<span class=\"elementor-divider-separator\">\n\t\t\t\t\t\t\t<span class=\"elementor-divider__text elementor-divider__element\">\n\t\t\t\tK\u00ebrko nj\u00eb ofert\u00eb \t\t\t\t<\/span>\n\t\t\t\t\t\t<\/span>\n\t\t<\/div>\n\t\t\t\t\t\t<\/div>\n\t\t\t\t<\/div>\n\t\t\t\t<div class=\"elementor-element elementor-element-7c7a51a sc_fly_static elementor-widget elementor-widget-heading\" data-id=\"7c7a51a\" data-element_type=\"widget\" data-e-type=\"widget\" data-widget_type=\"heading.default\">\n\t\t\t\t<div class=\"elementor-widget-container\">\n\t\t\t\t\t<h4 class=\"elementor-heading-title elementor-size-default\">Merrni Ofert\u00ebn tuaj t\u00eb Personalizuar p\u00ebr Dritaren PVC! K\u00ebrkoni tani!<\/h4>\t\t\t\t<\/div>\n\t\t\t\t<\/div>\n\t\t\t\t<div class=\"elementor-element elementor-element-9d1c274 sc_fly_static elementor-widget elementor-widget-trx_sc_button\" data-id=\"9d1c274\" data-element_type=\"widget\" data-e-type=\"widget\" data-widget_type=\"trx_sc_button.default\">\n\t\t\t\t<div class=\"elementor-widget-container\">\n\t\t\t\t\t<div\tclass=\"sc_item_button sc_button_wrap sc_align_center\" ><a href=\"https:\/\/atangroup.com\/sq\/request-a-quote\/\" class=\"sc_button sc_button_default sc_button_size_normal sc_button_with_icon sc_button_icon_right\" ><span class=\"sc_button_icon\"><span class=\"icon-logout\"><\/span><\/span><span class=\"sc_button_text\"><span class=\"sc_button_title\">K\u00ebrko nj\u00eb Ofert\u00eb<\/span><\/span><\/a><\/div>\t\t\t\t<\/div>\n\t\t\t\t<\/div>\n\t\t\t\t\t<\/div>\n\t\t<\/div>\n\t\t\t\t\t<\/div>\n\t\t<\/section>\n\t\t\t\t<\/div>","protected":false},"excerpt":{"rendered":"<p>Persian Window Blinds offer a perfect blend of aesthetic appeal and practical functionality. Inspired by traditional Persian designs, these blinds not only enhance the look of your space but also&hellip;<\/p>","protected":false},"author":1,"featured_media":0,"parent":0,"menu_order":0,"comment_status":"closed","ping_status":"closed","template":"elementor_header_footer","meta":{"footnotes":"","_links_to":"","_links_to_target":""},"class_list":["post-26924","page","type-page","status-publish","hentry"],"yoast_head":"<!-- This site is optimized with the Yoast SEO Premium plugin v23.6 (Yoast SEO v27.2) - https:\/\/yoast.com\/product\/yoast-seo-premium-wordpress\/ -->\n<title>Persian Window Blinds \u2013 Stylish &amp; Energy-Efficient<\/title>\n<meta name=\"description\" content=\"Enhance your space with Persian window blinds for style, privacy, and energy efficiency. Perfect for homes and offices.\" \/>\n<meta name=\"robots\" content=\"index, follow, max-snippet:-1, max-image-preview:large, max-video-preview:-1\" \/>\n<link rel=\"canonical\" href=\"https:\/\/atangroup.com\/sq\/persian-window-blinds-stylish-privacy-and-energy-efficiency\/\" \/>\n<meta property=\"og:locale\" content=\"sq_AL\" \/>\n<meta property=\"og:type\" content=\"article\" \/>\n<meta property=\"og:title\" content=\"Persian Window Blinds - Stylish Privacy and Energy Efficiency\" \/>\n<meta property=\"og:description\" content=\"Enhance your space with Persian window blinds for style, privacy, and energy efficiency. Perfect for homes and offices.\" \/>\n<meta property=\"og:url\" content=\"https:\/\/atangroup.com\/sq\/persian-window-blinds-stylish-privacy-and-energy-efficiency\/\" \/>\n<meta property=\"og:site_name\" content=\"Atan Group\" \/>\n<meta property=\"article:publisher\" content=\"https:\/\/www.facebook.com\/infissi24construction\" \/>\n<meta property=\"article:modified_time\" content=\"2025-02-11T16:35:43+00:00\" \/>\n<meta property=\"og:image\" content=\"https:\/\/atangroup.com\/wp-content\/uploads\/elementor\/thumbs\/persiane-alluminio-qv4m7nsrzn199w44kzkxutk7c0y9iva2kxcin24ufi.png\" \/>\n<meta name=\"twitter:card\" content=\"summary_large_image\" \/>\n<meta name=\"twitter:site\" content=\"@ic_pvc_company\" \/>\n<meta name=\"twitter:label1\" content=\"Est. reading time\" \/>\n\t<meta name=\"twitter:data1\" content=\"2 minuta\" \/>\n<script type=\"application\/ld+json\" class=\"yoast-schema-graph\">{\"@context\":\"https:\/\/schema.org\",\"@graph\":[{\"@type\":\"WebPage\",\"@id\":\"https:\/\/atangroup.com\/persian-window-blinds-stylish-privacy-and-energy-efficiency\/\",\"url\":\"https:\/\/atangroup.com\/persian-window-blinds-stylish-privacy-and-energy-efficiency\/\",\"name\":\"Persian Window Blinds \u2013 Stylish & Energy-Efficient\",\"isPartOf\":{\"@id\":\"https:\/\/atangroup.com\/#website\"},\"primaryImageOfPage\":{\"@id\":\"https:\/\/atangroup.com\/persian-window-blinds-stylish-privacy-and-energy-efficiency\/#primaryimage\"},\"image\":{\"@id\":\"https:\/\/atangroup.com\/persian-window-blinds-stylish-privacy-and-energy-efficiency\/#primaryimage\"},\"thumbnailUrl\":\"https:\/\/atangroup.com\/wp-content\/uploads\/elementor\/thumbs\/persiane-alluminio-qv4m7nsrzn199w44kzkxutk7c0y9iva2kxcin24ufi.png\",\"datePublished\":\"2024-10-05T20:25:57+00:00\",\"dateModified\":\"2025-02-11T16:35:43+00:00\",\"description\":\"Enhance your space with Persian window blinds for style, privacy, and energy efficiency. Perfect for homes and offices.\",\"breadcrumb\":{\"@id\":\"https:\/\/atangroup.com\/persian-window-blinds-stylish-privacy-and-energy-efficiency\/#breadcrumb\"},\"inLanguage\":\"sq\",\"potentialAction\":[{\"@type\":\"ReadAction\",\"target\":[\"https:\/\/atangroup.com\/persian-window-blinds-stylish-privacy-and-energy-efficiency\/\"]}]},{\"@type\":\"ImageObject\",\"inLanguage\":\"sq\",\"@id\":\"https:\/\/atangroup.com\/persian-window-blinds-stylish-privacy-and-energy-efficiency\/#primaryimage\",\"url\":\"https:\/\/atangroup.com\/wp-content\/uploads\/elementor\/thumbs\/persiane-alluminio-qv4m7nsrzn199w44kzkxutk7c0y9iva2kxcin24ufi.png\",\"contentUrl\":\"https:\/\/atangroup.com\/wp-content\/uploads\/elementor\/thumbs\/persiane-alluminio-qv4m7nsrzn199w44kzkxutk7c0y9iva2kxcin24ufi.png\"},{\"@type\":\"BreadcrumbList\",\"@id\":\"https:\/\/atangroup.com\/persian-window-blinds-stylish-privacy-and-energy-efficiency\/#breadcrumb\",\"itemListElement\":[{\"@type\":\"ListItem\",\"position\":1,\"name\":\"Home\",\"item\":\"https:\/\/atangroup.com\/\"},{\"@type\":\"ListItem\",\"position\":2,\"name\":\"Persian Window Blinds &#8211; Stylish Privacy and Energy Efficiency\"}]},{\"@type\":\"WebSite\",\"@id\":\"https:\/\/atangroup.com\/#website\",\"url\":\"https:\/\/atangroup.com\/\",\"name\":\"Infissi Construction\",\"description\":\"High Quality Windows &amp; Doors\",\"publisher\":{\"@id\":\"https:\/\/atangroup.com\/#organization\"},\"potentialAction\":[{\"@type\":\"SearchAction\",\"target\":{\"@type\":\"EntryPoint\",\"urlTemplate\":\"https:\/\/atangroup.com\/?s={search_term_string}\"},\"query-input\":{\"@type\":\"PropertyValueSpecification\",\"valueRequired\":true,\"valueName\":\"search_term_string\"}}],\"inLanguage\":\"sq\"},{\"@type\":\"Organization\",\"@id\":\"https:\/\/atangroup.com\/#organization\",\"name\":\"Infissi Construction\",\"url\":\"https:\/\/atangroup.com\/\",\"logo\":{\"@type\":\"ImageObject\",\"inLanguage\":\"sq\",\"@id\":\"https:\/\/atangroup.com\/#\/schema\/logo\/image\/\",\"url\":\"https:\/\/atangroup.com\/wp-content\/uploads\/2024\/10\/infissi-construction-logo-1.png\",\"contentUrl\":\"https:\/\/atangroup.com\/wp-content\/uploads\/2024\/10\/infissi-construction-logo-1.png\",\"width\":1080,\"height\":1080,\"caption\":\"Infissi Construction\"},\"image\":{\"@id\":\"https:\/\/atangroup.com\/#\/schema\/logo\/image\/\"},\"sameAs\":[\"https:\/\/www.facebook.com\/infissi24construction\",\"https:\/\/x.com\/ic_pvc_company\",\"https:\/\/www.instagram.com\/infissiconstruction\"]}]}<\/script>\n<!-- \/ Yoast SEO Premium plugin. -->","yoast_head_json":{"title":"Persian Window Blinds \u2013 Stylish & Energy-Efficient","description":"Enhance your space with Persian window blinds for style, privacy, and energy efficiency. Perfect for homes and offices.","robots":{"index":"index","follow":"follow","max-snippet":"max-snippet:-1","max-image-preview":"max-image-preview:large","max-video-preview":"max-video-preview:-1"},"canonical":"https:\/\/atangroup.com\/sq\/persian-window-blinds-stylish-privacy-and-energy-efficiency\/","og_locale":"sq_AL","og_type":"article","og_title":"Persian Window Blinds - Stylish Privacy and Energy Efficiency","og_description":"Enhance your space with Persian window blinds for style, privacy, and energy efficiency. Perfect for homes and offices.","og_url":"https:\/\/atangroup.com\/sq\/persian-window-blinds-stylish-privacy-and-energy-efficiency\/","og_site_name":"Atan Group","article_publisher":"https:\/\/www.facebook.com\/infissi24construction","article_modified_time":"2025-02-11T16:35:43+00:00","og_image":[{"url":"https:\/\/atangroup.com\/wp-content\/uploads\/elementor\/thumbs\/persiane-alluminio-qv4m7nsrzn199w44kzkxutk7c0y9iva2kxcin24ufi.png","type":"","width":"","height":""}],"twitter_card":"summary_large_image","twitter_site":"@ic_pvc_company","twitter_misc":{"Est. reading time":"2 minuta"},"schema":{"@context":"https:\/\/schema.org","@graph":[{"@type":"WebPage","@id":"https:\/\/atangroup.com\/persian-window-blinds-stylish-privacy-and-energy-efficiency\/","url":"https:\/\/atangroup.com\/persian-window-blinds-stylish-privacy-and-energy-efficiency\/","name":"Persian Window Blinds \u2013 Stylish & Energy-Efficient","isPartOf":{"@id":"https:\/\/atangroup.com\/#website"},"primaryImageOfPage":{"@id":"https:\/\/atangroup.com\/persian-window-blinds-stylish-privacy-and-energy-efficiency\/#primaryimage"},"image":{"@id":"https:\/\/atangroup.com\/persian-window-blinds-stylish-privacy-and-energy-efficiency\/#primaryimage"},"thumbnailUrl":"https:\/\/atangroup.com\/wp-content\/uploads\/elementor\/thumbs\/persiane-alluminio-qv4m7nsrzn199w44kzkxutk7c0y9iva2kxcin24ufi.png","datePublished":"2024-10-05T20:25:57+00:00","dateModified":"2025-02-11T16:35:43+00:00","description":"Enhance your space with Persian window blinds for style, privacy, and energy efficiency. Perfect for homes and offices.","breadcrumb":{"@id":"https:\/\/atangroup.com\/persian-window-blinds-stylish-privacy-and-energy-efficiency\/#breadcrumb"},"inLanguage":"sq","potentialAction":[{"@type":"ReadAction","target":["https:\/\/atangroup.com\/persian-window-blinds-stylish-privacy-and-energy-efficiency\/"]}]},{"@type":"ImageObject","inLanguage":"sq","@id":"https:\/\/atangroup.com\/persian-window-blinds-stylish-privacy-and-energy-efficiency\/#primaryimage","url":"https:\/\/atangroup.com\/wp-content\/uploads\/elementor\/thumbs\/persiane-alluminio-qv4m7nsrzn199w44kzkxutk7c0y9iva2kxcin24ufi.png","contentUrl":"https:\/\/atangroup.com\/wp-content\/uploads\/elementor\/thumbs\/persiane-alluminio-qv4m7nsrzn199w44kzkxutk7c0y9iva2kxcin24ufi.png"},{"@type":"BreadcrumbList","@id":"https:\/\/atangroup.com\/persian-window-blinds-stylish-privacy-and-energy-efficiency\/#breadcrumb","itemListElement":[{"@type":"ListItem","position":1,"name":"Home","item":"https:\/\/atangroup.com\/"},{"@type":"ListItem","position":2,"name":"Persian Window Blinds &#8211; Stylish Privacy and Energy Efficiency"}]},{"@type":"WebSite","@id":"https:\/\/atangroup.com\/#website","url":"https:\/\/atangroup.com\/","name":"Infissi Construction","description":"High Quality Windows &amp; Doors","publisher":{"@id":"https:\/\/atangroup.com\/#organization"},"potentialAction":[{"@type":"SearchAction","target":{"@type":"EntryPoint","urlTemplate":"https:\/\/atangroup.com\/?s={search_term_string}"},"query-input":{"@type":"PropertyValueSpecification","valueRequired":true,"valueName":"search_term_string"}}],"inLanguage":"sq"},{"@type":"Organization","@id":"https:\/\/atangroup.com\/#organization","name":"Infissi Construction","url":"https:\/\/atangroup.com\/","logo":{"@type":"ImageObject","inLanguage":"sq","@id":"https:\/\/atangroup.com\/#\/schema\/logo\/image\/","url":"https:\/\/atangroup.com\/wp-content\/uploads\/2024\/10\/infissi-construction-logo-1.png","contentUrl":"https:\/\/atangroup.com\/wp-content\/uploads\/2024\/10\/infissi-construction-logo-1.png","width":1080,"height":1080,"caption":"Infissi Construction"},"image":{"@id":"https:\/\/atangroup.com\/#\/schema\/logo\/image\/"},"sameAs":["https:\/\/www.facebook.com\/infissi24construction","https:\/\/x.com\/ic_pvc_company","https:\/\/www.instagram.com\/infissiconstruction"]}]}},"_links":{"self":[{"href":"https:\/\/atangroup.com\/sq\/wp-json\/wp\/v2\/pages\/26924","targetHints":{"allow":["GET"]}}],"collection":[{"href":"https:\/\/atangroup.com\/sq\/wp-json\/wp\/v2\/pages"}],"about":[{"href":"https:\/\/atangroup.com\/sq\/wp-json\/wp\/v2\/types\/page"}],"author":[{"embeddable":true,"href":"https:\/\/atangroup.com\/sq\/wp-json\/wp\/v2\/users\/1"}],"replies":[{"embeddable":true,"href":"https:\/\/atangroup.com\/sq\/wp-json\/wp\/v2\/comments?post=26924"}],"version-history":[{"count":1,"href":"https:\/\/atangroup.com\/sq\/wp-json\/wp\/v2\/pages\/26924\/revisions"}],"predecessor-version":[{"id":27972,"href":"https:\/\/atangroup.com\/sq\/wp-json\/wp\/v2\/pages\/26924\/revisions\/27972"}],"wp:attachment":[{"href":"https:\/\/atangroup.com\/sq\/wp-json\/wp\/v2\/media?parent=26924"}],"curies":[{"name":"wp","href":"https:\/\/api.w.org\/{rel}","templated":true}]}}