{"id":26884,"date":"2024-10-04T22:35:59","date_gmt":"2024-10-04T22:35:59","guid":{"rendered":"https:\/\/atangroup.com\/?page_id=26884"},"modified":"2025-02-11T17:04:55","modified_gmt":"2025-02-11T17:04:55","slug":"secure-and-energy-efficient-pvc-entrance-doors","status":"publish","type":"page","link":"https:\/\/atangroup.com\/sq\/secure-and-energy-efficient-pvc-entrance-doors\/","title":{"rendered":"Dyert e Hyrjes n\u00eb PVC \u2013 t\u00eb Sigurta dhe me Efi\u00e7enc\u00eb Energjitike"},"content":{"rendered":"<div data-elementor-type=\"wp-page\" data-elementor-id=\"26884\" class=\"elementor elementor-26884\">\n\t\t\t\t\t\t<section class=\"elementor-section elementor-top-section elementor-element elementor-element-3527519 sc_layouts_hide_on_mobile elementor-section-boxed elementor-section-height-default elementor-section-height-default animation_type_block sc_fly_static elementor-invisible\" data-id=\"3527519\" data-element_type=\"section\" data-e-type=\"section\" data-settings=\"{&quot;background_background&quot;:&quot;classic&quot;,&quot;animation&quot;:&quot;fadeInUp&quot;}\">\n\t\t\t\t\t\t<div class=\"elementor-container elementor-column-gap-extended\">\n\t\t\t\t\t<div class=\"elementor-column elementor-col-100 elementor-top-column elementor-element elementor-element-30bb8be sc_inner_width_none sc_content_align_inherit sc_layouts_column_icons_position_left sc_fly_static\" data-id=\"30bb8be\" data-element_type=\"column\" data-e-type=\"column\">\n\t\t\t<div class=\"elementor-widget-wrap elementor-element-populated\">\n\t\t\t\t\t\t<section class=\"elementor-section elementor-inner-section elementor-element elementor-element-88c0611 elementor-section-boxed elementor-section-height-default elementor-section-height-default sc_fly_static\" data-id=\"88c0611\" data-element_type=\"section\" data-e-type=\"section\">\n\t\t\t\t\t\t<div class=\"elementor-container elementor-column-gap-extended\">\n\t\t\t\t\t<div class=\"elementor-column elementor-col-100 elementor-inner-column elementor-element elementor-element-2a2c392 sc_inner_width_none sc_content_align_inherit sc_layouts_column_icons_position_left sc_fly_static\" data-id=\"2a2c392\" data-element_type=\"column\" data-e-type=\"column\" data-settings=\"{&quot;background_background&quot;:&quot;classic&quot;}\">\n\t\t\t<div class=\"elementor-widget-wrap elementor-element-populated\">\n\t\t\t\t\t\t<div class=\"elementor-element elementor-element-f5f9e8a sc_fly_static elementor-widget elementor-widget-text-editor\" data-id=\"f5f9e8a\" data-element_type=\"widget\" data-e-type=\"widget\" data-widget_type=\"text-editor.default\">\n\t\t\t\t<div class=\"elementor-widget-container\">\n\t\t\t\t\t\t\t\t\t<p><strong>Dyert e Hyrjes n\u00eb PVC<\/strong> jan\u00eb zgjidhja perfekte p\u00ebr pronar\u00ebt e sht\u00ebpive dhe bizneset q\u00eb k\u00ebrkojn\u00eb nj\u00eb kombinim t\u00eb stilit, siguris\u00eb dhe efikasitetit. K\u00ebto dyer ofrojn\u00eb veti t\u00eb shk\u00eblqyera izolimi, karakteristika t\u00eb forta sigurie dhe jan\u00eb t\u00eb dizajnuara p\u00ebr t\u2019u p\u00ebrballur me kushte t\u00eb ndryshme atmosferike. Me nj\u00eb dizajn t\u00eb sofistikuar dhe modern, <strong>Dyert e Hyrjes n\u00eb PVC<\/strong> p\u00ebrmir\u00ebsojn\u00eb pamjen estetike t\u00eb \u00e7do prone, duke garantuar performanc\u00eb afatgjat\u00eb dhe mir\u00ebmbajtje t\u00eb ul\u00ebt.<\/p>\t\t\t\t\t\t\t\t<\/div>\n\t\t\t\t<\/div>\n\t\t\t\t\t<\/div>\n\t\t<\/div>\n\t\t\t\t\t<\/div>\n\t\t<\/section>\n\t\t\t\t\t<\/div>\n\t\t<\/div>\n\t\t\t\t\t<\/div>\n\t\t<\/section>\n\t\t\t\t<section class=\"elementor-section elementor-top-section elementor-element elementor-element-8b1493f sc_layouts_hide_on_wide sc_layouts_hide_on_desktop sc_layouts_hide_on_notebook sc_layouts_hide_on_tablet elementor-section-boxed elementor-section-height-default elementor-section-height-default sc_fly_static\" data-id=\"8b1493f\" data-element_type=\"section\" data-e-type=\"section\" data-settings=\"{&quot;background_background&quot;:&quot;classic&quot;}\">\n\t\t\t\t\t\t<div class=\"elementor-container elementor-column-gap-extended\">\n\t\t\t\t\t<div class=\"elementor-column elementor-col-100 elementor-top-column elementor-element elementor-element-b52ab0a sc_inner_width_none sc_content_align_inherit sc_layouts_column_icons_position_left sc_fly_static\" data-id=\"b52ab0a\" data-element_type=\"column\" data-e-type=\"column\" data-settings=\"{&quot;background_background&quot;:&quot;classic&quot;,&quot;animation_mobile&quot;:&quot;fadeInUp&quot;}\">\n\t\t\t<div class=\"elementor-widget-wrap elementor-element-populated\">\n\t\t\t\t\t\t<section class=\"elementor-section elementor-inner-section elementor-element elementor-element-df054bc elementor-section-boxed elementor-section-height-default elementor-section-height-default animation_type_block sc_fly_static elementor-invisible\" data-id=\"df054bc\" data-element_type=\"section\" data-e-type=\"section\" data-settings=\"{&quot;background_background&quot;:&quot;classic&quot;,&quot;animation&quot;:&quot;fadeInUp&quot;}\">\n\t\t\t\t\t\t<div class=\"elementor-container elementor-column-gap-extended\">\n\t\t\t\t\t<div class=\"elementor-column elementor-col-100 elementor-inner-column elementor-element elementor-element-e7828b1 sc_inner_width_none sc_content_align_inherit sc_layouts_column_icons_position_left sc_fly_static\" data-id=\"e7828b1\" data-element_type=\"column\" data-e-type=\"column\" data-settings=\"{&quot;background_background&quot;:&quot;classic&quot;}\">\n\t\t\t<div class=\"elementor-widget-wrap elementor-element-populated\">\n\t\t\t\t\t\t<div class=\"elementor-element elementor-element-c4d357f sc_fly_static elementor-widget elementor-widget-text-editor\" data-id=\"c4d357f\" data-element_type=\"widget\" data-e-type=\"widget\" data-widget_type=\"text-editor.default\">\n\t\t\t\t<div class=\"elementor-widget-container\">\n\t\t\t\t\t\t\t\t\t<p><strong>Dyert PVC p\u00ebr Ballkone<\/strong> jan\u00eb kombinimi perfekt i dizajnit modern, q\u00ebndrueshm\u00ebris\u00eb dhe efikasitetit energjetik, duke i b\u00ebr\u00eb ato ideale si p\u00ebr prona rezidenciale ashtu edhe p\u00ebr prona komerciale. K\u00ebto dyer ofrojn\u00eb nj\u00eb kalim t\u00eb pand\u00ebrprer\u00eb midis hap\u00ebsirave t\u00eb brendshme dhe t\u00eb jashtme, duke siguruar zona t\u00eb m\u00ebdha xhami p\u00ebr ndri\u00e7im maksimal natyral, nd\u00ebrsa ruajn\u00eb izolimin e shk\u00eblqyer. N\u00ebse d\u00ebshironi t\u00eb p\u00ebrmir\u00ebsoni bukurin\u00eb e ballkonit tuaj ose t\u00eb rrisni efikasitetin energjetik, Dyert PVC p\u00ebr Ballkone plot\u00ebsojn\u00eb t\u00eb gjitha pritshm\u00ebrit\u00eb.<\/p><h4>\u00a0<\/h4>\t\t\t\t\t\t\t\t<\/div>\n\t\t\t\t<\/div>\n\t\t\t\t\t<\/div>\n\t\t<\/div>\n\t\t\t\t\t<\/div>\n\t\t<\/section>\n\t\t\t\t\t<\/div>\n\t\t<\/div>\n\t\t\t\t\t<\/div>\n\t\t<\/section>\n\t\t\t\t<section class=\"elementor-section elementor-top-section elementor-element elementor-element-f016eca elementor-section-boxed elementor-section-height-default elementor-section-height-default sc_fly_static\" data-id=\"f016eca\" data-element_type=\"section\" data-e-type=\"section\">\n\t\t\t\t\t\t<div class=\"elementor-container elementor-column-gap-extended\">\n\t\t\t\t\t<div class=\"elementor-column elementor-col-50 elementor-top-column elementor-element elementor-element-b0a22a8 sc_inner_width_none sc_content_align_inherit sc_layouts_column_icons_position_left sc_fly_static\" data-id=\"b0a22a8\" data-element_type=\"column\" data-e-type=\"column\">\n\t\t\t<div class=\"elementor-widget-wrap elementor-element-populated\">\n\t\t\t\t\t\t<div class=\"elementor-element elementor-element-94e3c7a elementor-widget-tablet__width-initial sc_fly_static elementor-widget elementor-widget-text-editor\" data-id=\"94e3c7a\" data-element_type=\"widget\" data-e-type=\"widget\" data-widget_type=\"text-editor.default\">\n\t\t\t\t<div class=\"elementor-widget-container\">\n\t\t\t\t\t\t\t\t\t<h4><strong>Karakteristikat Kryesore t\u00eb Dyerve t\u00eb Hyrjes n\u00eb PVC<\/strong><\/h4><ol><li><strong>Siguri e Lart\u00eb<\/strong>: Sistemet e bllokimit me shum\u00eb pika dhe kornizat e forcizuara sigurojn\u00eb mbrojtje maksimale kund\u00ebr nd\u00ebrhyr\u00ebsve.<\/li><li><strong>Efi\u00e7enc\u00eb Energjitike<\/strong>: Materiali PVC ofron izolim termik superior, duke reduktuar humbjen e energjis\u00eb dhe ndihmuar n\u00eb uljen e kostove t\u00eb ngrohjes dhe ftohjes.<\/li><li><strong>Rezistenc\u00eb ndaj Motit<\/strong>: Rezistente ndaj kushteve t\u00eb ashpra atmosferike, p\u00ebrfshir\u00eb er\u00ebn, shiun dhe temperatura ekstreme, duke siguruar q\u00ebndrueshm\u00ebri afatgjat\u00eb.<\/li><li><strong>Izolim Akustik<\/strong>: Bllokon zhurmat e jashtme, duke krijuar nj\u00eb mjedis m\u00eb t\u00eb qet\u00eb dhe m\u00eb komod brenda.<\/li><li><strong>Dizajne t\u00eb Personalizueshme<\/strong>: T\u00eb disponueshme n\u00eb nj\u00eb gam\u00eb t\u00eb gjer\u00eb stilesh, ngjyrash dhe p\u00ebrfundimesh p\u00ebr t'u p\u00ebrshtatur me dizajnin e sht\u00ebpis\u00eb ose biznesit tuaj.<\/li><li><strong>Mir\u00ebmbajtje e Ul\u00ebt<\/strong>: PVC k\u00ebrkon pak kujdes, duke rezistuar ndaj zbehjes, korrizionit dhe konsumit gjat\u00eb koh\u00ebs.<\/li><li><strong>Miq\u00ebsore me Mjedisin<\/strong>: I b\u00ebr\u00eb nga materiale t\u00eb riciklueshme, duke e b\u00ebr\u00eb at\u00eb nj\u00eb zgjedhje ekologjike t\u00eb p\u00ebrgjegjshme.<\/li><\/ol><p>\u00a0<\/p>\t\t\t\t\t\t\t\t<\/div>\n\t\t\t\t<\/div>\n\t\t\t\t\t<\/div>\n\t\t<\/div>\n\t\t\t\t<div class=\"elementor-column elementor-col-50 elementor-top-column elementor-element elementor-element-08f4e05 sc_inner_width_none sc_content_align_inherit sc_layouts_column_icons_position_left animation_type_block sc_fly_static elementor-invisible\" data-id=\"08f4e05\" data-element_type=\"column\" data-e-type=\"column\" data-settings=\"{&quot;animation&quot;:&quot;fadeInUp&quot;}\">\n\t\t\t<div class=\"elementor-widget-wrap elementor-element-populated\">\n\t\t\t\t\t\t<div class=\"elementor-element elementor-element-28ab756 sc_fly_static elementor-widget elementor-widget-image\" data-id=\"28ab756\" data-element_type=\"widget\" data-e-type=\"widget\" data-widget_type=\"image.default\">\n\t\t\t\t<div class=\"elementor-widget-container\">\n\t\t\t\t\t\t\t\t\t\t\t\t\t\t\t<img decoding=\"async\" src=\"https:\/\/atangroup.com\/wp-content\/uploads\/elementor\/thumbs\/pvc-entrance-door-qv319i1dkciqg6342smvg66rl5xgt0abdkqw8dxdse.png\" title=\"pvc-entrance-door\" alt=\"pvc-entrance-door\" loading=\"lazy\" \/>\t\t\t\t\t\t\t\t\t\t\t\t\t\t\t<\/div>\n\t\t\t\t<\/div>\n\t\t\t\t\t<\/div>\n\t\t<\/div>\n\t\t\t\t\t<\/div>\n\t\t<\/section>\n\t\t\t\t<section class=\"elementor-section elementor-top-section elementor-element elementor-element-86114e4 elementor-section-boxed elementor-section-height-default elementor-section-height-default sc_fly_static\" data-id=\"86114e4\" data-element_type=\"section\" data-e-type=\"section\">\n\t\t\t\t\t\t<div class=\"elementor-container elementor-column-gap-extended\">\n\t\t\t\t\t<div class=\"elementor-column elementor-col-100 elementor-top-column elementor-element elementor-element-b185253 sc_inner_width_none sc_content_align_inherit sc_layouts_column_icons_position_left sc_fly_static\" data-id=\"b185253\" data-element_type=\"column\" data-e-type=\"column\">\n\t\t\t<div class=\"elementor-widget-wrap elementor-element-populated\">\n\t\t\t\t\t\t<div class=\"elementor-element elementor-element-c6d5d9e elementor-widget-divider--view-line_text elementor-widget-divider--element-align-center sc_fly_static elementor-widget elementor-widget-divider\" data-id=\"c6d5d9e\" data-element_type=\"widget\" data-e-type=\"widget\" data-widget_type=\"divider.default\">\n\t\t\t\t<div class=\"elementor-widget-container\">\n\t\t\t\t\t\t\t<div class=\"elementor-divider\">\n\t\t\t<span class=\"elementor-divider-separator\">\n\t\t\t\t\t\t\t<span class=\"elementor-divider__text elementor-divider__element\">\n\t\t\t\tK\u00ebrko nj\u00eb ofert\u00eb \t\t\t\t<\/span>\n\t\t\t\t\t\t<\/span>\n\t\t<\/div>\n\t\t\t\t\t\t<\/div>\n\t\t\t\t<\/div>\n\t\t\t\t<div class=\"elementor-element elementor-element-25bea6a sc_fly_static elementor-widget elementor-widget-heading\" data-id=\"25bea6a\" data-element_type=\"widget\" data-e-type=\"widget\" data-widget_type=\"heading.default\">\n\t\t\t\t<div class=\"elementor-widget-container\">\n\t\t\t\t\t<h4 class=\"elementor-heading-title elementor-size-default\">Merrni Ofert\u00ebn tuaj t\u00eb Personalizuar p\u00ebr Dritaren PVC! K\u00ebrkoni tani!<\/h4>\t\t\t\t<\/div>\n\t\t\t\t<\/div>\n\t\t\t\t<div class=\"elementor-element elementor-element-cfbcac5 sc_fly_static elementor-widget elementor-widget-trx_sc_button\" data-id=\"cfbcac5\" data-element_type=\"widget\" data-e-type=\"widget\" data-widget_type=\"trx_sc_button.default\">\n\t\t\t\t<div class=\"elementor-widget-container\">\n\t\t\t\t\t<div\tclass=\"sc_item_button sc_button_wrap sc_align_center\" ><a href=\"https:\/\/atangroup.com\/sq\/request-a-quote\/\" class=\"sc_button sc_button_default sc_button_size_normal sc_button_with_icon sc_button_icon_right\" ><span class=\"sc_button_icon\"><span class=\"icon-logout\"><\/span><\/span><span class=\"sc_button_text\"><span class=\"sc_button_title\">K\u00ebrko nj\u00eb Ofert\u00eb<\/span><\/span><\/a><\/div>\t\t\t\t<\/div>\n\t\t\t\t<\/div>\n\t\t\t\t\t<\/div>\n\t\t<\/div>\n\t\t\t\t\t<\/div>\n\t\t<\/section>\n\t\t\t\t<\/div>","protected":false},"excerpt":{"rendered":"<p>PVC Entrance Doors are the perfect solution for homeowners and businesses looking for a combination of style, security, and efficiency. These doors offer excellent insulation properties, robust security features, and&hellip;<\/p>","protected":false},"author":1,"featured_media":0,"parent":0,"menu_order":0,"comment_status":"closed","ping_status":"closed","template":"elementor_header_footer","meta":{"footnotes":"","_links_to":"","_links_to_target":""},"class_list":["post-26884","page","type-page","status-publish","hentry"],"yoast_head":"<!-- This site is optimized with the Yoast SEO Premium plugin v23.6 (Yoast SEO v27.2) - https:\/\/yoast.com\/product\/yoast-seo-premium-wordpress\/ -->\n<title>Secure &amp; Energy-Efficient PVC Entrance Doors<\/title>\n<meta name=\"description\" content=\"Explore PVC entrance doors for enhanced security, energy efficiency, and modern design. Ideal for homes and businesses.\" \/>\n<meta name=\"robots\" content=\"index, follow, max-snippet:-1, max-image-preview:large, max-video-preview:-1\" \/>\n<link rel=\"canonical\" href=\"https:\/\/atangroup.com\/sq\/secure-and-energy-efficient-pvc-entrance-doors\/\" \/>\n<meta property=\"og:locale\" content=\"sq_AL\" \/>\n<meta property=\"og:type\" content=\"article\" \/>\n<meta property=\"og:title\" content=\"Secure and Energy-Efficient PVC Entrance Doors\" \/>\n<meta property=\"og:description\" content=\"Explore PVC entrance doors for enhanced security, energy efficiency, and modern design. Ideal for homes and businesses.\" \/>\n<meta property=\"og:url\" content=\"https:\/\/atangroup.com\/sq\/secure-and-energy-efficient-pvc-entrance-doors\/\" \/>\n<meta property=\"og:site_name\" content=\"Atan Group\" \/>\n<meta property=\"article:publisher\" content=\"https:\/\/www.facebook.com\/infissi24construction\" \/>\n<meta property=\"article:modified_time\" content=\"2025-02-11T17:04:55+00:00\" \/>\n<meta property=\"og:image\" content=\"https:\/\/atangroup.com\/wp-content\/uploads\/elementor\/thumbs\/pvc-entrance-door-qv319i1dkciqg6342smvg66rl5xgt0abdkqw8dxdse.png\" \/>\n<meta name=\"twitter:card\" content=\"summary_large_image\" \/>\n<meta name=\"twitter:site\" content=\"@ic_pvc_company\" \/>\n<meta name=\"twitter:label1\" content=\"Est. reading time\" \/>\n\t<meta name=\"twitter:data1\" content=\"2 minuta\" \/>\n<script type=\"application\/ld+json\" class=\"yoast-schema-graph\">{\"@context\":\"https:\/\/schema.org\",\"@graph\":[{\"@type\":\"WebPage\",\"@id\":\"https:\/\/atangroup.com\/secure-and-energy-efficient-pvc-entrance-doors\/\",\"url\":\"https:\/\/atangroup.com\/secure-and-energy-efficient-pvc-entrance-doors\/\",\"name\":\"Secure & Energy-Efficient PVC Entrance Doors\",\"isPartOf\":{\"@id\":\"https:\/\/atangroup.com\/#website\"},\"primaryImageOfPage\":{\"@id\":\"https:\/\/atangroup.com\/secure-and-energy-efficient-pvc-entrance-doors\/#primaryimage\"},\"image\":{\"@id\":\"https:\/\/atangroup.com\/secure-and-energy-efficient-pvc-entrance-doors\/#primaryimage\"},\"thumbnailUrl\":\"https:\/\/atangroup.com\/wp-content\/uploads\/elementor\/thumbs\/pvc-entrance-door-qv319i1dkciqg6342smvg66rl5xgt0abdkqw8dxdse.png\",\"datePublished\":\"2024-10-04T22:35:59+00:00\",\"dateModified\":\"2025-02-11T17:04:55+00:00\",\"description\":\"Explore PVC entrance doors for enhanced security, energy efficiency, and modern design. Ideal for homes and businesses.\",\"breadcrumb\":{\"@id\":\"https:\/\/atangroup.com\/secure-and-energy-efficient-pvc-entrance-doors\/#breadcrumb\"},\"inLanguage\":\"sq\",\"potentialAction\":[{\"@type\":\"ReadAction\",\"target\":[\"https:\/\/atangroup.com\/secure-and-energy-efficient-pvc-entrance-doors\/\"]}]},{\"@type\":\"ImageObject\",\"inLanguage\":\"sq\",\"@id\":\"https:\/\/atangroup.com\/secure-and-energy-efficient-pvc-entrance-doors\/#primaryimage\",\"url\":\"https:\/\/atangroup.com\/wp-content\/uploads\/elementor\/thumbs\/pvc-entrance-door-qv319i1dkciqg6342smvg66rl5xgt0abdkqw8dxdse.png\",\"contentUrl\":\"https:\/\/atangroup.com\/wp-content\/uploads\/elementor\/thumbs\/pvc-entrance-door-qv319i1dkciqg6342smvg66rl5xgt0abdkqw8dxdse.png\"},{\"@type\":\"BreadcrumbList\",\"@id\":\"https:\/\/atangroup.com\/secure-and-energy-efficient-pvc-entrance-doors\/#breadcrumb\",\"itemListElement\":[{\"@type\":\"ListItem\",\"position\":1,\"name\":\"Home\",\"item\":\"https:\/\/atangroup.com\/\"},{\"@type\":\"ListItem\",\"position\":2,\"name\":\"Secure and Energy-Efficient PVC Entrance Doors\"}]},{\"@type\":\"WebSite\",\"@id\":\"https:\/\/atangroup.com\/#website\",\"url\":\"https:\/\/atangroup.com\/\",\"name\":\"Infissi Construction\",\"description\":\"High Quality Windows &amp; Doors\",\"publisher\":{\"@id\":\"https:\/\/atangroup.com\/#organization\"},\"potentialAction\":[{\"@type\":\"SearchAction\",\"target\":{\"@type\":\"EntryPoint\",\"urlTemplate\":\"https:\/\/atangroup.com\/?s={search_term_string}\"},\"query-input\":{\"@type\":\"PropertyValueSpecification\",\"valueRequired\":true,\"valueName\":\"search_term_string\"}}],\"inLanguage\":\"sq\"},{\"@type\":\"Organization\",\"@id\":\"https:\/\/atangroup.com\/#organization\",\"name\":\"Infissi Construction\",\"url\":\"https:\/\/atangroup.com\/\",\"logo\":{\"@type\":\"ImageObject\",\"inLanguage\":\"sq\",\"@id\":\"https:\/\/atangroup.com\/#\/schema\/logo\/image\/\",\"url\":\"https:\/\/atangroup.com\/wp-content\/uploads\/2024\/10\/infissi-construction-logo-1.png\",\"contentUrl\":\"https:\/\/atangroup.com\/wp-content\/uploads\/2024\/10\/infissi-construction-logo-1.png\",\"width\":1080,\"height\":1080,\"caption\":\"Infissi Construction\"},\"image\":{\"@id\":\"https:\/\/atangroup.com\/#\/schema\/logo\/image\/\"},\"sameAs\":[\"https:\/\/www.facebook.com\/infissi24construction\",\"https:\/\/x.com\/ic_pvc_company\",\"https:\/\/www.instagram.com\/infissiconstruction\"]}]}<\/script>\n<!-- \/ Yoast SEO Premium plugin. -->","yoast_head_json":{"title":"Secure & Energy-Efficient PVC Entrance Doors","description":"Explore PVC entrance doors for enhanced security, energy efficiency, and modern design. Ideal for homes and businesses.","robots":{"index":"index","follow":"follow","max-snippet":"max-snippet:-1","max-image-preview":"max-image-preview:large","max-video-preview":"max-video-preview:-1"},"canonical":"https:\/\/atangroup.com\/sq\/secure-and-energy-efficient-pvc-entrance-doors\/","og_locale":"sq_AL","og_type":"article","og_title":"Secure and Energy-Efficient PVC Entrance Doors","og_description":"Explore PVC entrance doors for enhanced security, energy efficiency, and modern design. Ideal for homes and businesses.","og_url":"https:\/\/atangroup.com\/sq\/secure-and-energy-efficient-pvc-entrance-doors\/","og_site_name":"Atan Group","article_publisher":"https:\/\/www.facebook.com\/infissi24construction","article_modified_time":"2025-02-11T17:04:55+00:00","og_image":[{"url":"https:\/\/atangroup.com\/wp-content\/uploads\/elementor\/thumbs\/pvc-entrance-door-qv319i1dkciqg6342smvg66rl5xgt0abdkqw8dxdse.png","type":"","width":"","height":""}],"twitter_card":"summary_large_image","twitter_site":"@ic_pvc_company","twitter_misc":{"Est. reading time":"2 minuta"},"schema":{"@context":"https:\/\/schema.org","@graph":[{"@type":"WebPage","@id":"https:\/\/atangroup.com\/secure-and-energy-efficient-pvc-entrance-doors\/","url":"https:\/\/atangroup.com\/secure-and-energy-efficient-pvc-entrance-doors\/","name":"Secure & Energy-Efficient PVC Entrance Doors","isPartOf":{"@id":"https:\/\/atangroup.com\/#website"},"primaryImageOfPage":{"@id":"https:\/\/atangroup.com\/secure-and-energy-efficient-pvc-entrance-doors\/#primaryimage"},"image":{"@id":"https:\/\/atangroup.com\/secure-and-energy-efficient-pvc-entrance-doors\/#primaryimage"},"thumbnailUrl":"https:\/\/atangroup.com\/wp-content\/uploads\/elementor\/thumbs\/pvc-entrance-door-qv319i1dkciqg6342smvg66rl5xgt0abdkqw8dxdse.png","datePublished":"2024-10-04T22:35:59+00:00","dateModified":"2025-02-11T17:04:55+00:00","description":"Explore PVC entrance doors for enhanced security, energy efficiency, and modern design. Ideal for homes and businesses.","breadcrumb":{"@id":"https:\/\/atangroup.com\/secure-and-energy-efficient-pvc-entrance-doors\/#breadcrumb"},"inLanguage":"sq","potentialAction":[{"@type":"ReadAction","target":["https:\/\/atangroup.com\/secure-and-energy-efficient-pvc-entrance-doors\/"]}]},{"@type":"ImageObject","inLanguage":"sq","@id":"https:\/\/atangroup.com\/secure-and-energy-efficient-pvc-entrance-doors\/#primaryimage","url":"https:\/\/atangroup.com\/wp-content\/uploads\/elementor\/thumbs\/pvc-entrance-door-qv319i1dkciqg6342smvg66rl5xgt0abdkqw8dxdse.png","contentUrl":"https:\/\/atangroup.com\/wp-content\/uploads\/elementor\/thumbs\/pvc-entrance-door-qv319i1dkciqg6342smvg66rl5xgt0abdkqw8dxdse.png"},{"@type":"BreadcrumbList","@id":"https:\/\/atangroup.com\/secure-and-energy-efficient-pvc-entrance-doors\/#breadcrumb","itemListElement":[{"@type":"ListItem","position":1,"name":"Home","item":"https:\/\/atangroup.com\/"},{"@type":"ListItem","position":2,"name":"Secure and Energy-Efficient PVC Entrance Doors"}]},{"@type":"WebSite","@id":"https:\/\/atangroup.com\/#website","url":"https:\/\/atangroup.com\/","name":"Infissi Construction","description":"High Quality Windows &amp; Doors","publisher":{"@id":"https:\/\/atangroup.com\/#organization"},"potentialAction":[{"@type":"SearchAction","target":{"@type":"EntryPoint","urlTemplate":"https:\/\/atangroup.com\/?s={search_term_string}"},"query-input":{"@type":"PropertyValueSpecification","valueRequired":true,"valueName":"search_term_string"}}],"inLanguage":"sq"},{"@type":"Organization","@id":"https:\/\/atangroup.com\/#organization","name":"Infissi Construction","url":"https:\/\/atangroup.com\/","logo":{"@type":"ImageObject","inLanguage":"sq","@id":"https:\/\/atangroup.com\/#\/schema\/logo\/image\/","url":"https:\/\/atangroup.com\/wp-content\/uploads\/2024\/10\/infissi-construction-logo-1.png","contentUrl":"https:\/\/atangroup.com\/wp-content\/uploads\/2024\/10\/infissi-construction-logo-1.png","width":1080,"height":1080,"caption":"Infissi Construction"},"image":{"@id":"https:\/\/atangroup.com\/#\/schema\/logo\/image\/"},"sameAs":["https:\/\/www.facebook.com\/infissi24construction","https:\/\/x.com\/ic_pvc_company","https:\/\/www.instagram.com\/infissiconstruction"]}]}},"_links":{"self":[{"href":"https:\/\/atangroup.com\/sq\/wp-json\/wp\/v2\/pages\/26884","targetHints":{"allow":["GET"]}}],"collection":[{"href":"https:\/\/atangroup.com\/sq\/wp-json\/wp\/v2\/pages"}],"about":[{"href":"https:\/\/atangroup.com\/sq\/wp-json\/wp\/v2\/types\/page"}],"author":[{"embeddable":true,"href":"https:\/\/atangroup.com\/sq\/wp-json\/wp\/v2\/users\/1"}],"replies":[{"embeddable":true,"href":"https:\/\/atangroup.com\/sq\/wp-json\/wp\/v2\/comments?post=26884"}],"version-history":[{"count":1,"href":"https:\/\/atangroup.com\/sq\/wp-json\/wp\/v2\/pages\/26884\/revisions"}],"predecessor-version":[{"id":27976,"href":"https:\/\/atangroup.com\/sq\/wp-json\/wp\/v2\/pages\/26884\/revisions\/27976"}],"wp:attachment":[{"href":"https:\/\/atangroup.com\/sq\/wp-json\/wp\/v2\/media?parent=26884"}],"curies":[{"name":"wp","href":"https:\/\/api.w.org\/{rel}","templated":true}]}}