{"id":26845,"date":"2024-10-04T21:22:44","date_gmt":"2024-10-04T21:22:44","guid":{"rendered":"https:\/\/atangroup.com\/?page_id=26845"},"modified":"2025-02-11T16:37:12","modified_gmt":"2025-02-11T16:37:12","slug":"pvc-balcony-doors-stylish-energy-efficient","status":"publish","type":"page","link":"https:\/\/atangroup.com\/sq\/pvc-balcony-doors-stylish-energy-efficient\/","title":{"rendered":"Dyert PVC p\u00ebr Ballkone \u2013 Zgjidhje Elegante dhe me Efikasitet Energjetik"},"content":{"rendered":"<div data-elementor-type=\"wp-page\" data-elementor-id=\"26845\" class=\"elementor elementor-26845\">\n\t\t\t\t\t\t<section class=\"elementor-section elementor-top-section elementor-element elementor-element-a0844be sc_layouts_hide_on_mobile elementor-section-boxed elementor-section-height-default elementor-section-height-default animation_type_block sc_fly_static elementor-invisible\" data-id=\"a0844be\" data-element_type=\"section\" data-e-type=\"section\" data-settings=\"{&quot;background_background&quot;:&quot;classic&quot;,&quot;animation&quot;:&quot;fadeInUp&quot;}\">\n\t\t\t\t\t\t<div class=\"elementor-container elementor-column-gap-extended\">\n\t\t\t\t\t<div class=\"elementor-column elementor-col-100 elementor-top-column elementor-element elementor-element-0064c65 sc_inner_width_none sc_content_align_inherit sc_layouts_column_icons_position_left sc_fly_static\" data-id=\"0064c65\" data-element_type=\"column\" data-e-type=\"column\">\n\t\t\t<div class=\"elementor-widget-wrap elementor-element-populated\">\n\t\t\t\t\t\t<section class=\"elementor-section elementor-inner-section elementor-element elementor-element-85256ea elementor-section-boxed elementor-section-height-default elementor-section-height-default sc_fly_static\" data-id=\"85256ea\" data-element_type=\"section\" data-e-type=\"section\">\n\t\t\t\t\t\t<div class=\"elementor-container elementor-column-gap-extended\">\n\t\t\t\t\t<div class=\"elementor-column elementor-col-100 elementor-inner-column elementor-element elementor-element-565a18f sc_inner_width_none sc_content_align_inherit sc_layouts_column_icons_position_left sc_fly_static\" data-id=\"565a18f\" data-element_type=\"column\" data-e-type=\"column\" data-settings=\"{&quot;background_background&quot;:&quot;classic&quot;}\">\n\t\t\t<div class=\"elementor-widget-wrap elementor-element-populated\">\n\t\t\t\t\t\t<div class=\"elementor-element elementor-element-619e7f6 sc_fly_static elementor-widget elementor-widget-text-editor\" data-id=\"619e7f6\" data-element_type=\"widget\" data-e-type=\"widget\" data-widget_type=\"text-editor.default\">\n\t\t\t\t<div class=\"elementor-widget-container\">\n\t\t\t\t\t\t\t\t\t<h3>\u00a0<\/h3><p><strong>Dyert PVC p\u00ebr Ballkone<\/strong> jan\u00eb kombinimi perfekt i dizajnit modern, q\u00ebndrueshm\u00ebris\u00eb dhe efikasitetit energjetik, duke i b\u00ebr\u00eb ato ideale si p\u00ebr prona rezidenciale ashtu edhe p\u00ebr prona komerciale. K\u00ebto dyer ofrojn\u00eb nj\u00eb kalim t\u00eb pand\u00ebrprer\u00eb midis hap\u00ebsirave t\u00eb brendshme dhe t\u00eb jashtme, duke siguruar zona t\u00eb m\u00ebdha xhami p\u00ebr ndri\u00e7im maksimal natyral, nd\u00ebrsa ruajn\u00eb izolimin e shk\u00eblqyer. N\u00ebse d\u00ebshironi t\u00eb p\u00ebrmir\u00ebsoni bukurin\u00eb e ballkonit tuaj ose t\u00eb rrisni efikasitetin energjetik, Dyert PVC p\u00ebr Ballkone plot\u00ebsojn\u00eb t\u00eb gjitha pritshm\u00ebrit\u00eb.<\/p>\t\t\t\t\t\t\t\t<\/div>\n\t\t\t\t<\/div>\n\t\t\t\t\t<\/div>\n\t\t<\/div>\n\t\t\t\t\t<\/div>\n\t\t<\/section>\n\t\t\t\t\t<\/div>\n\t\t<\/div>\n\t\t\t\t\t<\/div>\n\t\t<\/section>\n\t\t\t\t<section class=\"elementor-section elementor-top-section elementor-element elementor-element-801f963 sc_layouts_hide_on_wide sc_layouts_hide_on_desktop sc_layouts_hide_on_notebook sc_layouts_hide_on_tablet elementor-section-boxed elementor-section-height-default elementor-section-height-default sc_fly_static\" data-id=\"801f963\" data-element_type=\"section\" data-e-type=\"section\" data-settings=\"{&quot;background_background&quot;:&quot;classic&quot;}\">\n\t\t\t\t\t\t<div class=\"elementor-container elementor-column-gap-extended\">\n\t\t\t\t\t<div class=\"elementor-column elementor-col-100 elementor-top-column elementor-element elementor-element-74adee0 sc_inner_width_none sc_content_align_inherit sc_layouts_column_icons_position_left sc_fly_static\" data-id=\"74adee0\" data-element_type=\"column\" data-e-type=\"column\" data-settings=\"{&quot;background_background&quot;:&quot;classic&quot;,&quot;animation_mobile&quot;:&quot;fadeInUp&quot;}\">\n\t\t\t<div class=\"elementor-widget-wrap elementor-element-populated\">\n\t\t\t\t\t\t<section class=\"elementor-section elementor-inner-section elementor-element elementor-element-4d1f0f7 elementor-section-boxed elementor-section-height-default elementor-section-height-default animation_type_block sc_fly_static elementor-invisible\" data-id=\"4d1f0f7\" data-element_type=\"section\" data-e-type=\"section\" data-settings=\"{&quot;background_background&quot;:&quot;classic&quot;,&quot;animation&quot;:&quot;fadeInUp&quot;}\">\n\t\t\t\t\t\t<div class=\"elementor-container elementor-column-gap-extended\">\n\t\t\t\t\t<div class=\"elementor-column elementor-col-100 elementor-inner-column elementor-element elementor-element-473adcf sc_inner_width_none sc_content_align_inherit sc_layouts_column_icons_position_left sc_fly_static\" data-id=\"473adcf\" data-element_type=\"column\" data-e-type=\"column\" data-settings=\"{&quot;background_background&quot;:&quot;classic&quot;}\">\n\t\t\t<div class=\"elementor-widget-wrap elementor-element-populated\">\n\t\t\t\t\t\t<div class=\"elementor-element elementor-element-0a9e420 sc_fly_static elementor-widget elementor-widget-text-editor\" data-id=\"0a9e420\" data-element_type=\"widget\" data-e-type=\"widget\" data-widget_type=\"text-editor.default\">\n\t\t\t\t<div class=\"elementor-widget-container\">\n\t\t\t\t\t\t\t\t\t<p><strong>Dyert PVC p\u00ebr Ballkone<\/strong> jan\u00eb kombinimi perfekt i dizajnit modern, q\u00ebndrueshm\u00ebris\u00eb dhe efikasitetit energjetik, duke i b\u00ebr\u00eb ato ideale si p\u00ebr prona rezidenciale ashtu edhe p\u00ebr prona komerciale. K\u00ebto dyer ofrojn\u00eb nj\u00eb kalim t\u00eb pand\u00ebrprer\u00eb midis hap\u00ebsirave t\u00eb brendshme dhe t\u00eb jashtme, duke siguruar zona t\u00eb m\u00ebdha xhami p\u00ebr ndri\u00e7im maksimal natyral, nd\u00ebrsa ruajn\u00eb izolimin e shk\u00eblqyer. N\u00ebse d\u00ebshironi t\u00eb p\u00ebrmir\u00ebsoni bukurin\u00eb e ballkonit tuaj ose t\u00eb rrisni efikasitetin energjetik, Dyert PVC p\u00ebr Ballkone plot\u00ebsojn\u00eb t\u00eb gjitha pritshm\u00ebrit\u00eb.<\/p><h4>\u00a0<\/h4>\t\t\t\t\t\t\t\t<\/div>\n\t\t\t\t<\/div>\n\t\t\t\t\t<\/div>\n\t\t<\/div>\n\t\t\t\t\t<\/div>\n\t\t<\/section>\n\t\t\t\t\t<\/div>\n\t\t<\/div>\n\t\t\t\t\t<\/div>\n\t\t<\/section>\n\t\t\t\t<section class=\"elementor-section elementor-top-section elementor-element elementor-element-cf680dc elementor-section-boxed elementor-section-height-default elementor-section-height-default sc_fly_static\" data-id=\"cf680dc\" data-element_type=\"section\" data-e-type=\"section\">\n\t\t\t\t\t\t<div class=\"elementor-container elementor-column-gap-extended\">\n\t\t\t\t\t<div class=\"elementor-column elementor-col-50 elementor-top-column elementor-element elementor-element-f856d0a sc_inner_width_none sc_content_align_inherit sc_layouts_column_icons_position_left sc_fly_static\" data-id=\"f856d0a\" data-element_type=\"column\" data-e-type=\"column\">\n\t\t\t<div class=\"elementor-widget-wrap elementor-element-populated\">\n\t\t\t\t\t\t<div class=\"elementor-element elementor-element-7bc139d elementor-widget-tablet__width-initial sc_fly_static elementor-widget elementor-widget-text-editor\" data-id=\"7bc139d\" data-element_type=\"widget\" data-e-type=\"widget\" data-widget_type=\"text-editor.default\">\n\t\t\t\t<div class=\"elementor-widget-container\">\n\t\t\t\t\t\t\t\t\t<h4><strong>Key Features of PVC Balcony Doors<\/strong><\/h4><ol><li><strong>Efikasitet i Jasht\u00ebzakonsh\u00ebm ndaj Energjis\u00eb<\/strong>: Materialet PVC ofrojn\u00eb izolim termik t\u00eb shk\u00eblqyer, duke reduktuar humbjet e nxeht\u00ebsis\u00eb dhe duke kursyer n\u00eb kostot e energjis\u00eb.<\/li><li><strong>I Q\u00ebndruesh\u00ebm dhe Me Mir\u00ebmbajtje t\u00eb Ul\u00ebt<\/strong>: PVC njihet p\u00ebr rezistenc\u00ebn ndaj kushteve atmosferike, korrozionit dhe zbehjes, duke siguruar performanc\u00eb afatgjat\u00eb me mir\u00ebmbajtje minimale.<\/li><li><strong>Izolim Akustik<\/strong>: Projektuar p\u00ebr t\u00eb reduktuar zhurm\u00ebn e jashtme, duke krijuar nj\u00eb ambient t\u00eb qet\u00eb dhe paq\u00ebsor brenda.<\/li><li><strong>Profili i Holl\u00eb, Xham i Gjer\u00eb<\/strong>: Kornizat e holla lejojn\u00eb sip\u00ebrfaqe m\u00eb t\u00eb m\u00ebdha xhami, duke sjell\u00eb m\u00eb shum\u00eb drit\u00eb natyrale dhe pamje t\u00eb pand\u00ebrprera nga jasht\u00eb.<\/li><li><strong>Rezistenc\u00eb ndaj Motit<\/strong>: Dyert PVC p\u00ebr Ballkone jan\u00eb shum\u00eb rezistente ndaj ujit, er\u00ebs dhe kushteve ekstreme t\u00eb motit, duke siguruar performanc\u00eb n\u00eb t\u00eb gjitha klimatik\u00ebt.<\/li><li><strong>T\u00eb Sigurta dhe t\u00eb Besueshme<\/strong>: T\u00eb pajisura me sisteme mbylljeje me shum\u00eb pika p\u00ebr siguri t\u00eb p\u00ebrmir\u00ebsuar dhe qet\u00ebsi mendore.<\/li><li><strong>Dizajn i Personalizuesh\u00ebm<\/strong>: Disponueshme n\u00eb stile, ngjyra dhe p\u00ebrfundime t\u00eb ndryshme p\u00ebr t'iu p\u00ebrshtatur \u00e7do dizajni arkitekturor ose preference personale.<\/li><li><strong>Miq\u00ebsore me Mjedisin<\/strong>: T\u00eb prodhuara nga materiale t\u00eb riciklueshme, Dyert PVC p\u00ebr Ballkone jan\u00eb nj\u00eb zgjedhje me p\u00ebrgjegj\u00ebsi ndaj mjedisit.<\/li><\/ol>\t\t\t\t\t\t\t\t<\/div>\n\t\t\t\t<\/div>\n\t\t\t\t\t<\/div>\n\t\t<\/div>\n\t\t\t\t<div class=\"elementor-column elementor-col-50 elementor-top-column elementor-element elementor-element-a93722e sc_inner_width_none sc_content_align_inherit sc_layouts_column_icons_position_left animation_type_block sc_fly_static elementor-invisible\" data-id=\"a93722e\" data-element_type=\"column\" data-e-type=\"column\" data-settings=\"{&quot;animation&quot;:&quot;fadeInUp&quot;}\">\n\t\t\t<div class=\"elementor-widget-wrap elementor-element-populated\">\n\t\t\t\t\t\t<div class=\"elementor-element elementor-element-d4f8aa8 sc_fly_static elementor-widget elementor-widget-image\" data-id=\"d4f8aa8\" data-element_type=\"widget\" data-e-type=\"widget\" data-widget_type=\"image.default\">\n\t\t\t\t<div class=\"elementor-widget-container\">\n\t\t\t\t\t\t\t\t\t\t\t\t\t\t\t<img fetchpriority=\"high\" decoding=\"async\" width=\"440\" height=\"440\" src=\"https:\/\/atangroup.com\/wp-content\/uploads\/2024\/10\/pvc-door-balcony-img.png\" class=\"attachment-full size-full wp-image-26853\" alt=\"pvc-door-balcony-img\" srcset=\"https:\/\/atangroup.com\/wp-content\/uploads\/2024\/10\/pvc-door-balcony-img.png 440w, https:\/\/atangroup.com\/wp-content\/uploads\/2024\/10\/pvc-door-balcony-img-300x300.png 300w, https:\/\/atangroup.com\/wp-content\/uploads\/2024\/10\/pvc-door-balcony-img-150x150.png 150w, https:\/\/atangroup.com\/wp-content\/uploads\/2024\/10\/pvc-door-balcony-img-12x12.png 12w, https:\/\/atangroup.com\/wp-content\/uploads\/2024\/10\/pvc-door-balcony-img-370x370.png 370w, https:\/\/atangroup.com\/wp-content\/uploads\/2024\/10\/pvc-door-balcony-img-120x120.png 120w, https:\/\/atangroup.com\/wp-content\/uploads\/2024\/10\/pvc-door-balcony-img-410x410.png 410w, https:\/\/atangroup.com\/wp-content\/uploads\/2024\/10\/elementor\/thumbs\/pvc-door-balcony-img-150x150.png 700w, https:\/\/atangroup.com\/wp-content\/uploads\/2024\/10\/elementor\/thumbs\/pvc-door-balcony-img-150x150.png 800w, https:\/\/atangroup.com\/wp-content\/uploads\/2024\/10\/elementor\/thumbs\/pvc-door-balcony-img-150x150.png 1000w, https:\/\/atangroup.com\/wp-content\/uploads\/2024\/10\/elementor\/thumbs\/pvc-door-balcony-img-qv2z6wkfjh1clallya1li26ctupcgjivo662ga91xu.png 180w, https:\/\/atangroup.com\/wp-content\/uploads\/2024\/10\/elementor\/thumbs\/pvc-door-balcony-img-qv2z6wkfs8smpj243atwn06q8drfh8g40smq28hck0.png 200w, https:\/\/atangroup.com\/wp-content\/uploads\/2024\/10\/elementor\/thumbs\/pvc-door-balcony-img-qv2z6wkfufqgafgst8vgqt4na8z0etlwbduzdb07k2.png 205w, https:\/\/atangroup.com\/wp-content\/uploads\/2024\/10\/elementor\/thumbs\/pvc-door-balcony-img-qv2z6wkfwmo9vbvhj6x0um2kc46lcerolz38odj2k4.png 210w, https:\/\/atangroup.com\/wp-content\/uploads\/2024\/10\/elementor\/thumbs\/pvc-door-balcony-img-qv2z6wkfvbb6isfh3mhosbwm3snn6no7mtjvw4tcra.png 207w\" sizes=\"(max-width: 600px) 100vw, 440px\" \/>\t\t\t\t\t\t\t\t\t\t\t\t\t\t\t<\/div>\n\t\t\t\t<\/div>\n\t\t\t\t\t<\/div>\n\t\t<\/div>\n\t\t\t\t\t<\/div>\n\t\t<\/section>\n\t\t\t\t<section class=\"elementor-section elementor-top-section elementor-element elementor-element-dfa33e9 elementor-section-boxed elementor-section-height-default elementor-section-height-default sc_fly_static\" data-id=\"dfa33e9\" data-element_type=\"section\" data-e-type=\"section\">\n\t\t\t\t\t\t<div class=\"elementor-container elementor-column-gap-extended\">\n\t\t\t\t\t<div class=\"elementor-column elementor-col-100 elementor-top-column elementor-element elementor-element-7cf9b82 sc_inner_width_none sc_content_align_inherit sc_layouts_column_icons_position_left sc_fly_static\" data-id=\"7cf9b82\" data-element_type=\"column\" data-e-type=\"column\">\n\t\t\t<div class=\"elementor-widget-wrap elementor-element-populated\">\n\t\t\t\t\t\t<div class=\"elementor-element elementor-element-18d46d7 elementor-widget-divider--view-line_text elementor-widget-divider--element-align-center sc_fly_static elementor-widget elementor-widget-divider\" data-id=\"18d46d7\" data-element_type=\"widget\" data-e-type=\"widget\" data-widget_type=\"divider.default\">\n\t\t\t\t<div class=\"elementor-widget-container\">\n\t\t\t\t\t\t\t<div class=\"elementor-divider\">\n\t\t\t<span class=\"elementor-divider-separator\">\n\t\t\t\t\t\t\t<span class=\"elementor-divider__text elementor-divider__element\">\n\t\t\t\tK\u00ebrko nj\u00eb ofert\u00eb \t\t\t\t<\/span>\n\t\t\t\t\t\t<\/span>\n\t\t<\/div>\n\t\t\t\t\t\t<\/div>\n\t\t\t\t<\/div>\n\t\t\t\t<div class=\"elementor-element elementor-element-70ad873 sc_fly_static elementor-widget elementor-widget-heading\" data-id=\"70ad873\" data-element_type=\"widget\" data-e-type=\"widget\" data-widget_type=\"heading.default\">\n\t\t\t\t<div class=\"elementor-widget-container\">\n\t\t\t\t\t<h4 class=\"elementor-heading-title elementor-size-default\">Merrni Ofert\u00ebn tuaj t\u00eb Personalizuar p\u00ebr Dritaren PVC! K\u00ebrkoni tani!<\/h4>\t\t\t\t<\/div>\n\t\t\t\t<\/div>\n\t\t\t\t<div class=\"elementor-element elementor-element-40ab079 sc_fly_static elementor-widget elementor-widget-trx_sc_button\" data-id=\"40ab079\" data-element_type=\"widget\" data-e-type=\"widget\" data-widget_type=\"trx_sc_button.default\">\n\t\t\t\t<div class=\"elementor-widget-container\">\n\t\t\t\t\t<div\tclass=\"sc_item_button sc_button_wrap sc_align_center\" ><a href=\"https:\/\/atangroup.com\/sq\/request-a-quote\/\" class=\"sc_button sc_button_default sc_button_size_normal sc_button_with_icon sc_button_icon_right\" ><span class=\"sc_button_icon\"><span class=\"icon-logout\"><\/span><\/span><span class=\"sc_button_text\"><span class=\"sc_button_title\">K\u00ebrko nj\u00eb Ofert\u00eb<\/span><\/span><\/a><\/div>\t\t\t\t<\/div>\n\t\t\t\t<\/div>\n\t\t\t\t\t<\/div>\n\t\t<\/div>\n\t\t\t\t\t<\/div>\n\t\t<\/section>\n\t\t\t\t<\/div>","protected":false},"excerpt":{"rendered":"<p>\u00a0 PVC Balcony Doors are the perfect blend of modern design, durability, and energy efficiency, making them ideal for both residential and commercial properties. These doors provide a seamless transition&hellip;<\/p>","protected":false},"author":1,"featured_media":0,"parent":0,"menu_order":0,"comment_status":"closed","ping_status":"closed","template":"elementor_header_footer","meta":{"footnotes":"","_links_to":"","_links_to_target":""},"class_list":["post-26845","page","type-page","status-publish","hentry"],"yoast_head":"<!-- This site is optimized with the Yoast SEO Premium plugin v23.6 (Yoast SEO v27.2) - https:\/\/yoast.com\/product\/yoast-seo-premium-wordpress\/ -->\n<title>PVC Balcony Doors \u2013 Stylish &amp; Energy-Efficient<\/title>\n<meta name=\"description\" content=\"Discover PVC balcony doors for style, durability, and energy efficiency. Perfect for homes and apartments. Get a quote today!\" \/>\n<meta name=\"robots\" content=\"index, follow, max-snippet:-1, max-image-preview:large, max-video-preview:-1\" \/>\n<link rel=\"canonical\" href=\"https:\/\/atangroup.com\/sq\/pvc-balcony-doors-stylish-energy-efficient\/\" \/>\n<meta property=\"og:locale\" content=\"sq_AL\" \/>\n<meta property=\"og:type\" content=\"article\" \/>\n<meta property=\"og:title\" content=\"PVC Balcony Doors - Stylish and Energy-Efficient Solutions\" \/>\n<meta property=\"og:description\" content=\"Discover PVC balcony doors for style, durability, and energy efficiency. Perfect for homes and apartments. Get a quote today!\" \/>\n<meta property=\"og:url\" content=\"https:\/\/atangroup.com\/sq\/pvc-balcony-doors-stylish-energy-efficient\/\" \/>\n<meta property=\"og:site_name\" content=\"Atan Group\" \/>\n<meta property=\"article:publisher\" content=\"https:\/\/www.facebook.com\/infissi24construction\" \/>\n<meta property=\"article:modified_time\" content=\"2025-02-11T16:37:12+00:00\" \/>\n<meta property=\"og:image\" content=\"https:\/\/atangroup.com\/wp-content\/uploads\/2024\/10\/pvc-door-balcony-img.png\" \/>\n<meta name=\"twitter:card\" content=\"summary_large_image\" \/>\n<meta name=\"twitter:site\" content=\"@ic_pvc_company\" \/>\n<meta name=\"twitter:label1\" content=\"Est. reading time\" \/>\n\t<meta name=\"twitter:data1\" content=\"2 minuta\" \/>\n<script type=\"application\/ld+json\" class=\"yoast-schema-graph\">{\"@context\":\"https:\/\/schema.org\",\"@graph\":[{\"@type\":\"WebPage\",\"@id\":\"https:\/\/atangroup.com\/pvc-balcony-doors-stylish-energy-efficient\/\",\"url\":\"https:\/\/atangroup.com\/pvc-balcony-doors-stylish-energy-efficient\/\",\"name\":\"PVC Balcony Doors \u2013 Stylish & Energy-Efficient\",\"isPartOf\":{\"@id\":\"https:\/\/atangroup.com\/#website\"},\"primaryImageOfPage\":{\"@id\":\"https:\/\/atangroup.com\/pvc-balcony-doors-stylish-energy-efficient\/#primaryimage\"},\"image\":{\"@id\":\"https:\/\/atangroup.com\/pvc-balcony-doors-stylish-energy-efficient\/#primaryimage\"},\"thumbnailUrl\":\"https:\/\/atangroup.com\/wp-content\/uploads\/2024\/10\/pvc-door-balcony-img.png\",\"datePublished\":\"2024-10-04T21:22:44+00:00\",\"dateModified\":\"2025-02-11T16:37:12+00:00\",\"description\":\"Discover PVC balcony doors for style, durability, and energy efficiency. Perfect for homes and apartments. Get a quote today!\",\"breadcrumb\":{\"@id\":\"https:\/\/atangroup.com\/pvc-balcony-doors-stylish-energy-efficient\/#breadcrumb\"},\"inLanguage\":\"sq\",\"potentialAction\":[{\"@type\":\"ReadAction\",\"target\":[\"https:\/\/atangroup.com\/pvc-balcony-doors-stylish-energy-efficient\/\"]}]},{\"@type\":\"ImageObject\",\"inLanguage\":\"sq\",\"@id\":\"https:\/\/atangroup.com\/pvc-balcony-doors-stylish-energy-efficient\/#primaryimage\",\"url\":\"https:\/\/atangroup.com\/wp-content\/uploads\/2024\/10\/pvc-door-balcony-img.png\",\"contentUrl\":\"https:\/\/atangroup.com\/wp-content\/uploads\/2024\/10\/pvc-door-balcony-img.png\"},{\"@type\":\"BreadcrumbList\",\"@id\":\"https:\/\/atangroup.com\/pvc-balcony-doors-stylish-energy-efficient\/#breadcrumb\",\"itemListElement\":[{\"@type\":\"ListItem\",\"position\":1,\"name\":\"Home\",\"item\":\"https:\/\/atangroup.com\/\"},{\"@type\":\"ListItem\",\"position\":2,\"name\":\"PVC Balcony Doors &#8211; Stylish and Energy-Efficient Solutions\"}]},{\"@type\":\"WebSite\",\"@id\":\"https:\/\/atangroup.com\/#website\",\"url\":\"https:\/\/atangroup.com\/\",\"name\":\"Infissi Construction\",\"description\":\"High Quality Windows &amp; Doors\",\"publisher\":{\"@id\":\"https:\/\/atangroup.com\/#organization\"},\"potentialAction\":[{\"@type\":\"SearchAction\",\"target\":{\"@type\":\"EntryPoint\",\"urlTemplate\":\"https:\/\/atangroup.com\/?s={search_term_string}\"},\"query-input\":{\"@type\":\"PropertyValueSpecification\",\"valueRequired\":true,\"valueName\":\"search_term_string\"}}],\"inLanguage\":\"sq\"},{\"@type\":\"Organization\",\"@id\":\"https:\/\/atangroup.com\/#organization\",\"name\":\"Infissi Construction\",\"url\":\"https:\/\/atangroup.com\/\",\"logo\":{\"@type\":\"ImageObject\",\"inLanguage\":\"sq\",\"@id\":\"https:\/\/atangroup.com\/#\/schema\/logo\/image\/\",\"url\":\"https:\/\/atangroup.com\/wp-content\/uploads\/2024\/10\/infissi-construction-logo-1.png\",\"contentUrl\":\"https:\/\/atangroup.com\/wp-content\/uploads\/2024\/10\/infissi-construction-logo-1.png\",\"width\":1080,\"height\":1080,\"caption\":\"Infissi Construction\"},\"image\":{\"@id\":\"https:\/\/atangroup.com\/#\/schema\/logo\/image\/\"},\"sameAs\":[\"https:\/\/www.facebook.com\/infissi24construction\",\"https:\/\/x.com\/ic_pvc_company\",\"https:\/\/www.instagram.com\/infissiconstruction\"]}]}<\/script>\n<!-- \/ Yoast SEO Premium plugin. -->","yoast_head_json":{"title":"PVC Balcony Doors \u2013 Stylish & Energy-Efficient","description":"Discover PVC balcony doors for style, durability, and energy efficiency. Perfect for homes and apartments. Get a quote today!","robots":{"index":"index","follow":"follow","max-snippet":"max-snippet:-1","max-image-preview":"max-image-preview:large","max-video-preview":"max-video-preview:-1"},"canonical":"https:\/\/atangroup.com\/sq\/pvc-balcony-doors-stylish-energy-efficient\/","og_locale":"sq_AL","og_type":"article","og_title":"PVC Balcony Doors - Stylish and Energy-Efficient Solutions","og_description":"Discover PVC balcony doors for style, durability, and energy efficiency. Perfect for homes and apartments. Get a quote today!","og_url":"https:\/\/atangroup.com\/sq\/pvc-balcony-doors-stylish-energy-efficient\/","og_site_name":"Atan Group","article_publisher":"https:\/\/www.facebook.com\/infissi24construction","article_modified_time":"2025-02-11T16:37:12+00:00","og_image":[{"url":"https:\/\/atangroup.com\/wp-content\/uploads\/2024\/10\/pvc-door-balcony-img.png","type":"","width":"","height":""}],"twitter_card":"summary_large_image","twitter_site":"@ic_pvc_company","twitter_misc":{"Est. reading time":"2 minuta"},"schema":{"@context":"https:\/\/schema.org","@graph":[{"@type":"WebPage","@id":"https:\/\/atangroup.com\/pvc-balcony-doors-stylish-energy-efficient\/","url":"https:\/\/atangroup.com\/pvc-balcony-doors-stylish-energy-efficient\/","name":"PVC Balcony Doors \u2013 Stylish & Energy-Efficient","isPartOf":{"@id":"https:\/\/atangroup.com\/#website"},"primaryImageOfPage":{"@id":"https:\/\/atangroup.com\/pvc-balcony-doors-stylish-energy-efficient\/#primaryimage"},"image":{"@id":"https:\/\/atangroup.com\/pvc-balcony-doors-stylish-energy-efficient\/#primaryimage"},"thumbnailUrl":"https:\/\/atangroup.com\/wp-content\/uploads\/2024\/10\/pvc-door-balcony-img.png","datePublished":"2024-10-04T21:22:44+00:00","dateModified":"2025-02-11T16:37:12+00:00","description":"Discover PVC balcony doors for style, durability, and energy efficiency. Perfect for homes and apartments. Get a quote today!","breadcrumb":{"@id":"https:\/\/atangroup.com\/pvc-balcony-doors-stylish-energy-efficient\/#breadcrumb"},"inLanguage":"sq","potentialAction":[{"@type":"ReadAction","target":["https:\/\/atangroup.com\/pvc-balcony-doors-stylish-energy-efficient\/"]}]},{"@type":"ImageObject","inLanguage":"sq","@id":"https:\/\/atangroup.com\/pvc-balcony-doors-stylish-energy-efficient\/#primaryimage","url":"https:\/\/atangroup.com\/wp-content\/uploads\/2024\/10\/pvc-door-balcony-img.png","contentUrl":"https:\/\/atangroup.com\/wp-content\/uploads\/2024\/10\/pvc-door-balcony-img.png"},{"@type":"BreadcrumbList","@id":"https:\/\/atangroup.com\/pvc-balcony-doors-stylish-energy-efficient\/#breadcrumb","itemListElement":[{"@type":"ListItem","position":1,"name":"Home","item":"https:\/\/atangroup.com\/"},{"@type":"ListItem","position":2,"name":"PVC Balcony Doors &#8211; Stylish and Energy-Efficient Solutions"}]},{"@type":"WebSite","@id":"https:\/\/atangroup.com\/#website","url":"https:\/\/atangroup.com\/","name":"Infissi Construction","description":"High Quality Windows &amp; Doors","publisher":{"@id":"https:\/\/atangroup.com\/#organization"},"potentialAction":[{"@type":"SearchAction","target":{"@type":"EntryPoint","urlTemplate":"https:\/\/atangroup.com\/?s={search_term_string}"},"query-input":{"@type":"PropertyValueSpecification","valueRequired":true,"valueName":"search_term_string"}}],"inLanguage":"sq"},{"@type":"Organization","@id":"https:\/\/atangroup.com\/#organization","name":"Infissi Construction","url":"https:\/\/atangroup.com\/","logo":{"@type":"ImageObject","inLanguage":"sq","@id":"https:\/\/atangroup.com\/#\/schema\/logo\/image\/","url":"https:\/\/atangroup.com\/wp-content\/uploads\/2024\/10\/infissi-construction-logo-1.png","contentUrl":"https:\/\/atangroup.com\/wp-content\/uploads\/2024\/10\/infissi-construction-logo-1.png","width":1080,"height":1080,"caption":"Infissi Construction"},"image":{"@id":"https:\/\/atangroup.com\/#\/schema\/logo\/image\/"},"sameAs":["https:\/\/www.facebook.com\/infissi24construction","https:\/\/x.com\/ic_pvc_company","https:\/\/www.instagram.com\/infissiconstruction"]}]}},"_links":{"self":[{"href":"https:\/\/atangroup.com\/sq\/wp-json\/wp\/v2\/pages\/26845","targetHints":{"allow":["GET"]}}],"collection":[{"href":"https:\/\/atangroup.com\/sq\/wp-json\/wp\/v2\/pages"}],"about":[{"href":"https:\/\/atangroup.com\/sq\/wp-json\/wp\/v2\/types\/page"}],"author":[{"embeddable":true,"href":"https:\/\/atangroup.com\/sq\/wp-json\/wp\/v2\/users\/1"}],"replies":[{"embeddable":true,"href":"https:\/\/atangroup.com\/sq\/wp-json\/wp\/v2\/comments?post=26845"}],"version-history":[{"count":1,"href":"https:\/\/atangroup.com\/sq\/wp-json\/wp\/v2\/pages\/26845\/revisions"}],"predecessor-version":[{"id":27973,"href":"https:\/\/atangroup.com\/sq\/wp-json\/wp\/v2\/pages\/26845\/revisions\/27973"}],"wp:attachment":[{"href":"https:\/\/atangroup.com\/sq\/wp-json\/wp\/v2\/media?parent=26845"}],"curies":[{"name":"wp","href":"https:\/\/api.w.org\/{rel}","templated":true}]}}