{"id":27834,"date":"2024-12-04T13:50:44","date_gmt":"2024-12-04T13:50:44","guid":{"rendered":"https:\/\/atangroup.com\/?page_id=27834"},"modified":"2025-08-25T20:13:35","modified_gmt":"2025-08-25T20:13:35","slug":"alumil-s77","status":"publish","type":"page","link":"https:\/\/atangroup.com\/de\/alumil-s77\/","title":{"rendered":"Alumil S77"},"content":{"rendered":"<div data-elementor-type=\"wp-page\" data-elementor-id=\"27834\" class=\"elementor elementor-27834\">\n\t\t\t\t\t\t<section class=\"elementor-section elementor-top-section elementor-element elementor-element-1e319f1 elementor-section-boxed elementor-section-height-default elementor-section-height-default sc_fly_static\" data-id=\"1e319f1\" data-element_type=\"section\" data-e-type=\"section\">\n\t\t\t\t\t\t<div class=\"elementor-container elementor-column-gap-extended\">\n\t\t\t\t\t<div class=\"elementor-column elementor-col-50 elementor-top-column elementor-element elementor-element-d7d2cf8 sc_inner_width_none sc_content_align_inherit sc_layouts_column_icons_position_left sc_fly_static\" data-id=\"d7d2cf8\" data-element_type=\"column\" data-e-type=\"column\">\n\t\t\t<div class=\"elementor-widget-wrap elementor-element-populated\">\n\t\t\t\t\t\t<div class=\"elementor-element elementor-element-b2bcd6f sc_fly_static elementor-widget elementor-widget-shortcode\" data-id=\"b2bcd6f\" data-element_type=\"widget\" data-e-type=\"widget\" data-widget_type=\"shortcode.default\">\n\t\t\t\t<div class=\"elementor-widget-container\">\n\t\t\t\t\t\t\t<div class=\"elementor-shortcode\"><\/div>\n\t\t\t\t\t\t<\/div>\n\t\t\t\t<\/div>\n\t\t\t\t\t<\/div>\n\t\t<\/div>\n\t\t\t\t<div class=\"elementor-column elementor-col-50 elementor-top-column elementor-element elementor-element-a898bb9 sc_inner_width_none sc_content_align_inherit sc_layouts_column_icons_position_left sc_fly_static\" data-id=\"a898bb9\" data-element_type=\"column\" data-e-type=\"column\">\n\t\t\t<div class=\"elementor-widget-wrap elementor-element-populated\">\n\t\t\t\t\t\t<div class=\"elementor-element elementor-element-4ff6d0a sc_fly_static elementor-widget elementor-widget-text-editor\" data-id=\"4ff6d0a\" data-element_type=\"widget\" data-e-type=\"widget\" data-widget_type=\"text-editor.default\">\n\t\t\t\t<div class=\"elementor-widget-container\">\n\t\t\t\t\t\t\t\t\t<h3><strong>Featured Products:<\/strong><\/h3><h4><strong data-start=\"66\" data-end=\"83\">1. Alumil S77<\/strong><\/h4><ul data-start=\"87\" data-end=\"789\"><li data-start=\"87\" data-end=\"357\"><p data-start=\"89\" data-end=\"357\"><strong data-start=\"89\" data-end=\"105\">Beschreibung:<\/strong><br data-start=\"105\" data-end=\"108\" \/>Das Alumil S77 ist ein fortschrittliches Aluminiumfenster- und T\u00fcrsystem, das h\u00f6chste Standards in Bezug auf Energieeffizienz und Sicherheit erf\u00fcllt. Mit exzellenter W\u00e4rmed\u00e4mmung und modernem Design bietet es hohe Leistung und maximalen nat\u00fcrlichen Lichteinfall.<\/p><\/li><li data-start=\"359\" data-end=\"628\"><p data-start=\"361\" data-end=\"380\"><strong data-start=\"361\" data-end=\"378\">Hauptmerkmale:<\/strong><\/p><ul data-start=\"383\" data-end=\"628\"><li data-start=\"383\" data-end=\"406\">Rahmenst\u00e4rke: 77 mm.<\/li><li data-start=\"409\" data-end=\"456\">W\u00e4rmed\u00e4mmung: Uf bis zu 1,0 W\/m\u00b2K.<\/li><li data-start=\"459\" data-end=\"492\">Glasst\u00e4rke: Bis zu 65 mm.<\/li><li data-start=\"495\" data-end=\"546\">\u00d6ffnungsarten: Seitlich angeschlagen und Kipp-Dreh-Funktion.<\/li><li data-start=\"549\" data-end=\"628\">Normen: EN 14351-1, ISO 10077-2, Passivhaus-Zertifizierung (optional).<\/li><\/ul><\/li><li data-start=\"630\" data-end=\"789\"><p data-start=\"632\" data-end=\"789\"><strong data-start=\"632\" data-end=\"655\">Ideale Anwendungen:<\/strong><br data-start=\"655\" data-end=\"658\" \/>Geeignet f\u00fcr Wohn- und Gesch\u00e4ftsgeb\u00e4ude, die eine ausgewogene Kombination aus Energieeffizienz, Sicherheit und modernem Design suchen.<\/p><\/li><\/ul>\t\t\t\t\t\t\t\t<\/div>\n\t\t\t\t<\/div>\n\t\t\t\t\t<\/div>\n\t\t<\/div>\n\t\t\t\t\t<\/div>\n\t\t<\/section>\n\t\t\t\t<section class=\"elementor-section elementor-top-section elementor-element elementor-element-f270a9b elementor-section-boxed elementor-section-height-default elementor-section-height-default sc_fly_static\" data-id=\"f270a9b\" data-element_type=\"section\" data-e-type=\"section\">\n\t\t\t\t\t\t<div class=\"elementor-container elementor-column-gap-extended\">\n\t\t\t\t\t<div class=\"elementor-column elementor-col-100 elementor-top-column elementor-element elementor-element-573b466 sc_inner_width_none sc_content_align_inherit sc_layouts_column_icons_position_left sc_fly_static\" data-id=\"573b466\" data-element_type=\"column\" data-e-type=\"column\">\n\t\t\t<div class=\"elementor-widget-wrap elementor-element-populated\">\n\t\t\t\t\t\t<div class=\"elementor-element elementor-element-b7ae802 elementor-widget-divider--view-line_text elementor-widget-divider--element-align-center sc_fly_static elementor-widget elementor-widget-divider\" data-id=\"b7ae802\" data-element_type=\"widget\" data-e-type=\"widget\" data-widget_type=\"divider.default\">\n\t\t\t\t<div class=\"elementor-widget-container\">\n\t\t\t\t\t\t\t<div class=\"elementor-divider\">\n\t\t\t<span class=\"elementor-divider-separator\">\n\t\t\t\t\t\t\t<span class=\"elementor-divider__text elementor-divider__element\">\n\t\t\t\tAngebot anfordern \t\t\t\t<\/span>\n\t\t\t\t\t\t<\/span>\n\t\t<\/div>\n\t\t\t\t\t\t<\/div>\n\t\t\t\t<\/div>\n\t\t\t\t<div class=\"elementor-element elementor-element-7260ad2 sc_fly_static elementor-widget elementor-widget-heading\" data-id=\"7260ad2\" data-element_type=\"widget\" data-e-type=\"widget\" data-widget_type=\"heading.default\">\n\t\t\t\t<div class=\"elementor-widget-container\">\n\t\t\t\t\t<h4 class=\"elementor-heading-title elementor-size-default\">Holen Sie sich Ihr individuelles Angebot f\u00fcr PVC-Fenster! Fordern Sie es jetzt an!<\/h4>\t\t\t\t<\/div>\n\t\t\t\t<\/div>\n\t\t\t\t<div class=\"elementor-element elementor-element-ba5f82f sc_fly_static elementor-widget elementor-widget-trx_sc_button\" data-id=\"ba5f82f\" data-element_type=\"widget\" data-e-type=\"widget\" data-widget_type=\"trx_sc_button.default\">\n\t\t\t\t<div class=\"elementor-widget-container\">\n\t\t\t\t\t<div\tclass=\"sc_item_button sc_button_wrap sc_align_center\" ><a href=\"https:\/\/atangroup.com\/de\/ein-angebot-anfordern\/\" class=\"sc_button sc_button_default sc_button_size_normal sc_button_with_icon sc_button_icon_right\" ><span class=\"sc_button_icon\"><span class=\"icon-logout\"><\/span><\/span><span class=\"sc_button_text\"><span class=\"sc_button_title\">Kontakt<\/span><\/span><\/a><\/div>\t\t\t\t<\/div>\n\t\t\t\t<\/div>\n\t\t\t\t\t<\/div>\n\t\t<\/div>\n\t\t\t\t\t<\/div>\n\t\t<\/section>\n\t\t\t\t<\/div>","protected":false},"excerpt":{"rendered":"<p>Featured Products: 1. Alumil S77 Description:Alumil S77 is a premium aluminum window and door system designed to meet high energy efficiency and security standards. With advanced thermal insulation and modern&hellip;<\/p>","protected":false},"author":1,"featured_media":0,"parent":0,"menu_order":0,"comment_status":"closed","ping_status":"closed","template":"elementor_header_footer","meta":{"footnotes":"","_links_to":"","_links_to_target":""},"class_list":["post-27834","page","type-page","status-publish","hentry"],"yoast_head":"<!-- This site is optimized with the Yoast SEO Premium plugin v23.6 (Yoast SEO v27.2) - https:\/\/yoast.com\/product\/yoast-seo-premium-wordpress\/ -->\n<title>Alumil 77 \u2013 Energy-Efficient Aluminum Windows<\/title>\n<meta name=\"description\" content=\"Discover Alumil 77 Si aluminum windows \u2013 energy-efficient, durable, and stylish. Perfect for homes and businesses\" \/>\n<meta name=\"robots\" content=\"index, follow, max-snippet:-1, max-image-preview:large, max-video-preview:-1\" \/>\n<link rel=\"canonical\" href=\"https:\/\/atangroup.com\/de\/alumil-s77\/\" \/>\n<meta property=\"og:locale\" content=\"de_DE\" \/>\n<meta property=\"og:type\" content=\"article\" \/>\n<meta property=\"og:title\" content=\"Alumil S77\" \/>\n<meta property=\"og:description\" content=\"Discover Alumil 77 Si aluminum windows \u2013 energy-efficient, durable, and stylish. Perfect for homes and businesses\" \/>\n<meta property=\"og:url\" content=\"https:\/\/atangroup.com\/de\/alumil-s77\/\" \/>\n<meta property=\"og:site_name\" content=\"Atan Group\" \/>\n<meta property=\"article:publisher\" content=\"https:\/\/www.facebook.com\/infissi24construction\" \/>\n<meta property=\"article:modified_time\" content=\"2025-08-25T20:13:35+00:00\" \/>\n<meta property=\"og:image\" content=\"https:\/\/atangroup.com\/wp-content\/uploads\/2024\/10\/ic-1200-x-675-px.png\" \/>\n\t<meta property=\"og:image:width\" content=\"1200\" \/>\n\t<meta property=\"og:image:height\" content=\"675\" \/>\n\t<meta property=\"og:image:type\" content=\"image\/png\" \/>\n<meta name=\"twitter:card\" content=\"summary_large_image\" \/>\n<meta name=\"twitter:site\" content=\"@ic_pvc_company\" \/>\n<meta name=\"twitter:label1\" content=\"Gesch\u00e4tzte Lesezeit\" \/>\n\t<meta name=\"twitter:data1\" content=\"1\u00a0Minute\" \/>\n<script type=\"application\/ld+json\" class=\"yoast-schema-graph\">{\"@context\":\"https:\/\/schema.org\",\"@graph\":[{\"@type\":\"WebPage\",\"@id\":\"https:\/\/atangroup.com\/alumil-s77\/\",\"url\":\"https:\/\/atangroup.com\/alumil-s77\/\",\"name\":\"Alumil 77 \u2013 Energy-Efficient Aluminum Windows\",\"isPartOf\":{\"@id\":\"https:\/\/atangroup.com\/#website\"},\"datePublished\":\"2024-12-04T13:50:44+00:00\",\"dateModified\":\"2025-08-25T20:13:35+00:00\",\"description\":\"Discover Alumil 77 Si aluminum windows \u2013 energy-efficient, durable, and stylish. Perfect for homes and businesses\",\"breadcrumb\":{\"@id\":\"https:\/\/atangroup.com\/alumil-s77\/#breadcrumb\"},\"inLanguage\":\"de\",\"potentialAction\":[{\"@type\":\"ReadAction\",\"target\":[\"https:\/\/atangroup.com\/alumil-s77\/\"]}]},{\"@type\":\"BreadcrumbList\",\"@id\":\"https:\/\/atangroup.com\/alumil-s77\/#breadcrumb\",\"itemListElement\":[{\"@type\":\"ListItem\",\"position\":1,\"name\":\"Home\",\"item\":\"https:\/\/atangroup.com\/\"},{\"@type\":\"ListItem\",\"position\":2,\"name\":\"Alumil S77\"}]},{\"@type\":\"WebSite\",\"@id\":\"https:\/\/atangroup.com\/#website\",\"url\":\"https:\/\/atangroup.com\/\",\"name\":\"Infissi Construction\",\"description\":\"High Quality Windows &amp; Doors\",\"publisher\":{\"@id\":\"https:\/\/atangroup.com\/#organization\"},\"potentialAction\":[{\"@type\":\"SearchAction\",\"target\":{\"@type\":\"EntryPoint\",\"urlTemplate\":\"https:\/\/atangroup.com\/?s={search_term_string}\"},\"query-input\":{\"@type\":\"PropertyValueSpecification\",\"valueRequired\":true,\"valueName\":\"search_term_string\"}}],\"inLanguage\":\"de\"},{\"@type\":\"Organization\",\"@id\":\"https:\/\/atangroup.com\/#organization\",\"name\":\"Infissi Construction\",\"url\":\"https:\/\/atangroup.com\/\",\"logo\":{\"@type\":\"ImageObject\",\"inLanguage\":\"de\",\"@id\":\"https:\/\/atangroup.com\/#\/schema\/logo\/image\/\",\"url\":\"https:\/\/atangroup.com\/wp-content\/uploads\/2024\/10\/infissi-construction-logo-1.png\",\"contentUrl\":\"https:\/\/atangroup.com\/wp-content\/uploads\/2024\/10\/infissi-construction-logo-1.png\",\"width\":1080,\"height\":1080,\"caption\":\"Infissi Construction\"},\"image\":{\"@id\":\"https:\/\/atangroup.com\/#\/schema\/logo\/image\/\"},\"sameAs\":[\"https:\/\/www.facebook.com\/infissi24construction\",\"https:\/\/x.com\/ic_pvc_company\",\"https:\/\/www.instagram.com\/infissiconstruction\"]}]}<\/script>\n<!-- \/ Yoast SEO Premium plugin. -->","yoast_head_json":{"title":"Alumil 77 \u2013 Energy-Efficient Aluminum Windows","description":"Discover Alumil 77 Si aluminum windows \u2013 energy-efficient, durable, and stylish. Perfect for homes and businesses","robots":{"index":"index","follow":"follow","max-snippet":"max-snippet:-1","max-image-preview":"max-image-preview:large","max-video-preview":"max-video-preview:-1"},"canonical":"https:\/\/atangroup.com\/de\/alumil-s77\/","og_locale":"de_DE","og_type":"article","og_title":"Alumil S77","og_description":"Discover Alumil 77 Si aluminum windows \u2013 energy-efficient, durable, and stylish. Perfect for homes and businesses","og_url":"https:\/\/atangroup.com\/de\/alumil-s77\/","og_site_name":"Atan Group","article_publisher":"https:\/\/www.facebook.com\/infissi24construction","article_modified_time":"2025-08-25T20:13:35+00:00","og_image":[{"width":1200,"height":675,"url":"https:\/\/atangroup.com\/wp-content\/uploads\/2024\/10\/ic-1200-x-675-px.png","type":"image\/png"}],"twitter_card":"summary_large_image","twitter_site":"@ic_pvc_company","twitter_misc":{"Gesch\u00e4tzte Lesezeit":"1\u00a0Minute"},"schema":{"@context":"https:\/\/schema.org","@graph":[{"@type":"WebPage","@id":"https:\/\/atangroup.com\/alumil-s77\/","url":"https:\/\/atangroup.com\/alumil-s77\/","name":"Alumil 77 \u2013 Energy-Efficient Aluminum Windows","isPartOf":{"@id":"https:\/\/atangroup.com\/#website"},"datePublished":"2024-12-04T13:50:44+00:00","dateModified":"2025-08-25T20:13:35+00:00","description":"Discover Alumil 77 Si aluminum windows \u2013 energy-efficient, durable, and stylish. Perfect for homes and businesses","breadcrumb":{"@id":"https:\/\/atangroup.com\/alumil-s77\/#breadcrumb"},"inLanguage":"de","potentialAction":[{"@type":"ReadAction","target":["https:\/\/atangroup.com\/alumil-s77\/"]}]},{"@type":"BreadcrumbList","@id":"https:\/\/atangroup.com\/alumil-s77\/#breadcrumb","itemListElement":[{"@type":"ListItem","position":1,"name":"Home","item":"https:\/\/atangroup.com\/"},{"@type":"ListItem","position":2,"name":"Alumil S77"}]},{"@type":"WebSite","@id":"https:\/\/atangroup.com\/#website","url":"https:\/\/atangroup.com\/","name":"Infissi Construction","description":"High Quality Windows &amp; Doors","publisher":{"@id":"https:\/\/atangroup.com\/#organization"},"potentialAction":[{"@type":"SearchAction","target":{"@type":"EntryPoint","urlTemplate":"https:\/\/atangroup.com\/?s={search_term_string}"},"query-input":{"@type":"PropertyValueSpecification","valueRequired":true,"valueName":"search_term_string"}}],"inLanguage":"de"},{"@type":"Organization","@id":"https:\/\/atangroup.com\/#organization","name":"Infissi Construction","url":"https:\/\/atangroup.com\/","logo":{"@type":"ImageObject","inLanguage":"de","@id":"https:\/\/atangroup.com\/#\/schema\/logo\/image\/","url":"https:\/\/atangroup.com\/wp-content\/uploads\/2024\/10\/infissi-construction-logo-1.png","contentUrl":"https:\/\/atangroup.com\/wp-content\/uploads\/2024\/10\/infissi-construction-logo-1.png","width":1080,"height":1080,"caption":"Infissi Construction"},"image":{"@id":"https:\/\/atangroup.com\/#\/schema\/logo\/image\/"},"sameAs":["https:\/\/www.facebook.com\/infissi24construction","https:\/\/x.com\/ic_pvc_company","https:\/\/www.instagram.com\/infissiconstruction"]}]}},"_links":{"self":[{"href":"https:\/\/atangroup.com\/de\/wp-json\/wp\/v2\/pages\/27834","targetHints":{"allow":["GET"]}}],"collection":[{"href":"https:\/\/atangroup.com\/de\/wp-json\/wp\/v2\/pages"}],"about":[{"href":"https:\/\/atangroup.com\/de\/wp-json\/wp\/v2\/types\/page"}],"author":[{"embeddable":true,"href":"https:\/\/atangroup.com\/de\/wp-json\/wp\/v2\/users\/1"}],"replies":[{"embeddable":true,"href":"https:\/\/atangroup.com\/de\/wp-json\/wp\/v2\/comments?post=27834"}],"version-history":[{"count":15,"href":"https:\/\/atangroup.com\/de\/wp-json\/wp\/v2\/pages\/27834\/revisions"}],"predecessor-version":[{"id":28188,"href":"https:\/\/atangroup.com\/de\/wp-json\/wp\/v2\/pages\/27834\/revisions\/28188"}],"wp:attachment":[{"href":"https:\/\/atangroup.com\/de\/wp-json\/wp\/v2\/media?parent=27834"}],"curies":[{"name":"wp","href":"https:\/\/api.w.org\/{rel}","templated":true}]}}