{"id":26950,"date":"2024-10-05T21:33:54","date_gmt":"2024-10-05T21:33:54","guid":{"rendered":"https:\/\/atangroup.com\/?page_id=26950"},"modified":"2025-02-11T17:08:28","modified_gmt":"2025-02-11T17:08:28","slug":"enster-shutter-box-sicher-und-wetterbestandiges-design","status":"publish","type":"page","link":"https:\/\/atangroup.com\/de\/enster-shutter-box-sicher-und-wetterbestandiges-design\/","title":{"rendered":"Fensterl\u00e4denkasten \u2013 Sichere und wetterbest\u00e4ndige Gestaltung"},"content":{"rendered":"<div data-elementor-type=\"wp-page\" data-elementor-id=\"26950\" class=\"elementor elementor-26950\">\n\t\t\t\t\t\t<section class=\"elementor-section elementor-top-section elementor-element elementor-element-3769bb0 sc_layouts_hide_on_mobile elementor-section-boxed elementor-section-height-default elementor-section-height-default animation_type_block sc_fly_static elementor-invisible\" data-id=\"3769bb0\" data-element_type=\"section\" data-e-type=\"section\" data-settings=\"{&quot;background_background&quot;:&quot;classic&quot;,&quot;animation&quot;:&quot;fadeInUp&quot;}\">\n\t\t\t\t\t\t<div class=\"elementor-container elementor-column-gap-extended\">\n\t\t\t\t\t<div class=\"elementor-column elementor-col-100 elementor-top-column elementor-element elementor-element-aa4903e sc_inner_width_none sc_content_align_inherit sc_layouts_column_icons_position_left sc_fly_static\" data-id=\"aa4903e\" data-element_type=\"column\" data-e-type=\"column\">\n\t\t\t<div class=\"elementor-widget-wrap elementor-element-populated\">\n\t\t\t\t\t\t<section class=\"elementor-section elementor-inner-section elementor-element elementor-element-20dc997 elementor-section-boxed elementor-section-height-default elementor-section-height-default sc_fly_static\" data-id=\"20dc997\" data-element_type=\"section\" data-e-type=\"section\">\n\t\t\t\t\t\t<div class=\"elementor-container elementor-column-gap-extended\">\n\t\t\t\t\t<div class=\"elementor-column elementor-col-100 elementor-inner-column elementor-element elementor-element-4a99598 sc_inner_width_none sc_content_align_inherit sc_layouts_column_icons_position_left sc_fly_static\" data-id=\"4a99598\" data-element_type=\"column\" data-e-type=\"column\" data-settings=\"{&quot;background_background&quot;:&quot;classic&quot;}\">\n\t\t\t<div class=\"elementor-widget-wrap elementor-element-populated\">\n\t\t\t\t\t\t<div class=\"elementor-element elementor-element-df3a456 sc_fly_static elementor-widget elementor-widget-text-editor\" data-id=\"df3a456\" data-element_type=\"widget\" data-e-type=\"widget\" data-widget_type=\"text-editor.default\">\n\t\t\t\t<div class=\"elementor-widget-container\">\n\t\t\t\t\t\t\t\t\t<p>Ein <strong>Fensterl\u00e4denkasten<\/strong> ist ein wesentlicher Bestandteil zur Unterbringung und zum Schutz von Rolll\u00e4den, wenn diese nicht in Gebrauch sind. Er wurde entwickelt, um sich nahtlos in die Architektur Ihres Hauses oder Unternehmens einzuf\u00fcgen. Der Kasten bietet ein sauberes und unauff\u00e4lliges Aussehen, w\u00e4hrend er die Mechanismen Ihrer Rolll\u00e4den vor Besch\u00e4digung, Schmutz und Witterungseinfl\u00fcssen sch\u00fctzt. Hergestellt aus langlebigen Materialien gew\u00e4hrleisten <strong>die Langlebigkeit und den reibungslosen Betrieb Ihrer Rolll\u00e4den und sind somit ein wichtiger Teil jedes Rollladensystems.<\/strong> ensure the longevity and smooth operation of your shutters, making them a vital part of any roller shutter system.<\/p>\t\t\t\t\t\t\t\t<\/div>\n\t\t\t\t<\/div>\n\t\t\t\t\t<\/div>\n\t\t<\/div>\n\t\t\t\t\t<\/div>\n\t\t<\/section>\n\t\t\t\t\t<\/div>\n\t\t<\/div>\n\t\t\t\t\t<\/div>\n\t\t<\/section>\n\t\t\t\t<section class=\"elementor-section elementor-top-section elementor-element elementor-element-929ec6f sc_layouts_hide_on_wide sc_layouts_hide_on_desktop sc_layouts_hide_on_notebook sc_layouts_hide_on_tablet elementor-section-boxed elementor-section-height-default elementor-section-height-default sc_fly_static\" data-id=\"929ec6f\" data-element_type=\"section\" data-e-type=\"section\" data-settings=\"{&quot;background_background&quot;:&quot;classic&quot;}\">\n\t\t\t\t\t\t<div class=\"elementor-container elementor-column-gap-extended\">\n\t\t\t\t\t<div class=\"elementor-column elementor-col-100 elementor-top-column elementor-element elementor-element-75314a8 sc_inner_width_none sc_content_align_inherit sc_layouts_column_icons_position_left sc_fly_static\" data-id=\"75314a8\" data-element_type=\"column\" data-e-type=\"column\" data-settings=\"{&quot;background_background&quot;:&quot;classic&quot;,&quot;animation_mobile&quot;:&quot;fadeInUp&quot;}\">\n\t\t\t<div class=\"elementor-widget-wrap elementor-element-populated\">\n\t\t\t\t\t\t<section class=\"elementor-section elementor-inner-section elementor-element elementor-element-123687e elementor-section-boxed elementor-section-height-default elementor-section-height-default animation_type_block sc_fly_static elementor-invisible\" data-id=\"123687e\" data-element_type=\"section\" data-e-type=\"section\" data-settings=\"{&quot;background_background&quot;:&quot;classic&quot;,&quot;animation&quot;:&quot;fadeInUp&quot;}\">\n\t\t\t\t\t\t<div class=\"elementor-container elementor-column-gap-extended\">\n\t\t\t\t\t<div class=\"elementor-column elementor-col-100 elementor-inner-column elementor-element elementor-element-ba6bffb sc_inner_width_none sc_content_align_inherit sc_layouts_column_icons_position_left sc_fly_static\" data-id=\"ba6bffb\" data-element_type=\"column\" data-e-type=\"column\" data-settings=\"{&quot;background_background&quot;:&quot;classic&quot;}\">\n\t\t\t<div class=\"elementor-widget-wrap elementor-element-populated\">\n\t\t\t\t\t\t<div class=\"elementor-element elementor-element-c47a7ed sc_fly_static elementor-widget elementor-widget-text-editor\" data-id=\"c47a7ed\" data-element_type=\"widget\" data-e-type=\"widget\" data-widget_type=\"text-editor.default\">\n\t\t\t\t<div class=\"elementor-widget-container\">\n\t\t\t\t\t\t\t\t\t<p>Ein <strong>Fensterl\u00e4denkasten<\/strong> ist ein wesentlicher Bestandteil zur Unterbringung und zum Schutz von Rolll\u00e4den, wenn diese nicht in Gebrauch sind. Er wurde entwickelt, um sich nahtlos in die Architektur Ihres Hauses oder Unternehmens einzuf\u00fcgen. Der Kasten bietet ein sauberes und unauff\u00e4lliges Aussehen, w\u00e4hrend er die Mechanismen Ihrer Rolll\u00e4den vor Besch\u00e4digung, Schmutz und Witterungseinfl\u00fcssen sch\u00fctzt. Hergestellt aus langlebigen Materialien gew\u00e4hrleisten <strong>die Langlebigkeit und den reibungslosen Betrieb Ihrer Rolll\u00e4den und sind somit ein wichtiger Teil jedes Rollladensystems.<\/strong> ensure the longevity and smooth operation of your shutters, making them a vital part of any roller shutter system.<\/p>\t\t\t\t\t\t\t\t<\/div>\n\t\t\t\t<\/div>\n\t\t\t\t\t<\/div>\n\t\t<\/div>\n\t\t\t\t\t<\/div>\n\t\t<\/section>\n\t\t\t\t\t<\/div>\n\t\t<\/div>\n\t\t\t\t\t<\/div>\n\t\t<\/section>\n\t\t\t\t<section class=\"elementor-section elementor-top-section elementor-element elementor-element-9658da3 elementor-section-boxed elementor-section-height-default elementor-section-height-default sc_fly_static\" data-id=\"9658da3\" data-element_type=\"section\" data-e-type=\"section\">\n\t\t\t\t\t\t<div class=\"elementor-container elementor-column-gap-extended\">\n\t\t\t\t\t<div class=\"elementor-column elementor-col-50 elementor-top-column elementor-element elementor-element-db411b8 sc_inner_width_none sc_content_align_inherit sc_layouts_column_icons_position_left sc_fly_static\" data-id=\"db411b8\" data-element_type=\"column\" data-e-type=\"column\">\n\t\t\t<div class=\"elementor-widget-wrap elementor-element-populated\">\n\t\t\t\t\t\t<div class=\"elementor-element elementor-element-9ae777a elementor-widget-tablet__width-initial sc_fly_static elementor-widget elementor-widget-text-editor\" data-id=\"9ae777a\" data-element_type=\"widget\" data-e-type=\"widget\" data-widget_type=\"text-editor.default\">\n\t\t\t\t<div class=\"elementor-widget-container\">\n\t\t\t\t\t\t\t\t\t<h4><strong>Schl\u00fcsselfunktionen von Fensterjalousiek\u00e4sten:<\/strong><\/h4><ol><li><strong>Diskretes Design<\/strong>: Der Jalousiekasten ist so gestaltet, dass er sich harmonisch in die Struktur des Geb\u00e4udes einf\u00fcgt und ein sauberes und unauff\u00e4lliges Erscheinungsbild bewahrt.<\/li><li><strong>Wettersschutz<\/strong>: Sch\u00fctzt den Mechanismus der Rolll\u00e4den vor harten Witterungsbedingungen wie Regen, Schnee und Wind.<\/li><li><strong>Hochwertige Materialien<\/strong>: Hergestellt aus hochwertigen Materialien wie Aluminium oder PVC, die einen langanhaltenden Schutz und Widerstand gegen Abnutzung gew\u00e4hrleisten.<\/li><li><strong>Einfache Wartung<\/strong>: Sch\u00fctzt die beweglichen Teile der Jalousien vor Staub und Schmutz, wodurch der Bedarf an h\u00e4ufigen Reparaturen und Wartungen verringert wird.<\/li><li><strong>Anpassbare Optionen<\/strong>: Erh\u00e4ltlich in verschiedenen Gr\u00f6\u00dfen, Farben und Oberfl\u00e4chen, um das \u00e4u\u00dfere Erscheinungsbild Ihres Geb\u00e4udes anzupassen.<\/li><\/ol>\t\t\t\t\t\t\t\t<\/div>\n\t\t\t\t<\/div>\n\t\t\t\t\t<\/div>\n\t\t<\/div>\n\t\t\t\t<div class=\"elementor-column elementor-col-50 elementor-top-column elementor-element elementor-element-1f74beb sc_inner_width_none sc_content_align_inherit sc_layouts_column_icons_position_left animation_type_block sc_fly_static elementor-invisible\" data-id=\"1f74beb\" data-element_type=\"column\" data-e-type=\"column\" data-settings=\"{&quot;animation&quot;:&quot;fadeInUp&quot;}\">\n\t\t\t<div class=\"elementor-widget-wrap elementor-element-populated\">\n\t\t\t\t\t\t<div class=\"elementor-element elementor-element-6ca089d sc_fly_static elementor-widget elementor-widget-image\" data-id=\"6ca089d\" data-element_type=\"widget\" data-e-type=\"widget\" data-widget_type=\"image.default\">\n\t\t\t\t<div class=\"elementor-widget-container\">\n\t\t\t\t\t\t\t\t\t\t\t\t\t\t\t<img decoding=\"async\" src=\"https:\/\/atangroup.com\/wp-content\/uploads\/elementor\/thumbs\/cassonetto-qv4qo4surep2lasskz0753kkd7ob6lblkxjpan8y56.png\" title=\"cassonetto\" alt=\"cassonetto\" loading=\"lazy\" \/>\t\t\t\t\t\t\t\t\t\t\t\t\t\t\t<\/div>\n\t\t\t\t<\/div>\n\t\t\t\t\t<\/div>\n\t\t<\/div>\n\t\t\t\t\t<\/div>\n\t\t<\/section>\n\t\t\t\t<section class=\"elementor-section elementor-top-section elementor-element elementor-element-74b9110 elementor-section-boxed elementor-section-height-default elementor-section-height-default sc_fly_static\" data-id=\"74b9110\" data-element_type=\"section\" data-e-type=\"section\">\n\t\t\t\t\t\t<div class=\"elementor-container elementor-column-gap-extended\">\n\t\t\t\t\t<div class=\"elementor-column elementor-col-100 elementor-top-column elementor-element elementor-element-b8e1e6c sc_inner_width_none sc_content_align_inherit sc_layouts_column_icons_position_left sc_fly_static\" data-id=\"b8e1e6c\" data-element_type=\"column\" data-e-type=\"column\">\n\t\t\t<div class=\"elementor-widget-wrap elementor-element-populated\">\n\t\t\t\t\t\t<div class=\"elementor-element elementor-element-9ee25ea elementor-widget-divider--view-line_text elementor-widget-divider--element-align-center sc_fly_static elementor-widget elementor-widget-divider\" data-id=\"9ee25ea\" data-element_type=\"widget\" data-e-type=\"widget\" data-widget_type=\"divider.default\">\n\t\t\t\t<div class=\"elementor-widget-container\">\n\t\t\t\t\t\t\t<div class=\"elementor-divider\">\n\t\t\t<span class=\"elementor-divider-separator\">\n\t\t\t\t\t\t\t<span class=\"elementor-divider__text elementor-divider__element\">\n\t\t\t\tAngebot anfordern \t\t\t\t<\/span>\n\t\t\t\t\t\t<\/span>\n\t\t<\/div>\n\t\t\t\t\t\t<\/div>\n\t\t\t\t<\/div>\n\t\t\t\t<div class=\"elementor-element elementor-element-a3e6db0 sc_fly_static elementor-widget elementor-widget-heading\" data-id=\"a3e6db0\" data-element_type=\"widget\" data-e-type=\"widget\" data-widget_type=\"heading.default\">\n\t\t\t\t<div class=\"elementor-widget-container\">\n\t\t\t\t\t<h4 class=\"elementor-heading-title elementor-size-default\">Holen Sie sich Ihr individuelles Angebot f\u00fcr PVC-Fenster! Fordern Sie es jetzt an!<\/h4>\t\t\t\t<\/div>\n\t\t\t\t<\/div>\n\t\t\t\t<div class=\"elementor-element elementor-element-1b95be4 sc_fly_static elementor-widget elementor-widget-trx_sc_button\" data-id=\"1b95be4\" data-element_type=\"widget\" data-e-type=\"widget\" data-widget_type=\"trx_sc_button.default\">\n\t\t\t\t<div class=\"elementor-widget-container\">\n\t\t\t\t\t<div\tclass=\"sc_item_button sc_button_wrap sc_align_center\" ><a href=\"https:\/\/atangroup.com\/de\/ein-angebot-anfordern\/\" class=\"sc_button sc_button_default sc_button_size_normal sc_button_with_icon sc_button_icon_right\" ><span class=\"sc_button_icon\"><span class=\"icon-logout\"><\/span><\/span><span class=\"sc_button_text\"><span class=\"sc_button_title\">Kontakt<\/span><\/span><\/a><\/div>\t\t\t\t<\/div>\n\t\t\t\t<\/div>\n\t\t\t\t\t<\/div>\n\t\t<\/div>\n\t\t\t\t\t<\/div>\n\t\t<\/section>\n\t\t\t\t<\/div>","protected":false},"excerpt":{"rendered":"<p>A Window Shutter Box is an essential component for housing and protecting roller shutters when they are not in use. Designed to blend seamlessly with the architecture of your home&hellip;<\/p>","protected":false},"author":1,"featured_media":0,"parent":0,"menu_order":0,"comment_status":"closed","ping_status":"closed","template":"elementor_header_footer","meta":{"footnotes":"","_links_to":"","_links_to_target":""},"class_list":["post-26950","page","type-page","status-publish","hentry"],"yoast_head":"<!-- This site is optimized with the Yoast SEO Premium plugin v23.6 (Yoast SEO v27.2) - https:\/\/yoast.com\/product\/yoast-seo-premium-wordpress\/ -->\n<title>Window Shutter Box \u2013 Secure &amp; Weather-Resistant Design<\/title>\n<meta name=\"description\" content=\"Discover window shutter boxes for secure, weather-resistant protection and durability. Perfect for homes and businesses.\" \/>\n<meta name=\"robots\" content=\"index, follow, max-snippet:-1, max-image-preview:large, max-video-preview:-1\" \/>\n<link rel=\"canonical\" href=\"https:\/\/atangroup.com\/de\/enster-shutter-box-sicher-und-wetterbestandiges-design\/\" \/>\n<meta property=\"og:locale\" content=\"de_DE\" \/>\n<meta property=\"og:type\" content=\"article\" \/>\n<meta property=\"og:title\" content=\"Window Shutter Box - Secure and Weather-Resistant Design\" \/>\n<meta property=\"og:description\" content=\"Discover window shutter boxes for secure, weather-resistant protection and durability. Perfect for homes and businesses.\" \/>\n<meta property=\"og:url\" content=\"https:\/\/atangroup.com\/de\/enster-shutter-box-sicher-und-wetterbestandiges-design\/\" \/>\n<meta property=\"og:site_name\" content=\"Atan Group\" \/>\n<meta property=\"article:publisher\" content=\"https:\/\/www.facebook.com\/infissi24construction\" \/>\n<meta property=\"article:modified_time\" content=\"2025-02-11T17:08:28+00:00\" \/>\n<meta property=\"og:image\" content=\"https:\/\/atangroup.com\/wp-content\/uploads\/elementor\/thumbs\/cassonetto-qv4qo4surep2lasskz0753kkd7ob6lblkxjp98n3q2.png\" \/>\n<meta name=\"twitter:card\" content=\"summary_large_image\" \/>\n<meta name=\"twitter:site\" content=\"@ic_pvc_company\" \/>\n<meta name=\"twitter:label1\" content=\"Gesch\u00e4tzte Lesezeit\" \/>\n\t<meta name=\"twitter:data1\" content=\"2\u00a0Minuten\" \/>\n<script type=\"application\/ld+json\" class=\"yoast-schema-graph\">{\"@context\":\"https:\/\/schema.org\",\"@graph\":[{\"@type\":\"WebPage\",\"@id\":\"https:\/\/atangroup.com\/window-shutter-box-secure-and-weather-resistant-design\/\",\"url\":\"https:\/\/atangroup.com\/window-shutter-box-secure-and-weather-resistant-design\/\",\"name\":\"Window Shutter Box \u2013 Secure & Weather-Resistant Design\",\"isPartOf\":{\"@id\":\"https:\/\/atangroup.com\/#website\"},\"primaryImageOfPage\":{\"@id\":\"https:\/\/atangroup.com\/window-shutter-box-secure-and-weather-resistant-design\/#primaryimage\"},\"image\":{\"@id\":\"https:\/\/atangroup.com\/window-shutter-box-secure-and-weather-resistant-design\/#primaryimage\"},\"thumbnailUrl\":\"https:\/\/atangroup.com\/wp-content\/uploads\/elementor\/thumbs\/cassonetto-qv4qo4surep2lasskz0753kkd7ob6lblkxjp98n3q2.png\",\"datePublished\":\"2024-10-05T21:33:54+00:00\",\"dateModified\":\"2025-02-11T17:08:28+00:00\",\"description\":\"Discover window shutter boxes for secure, weather-resistant protection and durability. Perfect for homes and businesses.\",\"breadcrumb\":{\"@id\":\"https:\/\/atangroup.com\/window-shutter-box-secure-and-weather-resistant-design\/#breadcrumb\"},\"inLanguage\":\"de\",\"potentialAction\":[{\"@type\":\"ReadAction\",\"target\":[\"https:\/\/atangroup.com\/window-shutter-box-secure-and-weather-resistant-design\/\"]}]},{\"@type\":\"ImageObject\",\"inLanguage\":\"de\",\"@id\":\"https:\/\/atangroup.com\/window-shutter-box-secure-and-weather-resistant-design\/#primaryimage\",\"url\":\"https:\/\/atangroup.com\/wp-content\/uploads\/elementor\/thumbs\/cassonetto-qv4qo4surep2lasskz0753kkd7ob6lblkxjp98n3q2.png\",\"contentUrl\":\"https:\/\/atangroup.com\/wp-content\/uploads\/elementor\/thumbs\/cassonetto-qv4qo4surep2lasskz0753kkd7ob6lblkxjp98n3q2.png\"},{\"@type\":\"BreadcrumbList\",\"@id\":\"https:\/\/atangroup.com\/window-shutter-box-secure-and-weather-resistant-design\/#breadcrumb\",\"itemListElement\":[{\"@type\":\"ListItem\",\"position\":1,\"name\":\"Home\",\"item\":\"https:\/\/atangroup.com\/\"},{\"@type\":\"ListItem\",\"position\":2,\"name\":\"Window Shutter Box &#8211; Secure and Weather-Resistant Design\"}]},{\"@type\":\"WebSite\",\"@id\":\"https:\/\/atangroup.com\/#website\",\"url\":\"https:\/\/atangroup.com\/\",\"name\":\"Infissi Construction\",\"description\":\"High Quality Windows &amp; Doors\",\"publisher\":{\"@id\":\"https:\/\/atangroup.com\/#organization\"},\"potentialAction\":[{\"@type\":\"SearchAction\",\"target\":{\"@type\":\"EntryPoint\",\"urlTemplate\":\"https:\/\/atangroup.com\/?s={search_term_string}\"},\"query-input\":{\"@type\":\"PropertyValueSpecification\",\"valueRequired\":true,\"valueName\":\"search_term_string\"}}],\"inLanguage\":\"de\"},{\"@type\":\"Organization\",\"@id\":\"https:\/\/atangroup.com\/#organization\",\"name\":\"Infissi Construction\",\"url\":\"https:\/\/atangroup.com\/\",\"logo\":{\"@type\":\"ImageObject\",\"inLanguage\":\"de\",\"@id\":\"https:\/\/atangroup.com\/#\/schema\/logo\/image\/\",\"url\":\"https:\/\/atangroup.com\/wp-content\/uploads\/2024\/10\/infissi-construction-logo-1.png\",\"contentUrl\":\"https:\/\/atangroup.com\/wp-content\/uploads\/2024\/10\/infissi-construction-logo-1.png\",\"width\":1080,\"height\":1080,\"caption\":\"Infissi Construction\"},\"image\":{\"@id\":\"https:\/\/atangroup.com\/#\/schema\/logo\/image\/\"},\"sameAs\":[\"https:\/\/www.facebook.com\/infissi24construction\",\"https:\/\/x.com\/ic_pvc_company\",\"https:\/\/www.instagram.com\/infissiconstruction\"]}]}<\/script>\n<!-- \/ Yoast SEO Premium plugin. -->","yoast_head_json":{"title":"Window Shutter Box \u2013 Secure & Weather-Resistant Design","description":"Discover window shutter boxes for secure, weather-resistant protection and durability. Perfect for homes and businesses.","robots":{"index":"index","follow":"follow","max-snippet":"max-snippet:-1","max-image-preview":"max-image-preview:large","max-video-preview":"max-video-preview:-1"},"canonical":"https:\/\/atangroup.com\/de\/enster-shutter-box-sicher-und-wetterbestandiges-design\/","og_locale":"de_DE","og_type":"article","og_title":"Window Shutter Box - Secure and Weather-Resistant Design","og_description":"Discover window shutter boxes for secure, weather-resistant protection and durability. Perfect for homes and businesses.","og_url":"https:\/\/atangroup.com\/de\/enster-shutter-box-sicher-und-wetterbestandiges-design\/","og_site_name":"Atan Group","article_publisher":"https:\/\/www.facebook.com\/infissi24construction","article_modified_time":"2025-02-11T17:08:28+00:00","og_image":[{"url":"https:\/\/atangroup.com\/wp-content\/uploads\/elementor\/thumbs\/cassonetto-qv4qo4surep2lasskz0753kkd7ob6lblkxjp98n3q2.png","type":"","width":"","height":""}],"twitter_card":"summary_large_image","twitter_site":"@ic_pvc_company","twitter_misc":{"Gesch\u00e4tzte Lesezeit":"2\u00a0Minuten"},"schema":{"@context":"https:\/\/schema.org","@graph":[{"@type":"WebPage","@id":"https:\/\/atangroup.com\/window-shutter-box-secure-and-weather-resistant-design\/","url":"https:\/\/atangroup.com\/window-shutter-box-secure-and-weather-resistant-design\/","name":"Window Shutter Box \u2013 Secure & Weather-Resistant Design","isPartOf":{"@id":"https:\/\/atangroup.com\/#website"},"primaryImageOfPage":{"@id":"https:\/\/atangroup.com\/window-shutter-box-secure-and-weather-resistant-design\/#primaryimage"},"image":{"@id":"https:\/\/atangroup.com\/window-shutter-box-secure-and-weather-resistant-design\/#primaryimage"},"thumbnailUrl":"https:\/\/atangroup.com\/wp-content\/uploads\/elementor\/thumbs\/cassonetto-qv4qo4surep2lasskz0753kkd7ob6lblkxjp98n3q2.png","datePublished":"2024-10-05T21:33:54+00:00","dateModified":"2025-02-11T17:08:28+00:00","description":"Discover window shutter boxes for secure, weather-resistant protection and durability. Perfect for homes and businesses.","breadcrumb":{"@id":"https:\/\/atangroup.com\/window-shutter-box-secure-and-weather-resistant-design\/#breadcrumb"},"inLanguage":"de","potentialAction":[{"@type":"ReadAction","target":["https:\/\/atangroup.com\/window-shutter-box-secure-and-weather-resistant-design\/"]}]},{"@type":"ImageObject","inLanguage":"de","@id":"https:\/\/atangroup.com\/window-shutter-box-secure-and-weather-resistant-design\/#primaryimage","url":"https:\/\/atangroup.com\/wp-content\/uploads\/elementor\/thumbs\/cassonetto-qv4qo4surep2lasskz0753kkd7ob6lblkxjp98n3q2.png","contentUrl":"https:\/\/atangroup.com\/wp-content\/uploads\/elementor\/thumbs\/cassonetto-qv4qo4surep2lasskz0753kkd7ob6lblkxjp98n3q2.png"},{"@type":"BreadcrumbList","@id":"https:\/\/atangroup.com\/window-shutter-box-secure-and-weather-resistant-design\/#breadcrumb","itemListElement":[{"@type":"ListItem","position":1,"name":"Home","item":"https:\/\/atangroup.com\/"},{"@type":"ListItem","position":2,"name":"Window Shutter Box &#8211; Secure and Weather-Resistant Design"}]},{"@type":"WebSite","@id":"https:\/\/atangroup.com\/#website","url":"https:\/\/atangroup.com\/","name":"Infissi Construction","description":"High Quality Windows &amp; Doors","publisher":{"@id":"https:\/\/atangroup.com\/#organization"},"potentialAction":[{"@type":"SearchAction","target":{"@type":"EntryPoint","urlTemplate":"https:\/\/atangroup.com\/?s={search_term_string}"},"query-input":{"@type":"PropertyValueSpecification","valueRequired":true,"valueName":"search_term_string"}}],"inLanguage":"de"},{"@type":"Organization","@id":"https:\/\/atangroup.com\/#organization","name":"Infissi Construction","url":"https:\/\/atangroup.com\/","logo":{"@type":"ImageObject","inLanguage":"de","@id":"https:\/\/atangroup.com\/#\/schema\/logo\/image\/","url":"https:\/\/atangroup.com\/wp-content\/uploads\/2024\/10\/infissi-construction-logo-1.png","contentUrl":"https:\/\/atangroup.com\/wp-content\/uploads\/2024\/10\/infissi-construction-logo-1.png","width":1080,"height":1080,"caption":"Infissi Construction"},"image":{"@id":"https:\/\/atangroup.com\/#\/schema\/logo\/image\/"},"sameAs":["https:\/\/www.facebook.com\/infissi24construction","https:\/\/x.com\/ic_pvc_company","https:\/\/www.instagram.com\/infissiconstruction"]}]}},"_links":{"self":[{"href":"https:\/\/atangroup.com\/de\/wp-json\/wp\/v2\/pages\/26950","targetHints":{"allow":["GET"]}}],"collection":[{"href":"https:\/\/atangroup.com\/de\/wp-json\/wp\/v2\/pages"}],"about":[{"href":"https:\/\/atangroup.com\/de\/wp-json\/wp\/v2\/types\/page"}],"author":[{"embeddable":true,"href":"https:\/\/atangroup.com\/de\/wp-json\/wp\/v2\/users\/1"}],"replies":[{"embeddable":true,"href":"https:\/\/atangroup.com\/de\/wp-json\/wp\/v2\/comments?post=26950"}],"version-history":[{"count":1,"href":"https:\/\/atangroup.com\/de\/wp-json\/wp\/v2\/pages\/26950\/revisions"}],"predecessor-version":[{"id":27977,"href":"https:\/\/atangroup.com\/de\/wp-json\/wp\/v2\/pages\/26950\/revisions\/27977"}],"wp:attachment":[{"href":"https:\/\/atangroup.com\/de\/wp-json\/wp\/v2\/media?parent=26950"}],"curies":[{"name":"wp","href":"https:\/\/api.w.org\/{rel}","templated":true}]}}