{"id":26936,"date":"2024-10-05T20:51:31","date_gmt":"2024-10-05T20:51:31","guid":{"rendered":"https:\/\/atangroup.com\/?page_id=26936"},"modified":"2025-02-11T16:49:20","modified_gmt":"2025-02-11T16:49:20","slug":"rollladen-sicher-langlebig-und-energieeffizient","status":"publish","type":"page","link":"https:\/\/atangroup.com\/de\/rollladen-sicher-langlebig-und-energieeffizient\/","title":{"rendered":"Rollladen \u2013 Sicher, langlebig und energieeffizient"},"content":{"rendered":"<div data-elementor-type=\"wp-page\" data-elementor-id=\"26936\" class=\"elementor elementor-26936\">\n\t\t\t\t\t\t<section class=\"elementor-section elementor-top-section elementor-element elementor-element-50ccb0c sc_layouts_hide_on_mobile elementor-section-boxed elementor-section-height-default elementor-section-height-default animation_type_block sc_fly_static elementor-invisible\" data-id=\"50ccb0c\" data-element_type=\"section\" data-e-type=\"section\" data-settings=\"{&quot;background_background&quot;:&quot;classic&quot;,&quot;animation&quot;:&quot;fadeInUp&quot;}\">\n\t\t\t\t\t\t<div class=\"elementor-container elementor-column-gap-extended\">\n\t\t\t\t\t<div class=\"elementor-column elementor-col-100 elementor-top-column elementor-element elementor-element-cf191c4 sc_inner_width_none sc_content_align_inherit sc_layouts_column_icons_position_left sc_fly_static\" data-id=\"cf191c4\" data-element_type=\"column\" data-e-type=\"column\">\n\t\t\t<div class=\"elementor-widget-wrap elementor-element-populated\">\n\t\t\t\t\t\t<section class=\"elementor-section elementor-inner-section elementor-element elementor-element-61aeaff elementor-section-boxed elementor-section-height-default elementor-section-height-default sc_fly_static\" data-id=\"61aeaff\" data-element_type=\"section\" data-e-type=\"section\">\n\t\t\t\t\t\t<div class=\"elementor-container elementor-column-gap-extended\">\n\t\t\t\t\t<div class=\"elementor-column elementor-col-100 elementor-inner-column elementor-element elementor-element-c7dc30d sc_inner_width_none sc_content_align_inherit sc_layouts_column_icons_position_left sc_fly_static\" data-id=\"c7dc30d\" data-element_type=\"column\" data-e-type=\"column\" data-settings=\"{&quot;background_background&quot;:&quot;classic&quot;}\">\n\t\t\t<div class=\"elementor-widget-wrap elementor-element-populated\">\n\t\t\t\t\t\t<div class=\"elementor-element elementor-element-2c7d1b1 sc_fly_static elementor-widget elementor-widget-text-editor\" data-id=\"2c7d1b1\" data-element_type=\"widget\" data-e-type=\"widget\" data-widget_type=\"text-editor.default\">\n\t\t\t\t<div class=\"elementor-widget-container\">\n\t\t\t\t\t\t\t\t\t<p><strong>Rollladen<\/strong> bieten eine robuste und vielseitige L\u00f6sung zum Schutz von Wohnh\u00e4usern und Unternehmen. Sie sind f\u00fcr Sicherheit, Privatsph\u00e4re und Energieeffizienz konzipiert und ideal f\u00fcr Fenster und T\u00fcren, da sie eine sch\u00fctzende Barriere gegen Eindringlinge, raue Wetterbedingungen und unerw\u00fcnschtes Licht bieten. Hergestellt aus hochwertigen Materialien wie Aluminium oder PVC gew\u00e4hrleisten <strong>Rollladen<\/strong> eine langlebige Haltbarkeit und geringen Wartungsaufwand, wodurch sie eine beliebte Wahl f\u00fcr sowohl Wohn- als auch Gesch\u00e4ftsanwendungen sind.<\/p>\t\t\t\t\t\t\t\t<\/div>\n\t\t\t\t<\/div>\n\t\t\t\t\t<\/div>\n\t\t<\/div>\n\t\t\t\t\t<\/div>\n\t\t<\/section>\n\t\t\t\t\t<\/div>\n\t\t<\/div>\n\t\t\t\t\t<\/div>\n\t\t<\/section>\n\t\t\t\t<section class=\"elementor-section elementor-top-section elementor-element elementor-element-cd1f6e8 sc_layouts_hide_on_wide sc_layouts_hide_on_desktop sc_layouts_hide_on_notebook sc_layouts_hide_on_tablet elementor-section-boxed elementor-section-height-default elementor-section-height-default sc_fly_static\" data-id=\"cd1f6e8\" data-element_type=\"section\" data-e-type=\"section\" data-settings=\"{&quot;background_background&quot;:&quot;classic&quot;}\">\n\t\t\t\t\t\t<div class=\"elementor-container elementor-column-gap-extended\">\n\t\t\t\t\t<div class=\"elementor-column elementor-col-100 elementor-top-column elementor-element elementor-element-315d565 sc_inner_width_none sc_content_align_inherit sc_layouts_column_icons_position_left sc_fly_static\" data-id=\"315d565\" data-element_type=\"column\" data-e-type=\"column\" data-settings=\"{&quot;background_background&quot;:&quot;classic&quot;,&quot;animation_mobile&quot;:&quot;fadeInUp&quot;}\">\n\t\t\t<div class=\"elementor-widget-wrap elementor-element-populated\">\n\t\t\t\t\t\t<section class=\"elementor-section elementor-inner-section elementor-element elementor-element-10afc7d elementor-section-boxed elementor-section-height-default elementor-section-height-default animation_type_block sc_fly_static elementor-invisible\" data-id=\"10afc7d\" data-element_type=\"section\" data-e-type=\"section\" data-settings=\"{&quot;background_background&quot;:&quot;classic&quot;,&quot;animation&quot;:&quot;fadeInUp&quot;}\">\n\t\t\t\t\t\t<div class=\"elementor-container elementor-column-gap-extended\">\n\t\t\t\t\t<div class=\"elementor-column elementor-col-100 elementor-inner-column elementor-element elementor-element-163ef46 sc_inner_width_none sc_content_align_inherit sc_layouts_column_icons_position_left sc_fly_static\" data-id=\"163ef46\" data-element_type=\"column\" data-e-type=\"column\" data-settings=\"{&quot;background_background&quot;:&quot;classic&quot;}\">\n\t\t\t<div class=\"elementor-widget-wrap elementor-element-populated\">\n\t\t\t\t\t\t<div class=\"elementor-element elementor-element-49b1a49 sc_fly_static elementor-widget elementor-widget-text-editor\" data-id=\"49b1a49\" data-element_type=\"widget\" data-e-type=\"widget\" data-widget_type=\"text-editor.default\">\n\t\t\t\t<div class=\"elementor-widget-container\">\n\t\t\t\t\t\t\t\t\t<p><strong>Rollladen<\/strong> bieten eine robuste und vielseitige L\u00f6sung zum Schutz von Wohnh\u00e4usern und Unternehmen. Sie sind f\u00fcr Sicherheit, Privatsph\u00e4re und Energieeffizienz konzipiert und ideal f\u00fcr Fenster und T\u00fcren, da sie eine sch\u00fctzende Barriere gegen Eindringlinge, raue Wetterbedingungen und unerw\u00fcnschtes Licht bieten. Hergestellt aus hochwertigen Materialien wie Aluminium oder PVC gew\u00e4hrleisten <strong>Rollladen<\/strong> eine langlebige Haltbarkeit und geringen Wartungsaufwand, wodurch sie eine beliebte Wahl f\u00fcr sowohl Wohn- als auch Gesch\u00e4ftsanwendungen sind.<\/p>\t\t\t\t\t\t\t\t<\/div>\n\t\t\t\t<\/div>\n\t\t\t\t\t<\/div>\n\t\t<\/div>\n\t\t\t\t\t<\/div>\n\t\t<\/section>\n\t\t\t\t\t<\/div>\n\t\t<\/div>\n\t\t\t\t\t<\/div>\n\t\t<\/section>\n\t\t\t\t<section class=\"elementor-section elementor-top-section elementor-element elementor-element-50571fc elementor-section-boxed elementor-section-height-default elementor-section-height-default sc_fly_static\" data-id=\"50571fc\" data-element_type=\"section\" data-e-type=\"section\">\n\t\t\t\t\t\t<div class=\"elementor-container elementor-column-gap-extended\">\n\t\t\t\t\t<div class=\"elementor-column elementor-col-50 elementor-top-column elementor-element elementor-element-80fde02 sc_inner_width_none sc_content_align_inherit sc_layouts_column_icons_position_left sc_fly_static\" data-id=\"80fde02\" data-element_type=\"column\" data-e-type=\"column\">\n\t\t\t<div class=\"elementor-widget-wrap elementor-element-populated\">\n\t\t\t\t\t\t<div class=\"elementor-element elementor-element-09ca1bb elementor-widget-tablet__width-initial sc_fly_static elementor-widget elementor-widget-text-editor\" data-id=\"09ca1bb\" data-element_type=\"widget\" data-e-type=\"widget\" data-widget_type=\"text-editor.default\">\n\t\t\t\t<div class=\"elementor-widget-container\">\n\t\t\t\t\t\t\t\t\t<h4><strong>Hauptmerkmale von Rollladen:<\/strong><\/h4><ol><li><strong>Erh\u00f6hte Sicherheit<\/strong>: Stark und langlebig, fungieren diese Rollladen als effektive Abschreckung gegen Einbr\u00fcche und Vandalismus.<\/li><li><strong>Energieeffizienz<\/strong>: Bieten hervorragende W\u00e4rmed\u00e4mmung, die hilft, Heiz- und K\u00fchlkosten zu senken, indem sie eine konstante Innentemperatur aufrechterhalten.<\/li><li><strong>Wettersschutz<\/strong>: Sch\u00fctzen Fenster und T\u00fcren vor extremen Wetterbedingungen wie Wind, Regen und Hagel.<\/li><li><strong>L\u00e4rmminderung<\/strong>: Bieten Schallschutz, blockieren externe Ger\u00e4usche und schaffen eine friedlichere Innenumgebung.<\/li><li><strong>Privatsph\u00e4re und Lichtkontrolle<\/strong>: Leicht verstellbar, um die Menge des einfallenden Lichts zu steuern und gleichzeitig die Privatsph\u00e4re zu gew\u00e4hrleisten.<\/li><li><strong>Hochwertige Materialien<\/strong>: Hergestellt aus robusten Materialien wie Aluminium oder PVC f\u00fcr langlebige Leistung und Widerstandsf\u00e4higkeit gegen Abnutzung.<\/li><li><strong>Anpassbar<\/strong>: Erh\u00e4ltlich in einer Vielzahl von Farben und Stilen, um die \u00c4sthetik jeder Immobilie zu erg\u00e4nzen.<\/li><\/ol>\t\t\t\t\t\t\t\t<\/div>\n\t\t\t\t<\/div>\n\t\t\t\t\t<\/div>\n\t\t<\/div>\n\t\t\t\t<div class=\"elementor-column elementor-col-50 elementor-top-column elementor-element elementor-element-117357d sc_inner_width_none sc_content_align_inherit sc_layouts_column_icons_position_left animation_type_block sc_fly_static elementor-invisible\" data-id=\"117357d\" data-element_type=\"column\" data-e-type=\"column\" data-settings=\"{&quot;animation&quot;:&quot;fadeInUp&quot;}\">\n\t\t\t<div class=\"elementor-widget-wrap elementor-element-populated\">\n\t\t\t\t\t\t<div class=\"elementor-element elementor-element-cf89d53 sc_fly_static elementor-widget elementor-widget-image\" data-id=\"cf89d53\" data-element_type=\"widget\" data-e-type=\"widget\" data-widget_type=\"image.default\">\n\t\t\t\t<div class=\"elementor-widget-container\">\n\t\t\t\t\t\t\t\t\t\t\t\t\t\t\t<img decoding=\"async\" src=\"https:\/\/atangroup.com\/wp-content\/uploads\/elementor\/thumbs\/roller-shutters-qv4o4up32lr3wjlyjwaaeczpj3wy4ryrfe58ebjkem.png\" title=\"roller-shutters\" alt=\"roller shutters\" loading=\"lazy\" \/>\t\t\t\t\t\t\t\t\t\t\t\t\t\t\t<\/div>\n\t\t\t\t<\/div>\n\t\t\t\t\t<\/div>\n\t\t<\/div>\n\t\t\t\t\t<\/div>\n\t\t<\/section>\n\t\t\t\t<section class=\"elementor-section elementor-top-section elementor-element elementor-element-cfdbbe9 elementor-section-boxed elementor-section-height-default elementor-section-height-default sc_fly_static\" data-id=\"cfdbbe9\" data-element_type=\"section\" data-e-type=\"section\">\n\t\t\t\t\t\t<div class=\"elementor-container elementor-column-gap-extended\">\n\t\t\t\t\t<div class=\"elementor-column elementor-col-100 elementor-top-column elementor-element elementor-element-cbf4cef sc_inner_width_none sc_content_align_inherit sc_layouts_column_icons_position_left sc_fly_static\" data-id=\"cbf4cef\" data-element_type=\"column\" data-e-type=\"column\">\n\t\t\t<div class=\"elementor-widget-wrap elementor-element-populated\">\n\t\t\t\t\t\t<div class=\"elementor-element elementor-element-290ac05 elementor-widget-divider--view-line_text elementor-widget-divider--element-align-center sc_fly_static elementor-widget elementor-widget-divider\" data-id=\"290ac05\" data-element_type=\"widget\" data-e-type=\"widget\" data-widget_type=\"divider.default\">\n\t\t\t\t<div class=\"elementor-widget-container\">\n\t\t\t\t\t\t\t<div class=\"elementor-divider\">\n\t\t\t<span class=\"elementor-divider-separator\">\n\t\t\t\t\t\t\t<span class=\"elementor-divider__text elementor-divider__element\">\n\t\t\t\tAngebot anfordern \t\t\t\t<\/span>\n\t\t\t\t\t\t<\/span>\n\t\t<\/div>\n\t\t\t\t\t\t<\/div>\n\t\t\t\t<\/div>\n\t\t\t\t<div class=\"elementor-element elementor-element-c0d9f24 sc_fly_static elementor-widget elementor-widget-heading\" data-id=\"c0d9f24\" data-element_type=\"widget\" data-e-type=\"widget\" data-widget_type=\"heading.default\">\n\t\t\t\t<div class=\"elementor-widget-container\">\n\t\t\t\t\t<h4 class=\"elementor-heading-title elementor-size-default\">Holen Sie sich Ihr individuelles Angebot f\u00fcr PVC-Fenster! Fordern Sie es jetzt an!<\/h4>\t\t\t\t<\/div>\n\t\t\t\t<\/div>\n\t\t\t\t<div class=\"elementor-element elementor-element-9aa2f6e sc_fly_static elementor-widget elementor-widget-trx_sc_button\" data-id=\"9aa2f6e\" data-element_type=\"widget\" data-e-type=\"widget\" data-widget_type=\"trx_sc_button.default\">\n\t\t\t\t<div class=\"elementor-widget-container\">\n\t\t\t\t\t<div\tclass=\"sc_item_button sc_button_wrap sc_align_center\" ><a href=\"https:\/\/atangroup.com\/de\/ein-angebot-anfordern\/\" class=\"sc_button sc_button_default sc_button_size_normal sc_button_with_icon sc_button_icon_right\" ><span class=\"sc_button_icon\"><span class=\"icon-logout\"><\/span><\/span><span class=\"sc_button_text\"><span class=\"sc_button_title\">Kontakt<\/span><\/span><\/a><\/div>\t\t\t\t<\/div>\n\t\t\t\t<\/div>\n\t\t\t\t\t<\/div>\n\t\t<\/div>\n\t\t\t\t\t<\/div>\n\t\t<\/section>\n\t\t\t\t<\/div>","protected":false},"excerpt":{"rendered":"<p>Roller Shutters offer a robust and versatile solution for protecting homes and businesses. Designed for security, privacy, and energy efficiency, these shutters are ideal for windows and doors, providing a&hellip;<\/p>","protected":false},"author":1,"featured_media":0,"parent":0,"menu_order":0,"comment_status":"closed","ping_status":"closed","template":"elementor_header_footer","meta":{"footnotes":"","_links_to":"","_links_to_target":""},"class_list":["post-26936","page","type-page","status-publish","hentry"],"yoast_head":"<!-- This site is optimized with the Yoast SEO Premium plugin v23.6 (Yoast SEO v27.2) - https:\/\/yoast.com\/product\/yoast-seo-premium-wordpress\/ -->\n<title>Roller Shutters \u2013 Secure, Durable &amp; Energy-Efficient<\/title>\n<meta name=\"description\" content=\"Discover roller shutters for enhanced security, durability, and energy efficiency. Perfect for homes and businesses.\" \/>\n<meta name=\"robots\" content=\"index, follow, max-snippet:-1, max-image-preview:large, max-video-preview:-1\" \/>\n<link rel=\"canonical\" href=\"https:\/\/atangroup.com\/de\/rollladen-sicher-langlebig-und-energieeffizient\/\" \/>\n<meta property=\"og:locale\" content=\"de_DE\" \/>\n<meta property=\"og:type\" content=\"article\" \/>\n<meta property=\"og:title\" content=\"Roller Shutters - Secure, Durable, and Energy-Efficient\" \/>\n<meta property=\"og:description\" content=\"Discover roller shutters for enhanced security, durability, and energy efficiency. Perfect for homes and businesses.\" \/>\n<meta property=\"og:url\" content=\"https:\/\/atangroup.com\/de\/rollladen-sicher-langlebig-und-energieeffizient\/\" \/>\n<meta property=\"og:site_name\" content=\"Atan Group\" \/>\n<meta property=\"article:publisher\" content=\"https:\/\/www.facebook.com\/infissi24construction\" \/>\n<meta property=\"article:modified_time\" content=\"2025-02-11T16:49:20+00:00\" \/>\n<meta property=\"og:image\" content=\"https:\/\/atangroup.com\/wp-content\/uploads\/elementor\/thumbs\/roller-shutters-qv4o4up32lr3wjlyjwaaeczpj3wy4ryrfe58ebjkem.png\" \/>\n<meta name=\"twitter:card\" content=\"summary_large_image\" \/>\n<meta name=\"twitter:site\" content=\"@ic_pvc_company\" \/>\n<meta name=\"twitter:label1\" content=\"Gesch\u00e4tzte Lesezeit\" \/>\n\t<meta name=\"twitter:data1\" content=\"2\u00a0Minuten\" \/>\n<script type=\"application\/ld+json\" class=\"yoast-schema-graph\">{\"@context\":\"https:\/\/schema.org\",\"@graph\":[{\"@type\":\"WebPage\",\"@id\":\"https:\/\/atangroup.com\/roller-shutters-secure-durable-and-energy-efficient\/\",\"url\":\"https:\/\/atangroup.com\/roller-shutters-secure-durable-and-energy-efficient\/\",\"name\":\"Roller Shutters \u2013 Secure, Durable & Energy-Efficient\",\"isPartOf\":{\"@id\":\"https:\/\/atangroup.com\/#website\"},\"primaryImageOfPage\":{\"@id\":\"https:\/\/atangroup.com\/roller-shutters-secure-durable-and-energy-efficient\/#primaryimage\"},\"image\":{\"@id\":\"https:\/\/atangroup.com\/roller-shutters-secure-durable-and-energy-efficient\/#primaryimage\"},\"thumbnailUrl\":\"https:\/\/atangroup.com\/wp-content\/uploads\/elementor\/thumbs\/roller-shutters-qv4o4up32lr3wjlyjwaaeczpj3wy4ryrfe58ebjkem.png\",\"datePublished\":\"2024-10-05T20:51:31+00:00\",\"dateModified\":\"2025-02-11T16:49:20+00:00\",\"description\":\"Discover roller shutters for enhanced security, durability, and energy efficiency. Perfect for homes and businesses.\",\"breadcrumb\":{\"@id\":\"https:\/\/atangroup.com\/roller-shutters-secure-durable-and-energy-efficient\/#breadcrumb\"},\"inLanguage\":\"de\",\"potentialAction\":[{\"@type\":\"ReadAction\",\"target\":[\"https:\/\/atangroup.com\/roller-shutters-secure-durable-and-energy-efficient\/\"]}]},{\"@type\":\"ImageObject\",\"inLanguage\":\"de\",\"@id\":\"https:\/\/atangroup.com\/roller-shutters-secure-durable-and-energy-efficient\/#primaryimage\",\"url\":\"https:\/\/atangroup.com\/wp-content\/uploads\/elementor\/thumbs\/roller-shutters-qv4o4up32lr3wjlyjwaaeczpj3wy4ryrfe58ebjkem.png\",\"contentUrl\":\"https:\/\/atangroup.com\/wp-content\/uploads\/elementor\/thumbs\/roller-shutters-qv4o4up32lr3wjlyjwaaeczpj3wy4ryrfe58ebjkem.png\"},{\"@type\":\"BreadcrumbList\",\"@id\":\"https:\/\/atangroup.com\/roller-shutters-secure-durable-and-energy-efficient\/#breadcrumb\",\"itemListElement\":[{\"@type\":\"ListItem\",\"position\":1,\"name\":\"Home\",\"item\":\"https:\/\/atangroup.com\/\"},{\"@type\":\"ListItem\",\"position\":2,\"name\":\"Roller Shutters &#8211; Secure, Durable, and Energy-Efficient\"}]},{\"@type\":\"WebSite\",\"@id\":\"https:\/\/atangroup.com\/#website\",\"url\":\"https:\/\/atangroup.com\/\",\"name\":\"Infissi Construction\",\"description\":\"High Quality Windows &amp; Doors\",\"publisher\":{\"@id\":\"https:\/\/atangroup.com\/#organization\"},\"potentialAction\":[{\"@type\":\"SearchAction\",\"target\":{\"@type\":\"EntryPoint\",\"urlTemplate\":\"https:\/\/atangroup.com\/?s={search_term_string}\"},\"query-input\":{\"@type\":\"PropertyValueSpecification\",\"valueRequired\":true,\"valueName\":\"search_term_string\"}}],\"inLanguage\":\"de\"},{\"@type\":\"Organization\",\"@id\":\"https:\/\/atangroup.com\/#organization\",\"name\":\"Infissi Construction\",\"url\":\"https:\/\/atangroup.com\/\",\"logo\":{\"@type\":\"ImageObject\",\"inLanguage\":\"de\",\"@id\":\"https:\/\/atangroup.com\/#\/schema\/logo\/image\/\",\"url\":\"https:\/\/atangroup.com\/wp-content\/uploads\/2024\/10\/infissi-construction-logo-1.png\",\"contentUrl\":\"https:\/\/atangroup.com\/wp-content\/uploads\/2024\/10\/infissi-construction-logo-1.png\",\"width\":1080,\"height\":1080,\"caption\":\"Infissi Construction\"},\"image\":{\"@id\":\"https:\/\/atangroup.com\/#\/schema\/logo\/image\/\"},\"sameAs\":[\"https:\/\/www.facebook.com\/infissi24construction\",\"https:\/\/x.com\/ic_pvc_company\",\"https:\/\/www.instagram.com\/infissiconstruction\"]}]}<\/script>\n<!-- \/ Yoast SEO Premium plugin. -->","yoast_head_json":{"title":"Roller Shutters \u2013 Secure, Durable & Energy-Efficient","description":"Discover roller shutters for enhanced security, durability, and energy efficiency. Perfect for homes and businesses.","robots":{"index":"index","follow":"follow","max-snippet":"max-snippet:-1","max-image-preview":"max-image-preview:large","max-video-preview":"max-video-preview:-1"},"canonical":"https:\/\/atangroup.com\/de\/rollladen-sicher-langlebig-und-energieeffizient\/","og_locale":"de_DE","og_type":"article","og_title":"Roller Shutters - Secure, Durable, and Energy-Efficient","og_description":"Discover roller shutters for enhanced security, durability, and energy efficiency. Perfect for homes and businesses.","og_url":"https:\/\/atangroup.com\/de\/rollladen-sicher-langlebig-und-energieeffizient\/","og_site_name":"Atan Group","article_publisher":"https:\/\/www.facebook.com\/infissi24construction","article_modified_time":"2025-02-11T16:49:20+00:00","og_image":[{"url":"https:\/\/atangroup.com\/wp-content\/uploads\/elementor\/thumbs\/roller-shutters-qv4o4up32lr3wjlyjwaaeczpj3wy4ryrfe58ebjkem.png","type":"","width":"","height":""}],"twitter_card":"summary_large_image","twitter_site":"@ic_pvc_company","twitter_misc":{"Gesch\u00e4tzte Lesezeit":"2\u00a0Minuten"},"schema":{"@context":"https:\/\/schema.org","@graph":[{"@type":"WebPage","@id":"https:\/\/atangroup.com\/roller-shutters-secure-durable-and-energy-efficient\/","url":"https:\/\/atangroup.com\/roller-shutters-secure-durable-and-energy-efficient\/","name":"Roller Shutters \u2013 Secure, Durable & Energy-Efficient","isPartOf":{"@id":"https:\/\/atangroup.com\/#website"},"primaryImageOfPage":{"@id":"https:\/\/atangroup.com\/roller-shutters-secure-durable-and-energy-efficient\/#primaryimage"},"image":{"@id":"https:\/\/atangroup.com\/roller-shutters-secure-durable-and-energy-efficient\/#primaryimage"},"thumbnailUrl":"https:\/\/atangroup.com\/wp-content\/uploads\/elementor\/thumbs\/roller-shutters-qv4o4up32lr3wjlyjwaaeczpj3wy4ryrfe58ebjkem.png","datePublished":"2024-10-05T20:51:31+00:00","dateModified":"2025-02-11T16:49:20+00:00","description":"Discover roller shutters for enhanced security, durability, and energy efficiency. Perfect for homes and businesses.","breadcrumb":{"@id":"https:\/\/atangroup.com\/roller-shutters-secure-durable-and-energy-efficient\/#breadcrumb"},"inLanguage":"de","potentialAction":[{"@type":"ReadAction","target":["https:\/\/atangroup.com\/roller-shutters-secure-durable-and-energy-efficient\/"]}]},{"@type":"ImageObject","inLanguage":"de","@id":"https:\/\/atangroup.com\/roller-shutters-secure-durable-and-energy-efficient\/#primaryimage","url":"https:\/\/atangroup.com\/wp-content\/uploads\/elementor\/thumbs\/roller-shutters-qv4o4up32lr3wjlyjwaaeczpj3wy4ryrfe58ebjkem.png","contentUrl":"https:\/\/atangroup.com\/wp-content\/uploads\/elementor\/thumbs\/roller-shutters-qv4o4up32lr3wjlyjwaaeczpj3wy4ryrfe58ebjkem.png"},{"@type":"BreadcrumbList","@id":"https:\/\/atangroup.com\/roller-shutters-secure-durable-and-energy-efficient\/#breadcrumb","itemListElement":[{"@type":"ListItem","position":1,"name":"Home","item":"https:\/\/atangroup.com\/"},{"@type":"ListItem","position":2,"name":"Roller Shutters &#8211; Secure, Durable, and Energy-Efficient"}]},{"@type":"WebSite","@id":"https:\/\/atangroup.com\/#website","url":"https:\/\/atangroup.com\/","name":"Infissi Construction","description":"High Quality Windows &amp; Doors","publisher":{"@id":"https:\/\/atangroup.com\/#organization"},"potentialAction":[{"@type":"SearchAction","target":{"@type":"EntryPoint","urlTemplate":"https:\/\/atangroup.com\/?s={search_term_string}"},"query-input":{"@type":"PropertyValueSpecification","valueRequired":true,"valueName":"search_term_string"}}],"inLanguage":"de"},{"@type":"Organization","@id":"https:\/\/atangroup.com\/#organization","name":"Infissi Construction","url":"https:\/\/atangroup.com\/","logo":{"@type":"ImageObject","inLanguage":"de","@id":"https:\/\/atangroup.com\/#\/schema\/logo\/image\/","url":"https:\/\/atangroup.com\/wp-content\/uploads\/2024\/10\/infissi-construction-logo-1.png","contentUrl":"https:\/\/atangroup.com\/wp-content\/uploads\/2024\/10\/infissi-construction-logo-1.png","width":1080,"height":1080,"caption":"Infissi Construction"},"image":{"@id":"https:\/\/atangroup.com\/#\/schema\/logo\/image\/"},"sameAs":["https:\/\/www.facebook.com\/infissi24construction","https:\/\/x.com\/ic_pvc_company","https:\/\/www.instagram.com\/infissiconstruction"]}]}},"_links":{"self":[{"href":"https:\/\/atangroup.com\/de\/wp-json\/wp\/v2\/pages\/26936","targetHints":{"allow":["GET"]}}],"collection":[{"href":"https:\/\/atangroup.com\/de\/wp-json\/wp\/v2\/pages"}],"about":[{"href":"https:\/\/atangroup.com\/de\/wp-json\/wp\/v2\/types\/page"}],"author":[{"embeddable":true,"href":"https:\/\/atangroup.com\/de\/wp-json\/wp\/v2\/users\/1"}],"replies":[{"embeddable":true,"href":"https:\/\/atangroup.com\/de\/wp-json\/wp\/v2\/comments?post=26936"}],"version-history":[{"count":1,"href":"https:\/\/atangroup.com\/de\/wp-json\/wp\/v2\/pages\/26936\/revisions"}],"predecessor-version":[{"id":27975,"href":"https:\/\/atangroup.com\/de\/wp-json\/wp\/v2\/pages\/26936\/revisions\/27975"}],"wp:attachment":[{"href":"https:\/\/atangroup.com\/de\/wp-json\/wp\/v2\/media?parent=26936"}],"curies":[{"name":"wp","href":"https:\/\/api.w.org\/{rel}","templated":true}]}}