{"id":26924,"date":"2024-10-05T20:25:57","date_gmt":"2024-10-05T20:25:57","guid":{"rendered":"https:\/\/atangroup.com\/?page_id=26924"},"modified":"2025-02-11T16:35:43","modified_gmt":"2025-02-11T16:35:43","slug":"persische-fensterjalousien-stilvolle-privatsphare-und-energieeffizienz","status":"publish","type":"page","link":"https:\/\/atangroup.com\/de\/persische-fensterjalousien-stilvolle-privatsphare-und-energieeffizienz\/","title":{"rendered":"Persische Fensterjalousien \u2013 Stilvolle Privatsph\u00e4re und Energieeffizienz"},"content":{"rendered":"<div data-elementor-type=\"wp-page\" data-elementor-id=\"26924\" class=\"elementor elementor-26924\">\n\t\t\t\t\t\t<section class=\"elementor-section elementor-top-section elementor-element elementor-element-e0d6955 sc_layouts_hide_on_mobile elementor-section-boxed elementor-section-height-default elementor-section-height-default animation_type_block sc_fly_static elementor-invisible\" data-id=\"e0d6955\" data-element_type=\"section\" data-e-type=\"section\" data-settings=\"{&quot;background_background&quot;:&quot;classic&quot;,&quot;animation&quot;:&quot;fadeInUp&quot;}\">\n\t\t\t\t\t\t<div class=\"elementor-container elementor-column-gap-extended\">\n\t\t\t\t\t<div class=\"elementor-column elementor-col-100 elementor-top-column elementor-element elementor-element-93b7ba8 sc_inner_width_none sc_content_align_inherit sc_layouts_column_icons_position_left sc_fly_static\" data-id=\"93b7ba8\" data-element_type=\"column\" data-e-type=\"column\">\n\t\t\t<div class=\"elementor-widget-wrap elementor-element-populated\">\n\t\t\t\t\t\t<section class=\"elementor-section elementor-inner-section elementor-element elementor-element-f353c10 elementor-section-boxed elementor-section-height-default elementor-section-height-default sc_fly_static\" data-id=\"f353c10\" data-element_type=\"section\" data-e-type=\"section\">\n\t\t\t\t\t\t<div class=\"elementor-container elementor-column-gap-extended\">\n\t\t\t\t\t<div class=\"elementor-column elementor-col-100 elementor-inner-column elementor-element elementor-element-864539c sc_inner_width_none sc_content_align_inherit sc_layouts_column_icons_position_left sc_fly_static\" data-id=\"864539c\" data-element_type=\"column\" data-e-type=\"column\" data-settings=\"{&quot;background_background&quot;:&quot;classic&quot;}\">\n\t\t\t<div class=\"elementor-widget-wrap elementor-element-populated\">\n\t\t\t\t\t\t<div class=\"elementor-element elementor-element-878819e sc_fly_static elementor-widget elementor-widget-text-editor\" data-id=\"878819e\" data-element_type=\"widget\" data-e-type=\"widget\" data-widget_type=\"text-editor.default\">\n\t\t\t\t<div class=\"elementor-widget-container\">\n\t\t\t\t\t\t\t\t\t<p><strong>Persische Fensterjalousien<\/strong> bieten eine perfekte Kombination aus \u00e4sthetischer Anziehungskraft und praktischer Funktionalit\u00e4t. Inspiriert von traditionellen persischen Designs verbessern diese Jalousien nicht nur das Aussehen Ihres Raums, sondern bieten auch eine hervorragende Kontrolle \u00fcber nat\u00fcrliches Licht und Privatsph\u00e4re. Egal, ob Sie die Sonne abblocken oder einfach eine sanftere Atmosph\u00e4re schaffen m\u00f6chten, <strong>Persische Fensterjalousien<\/strong> sind so gestaltet, dass sie sowohl modernen als auch klassischen Innenr\u00e4umen gerecht werden.<\/p>\t\t\t\t\t\t\t\t<\/div>\n\t\t\t\t<\/div>\n\t\t\t\t\t<\/div>\n\t\t<\/div>\n\t\t\t\t\t<\/div>\n\t\t<\/section>\n\t\t\t\t\t<\/div>\n\t\t<\/div>\n\t\t\t\t\t<\/div>\n\t\t<\/section>\n\t\t\t\t<section class=\"elementor-section elementor-top-section elementor-element elementor-element-407ab4b sc_layouts_hide_on_wide sc_layouts_hide_on_desktop sc_layouts_hide_on_notebook sc_layouts_hide_on_tablet elementor-section-boxed elementor-section-height-default elementor-section-height-default sc_fly_static\" data-id=\"407ab4b\" data-element_type=\"section\" data-e-type=\"section\" data-settings=\"{&quot;background_background&quot;:&quot;classic&quot;}\">\n\t\t\t\t\t\t<div class=\"elementor-container elementor-column-gap-extended\">\n\t\t\t\t\t<div class=\"elementor-column elementor-col-100 elementor-top-column elementor-element elementor-element-1de25f2 sc_inner_width_none sc_content_align_inherit sc_layouts_column_icons_position_left sc_fly_static\" data-id=\"1de25f2\" data-element_type=\"column\" data-e-type=\"column\" data-settings=\"{&quot;background_background&quot;:&quot;classic&quot;,&quot;animation_mobile&quot;:&quot;fadeInUp&quot;}\">\n\t\t\t<div class=\"elementor-widget-wrap elementor-element-populated\">\n\t\t\t\t\t\t<section class=\"elementor-section elementor-inner-section elementor-element elementor-element-cc01652 elementor-section-boxed elementor-section-height-default elementor-section-height-default animation_type_block sc_fly_static elementor-invisible\" data-id=\"cc01652\" data-element_type=\"section\" data-e-type=\"section\" data-settings=\"{&quot;background_background&quot;:&quot;classic&quot;,&quot;animation&quot;:&quot;fadeInUp&quot;}\">\n\t\t\t\t\t\t<div class=\"elementor-container elementor-column-gap-extended\">\n\t\t\t\t\t<div class=\"elementor-column elementor-col-100 elementor-inner-column elementor-element elementor-element-976a3c8 sc_inner_width_none sc_content_align_inherit sc_layouts_column_icons_position_left sc_fly_static\" data-id=\"976a3c8\" data-element_type=\"column\" data-e-type=\"column\" data-settings=\"{&quot;background_background&quot;:&quot;classic&quot;}\">\n\t\t\t<div class=\"elementor-widget-wrap elementor-element-populated\">\n\t\t\t\t\t\t<div class=\"elementor-element elementor-element-5cb2320 sc_fly_static elementor-widget elementor-widget-text-editor\" data-id=\"5cb2320\" data-element_type=\"widget\" data-e-type=\"widget\" data-widget_type=\"text-editor.default\">\n\t\t\t\t<div class=\"elementor-widget-container\">\n\t\t\t\t\t\t\t\t\t<p><strong>Persische Fensterjalousien<\/strong> bieten eine perfekte Kombination aus \u00e4sthetischer Anziehungskraft und praktischer Funktionalit\u00e4t. Inspiriert von traditionellen persischen Designs verbessern diese Jalousien nicht nur das Aussehen Ihres Raums, sondern bieten auch eine hervorragende Kontrolle \u00fcber nat\u00fcrliches Licht und Privatsph\u00e4re. Egal, ob Sie die Sonne abblocken oder einfach eine sanftere Atmosph\u00e4re schaffen m\u00f6chten, <strong>Persische Fensterjalousien<\/strong> sind so gestaltet, dass sie sowohl modernen als auch klassischen Innenr\u00e4umen gerecht werden.<\/p>\t\t\t\t\t\t\t\t<\/div>\n\t\t\t\t<\/div>\n\t\t\t\t\t<\/div>\n\t\t<\/div>\n\t\t\t\t\t<\/div>\n\t\t<\/section>\n\t\t\t\t\t<\/div>\n\t\t<\/div>\n\t\t\t\t\t<\/div>\n\t\t<\/section>\n\t\t\t\t<section class=\"elementor-section elementor-top-section elementor-element elementor-element-ece7176 elementor-section-boxed elementor-section-height-default elementor-section-height-default sc_fly_static\" data-id=\"ece7176\" data-element_type=\"section\" data-e-type=\"section\">\n\t\t\t\t\t\t<div class=\"elementor-container elementor-column-gap-extended\">\n\t\t\t\t\t<div class=\"elementor-column elementor-col-50 elementor-top-column elementor-element elementor-element-f09a9ee sc_inner_width_none sc_content_align_inherit sc_layouts_column_icons_position_left sc_fly_static\" data-id=\"f09a9ee\" data-element_type=\"column\" data-e-type=\"column\">\n\t\t\t<div class=\"elementor-widget-wrap elementor-element-populated\">\n\t\t\t\t\t\t<div class=\"elementor-element elementor-element-5987fa8 elementor-widget-tablet__width-initial sc_fly_static elementor-widget elementor-widget-text-editor\" data-id=\"5987fa8\" data-element_type=\"widget\" data-e-type=\"widget\" data-widget_type=\"text-editor.default\">\n\t\t\t\t<div class=\"elementor-widget-container\">\n\t\t\t\t\t\t\t\t\t<h4><strong>Hauptmerkmale der Persischen Fensterjalousien:<\/strong><\/h4><ol><li><strong>Elegantes Design<\/strong>: Inspiriert von kunstvollen persischen Mustern, verleihen diese Jalousien jedem Raum eine einzigartige dekorative Note.<\/li><li><strong>Licht- und Sichtschutzkontrolle<\/strong>: Verstellbare Lamellen erm\u00f6glichen eine pr\u00e4zise Kontrolle des nat\u00fcrlichen Lichts und gew\u00e4hrleisten Privatsph\u00e4re, wenn dies erforderlich ist.<\/li><li><strong>Hochwertige Materialien<\/strong>: Hergestellt aus hochwertigen Stoffen und PVC, die eine langanhaltende Haltbarkeit und Widerstandsf\u00e4higkeit gegen\u00fcber Abnutzung gew\u00e4hrleisten.<\/li><li><strong>Energieeffizienz<\/strong>: Helfen, W\u00e4rme- und Energieverluste zu reduzieren, sodass Ihr Raum im Sommer k\u00fchl und im Winter warm bleibt.<\/li><li><strong>Anpassbare Optionen<\/strong>: Erh\u00e4ltlich in einer Vielzahl von Farben, Materialien und Stilen, die zu jeder Einrichtung passen.<\/li><\/ol>\t\t\t\t\t\t\t\t<\/div>\n\t\t\t\t<\/div>\n\t\t\t\t\t<\/div>\n\t\t<\/div>\n\t\t\t\t<div class=\"elementor-column elementor-col-50 elementor-top-column elementor-element elementor-element-57835ff sc_inner_width_none sc_content_align_inherit sc_layouts_column_icons_position_left animation_type_block sc_fly_static elementor-invisible\" data-id=\"57835ff\" data-element_type=\"column\" data-e-type=\"column\" data-settings=\"{&quot;animation&quot;:&quot;fadeInUp&quot;}\">\n\t\t\t<div class=\"elementor-widget-wrap elementor-element-populated\">\n\t\t\t\t\t\t<div class=\"elementor-element elementor-element-ec9883c sc_fly_static elementor-widget elementor-widget-image\" data-id=\"ec9883c\" data-element_type=\"widget\" data-e-type=\"widget\" data-widget_type=\"image.default\">\n\t\t\t\t<div class=\"elementor-widget-container\">\n\t\t\t\t\t\t\t\t\t\t\t\t\t\t\t<img decoding=\"async\" src=\"https:\/\/atangroup.com\/wp-content\/uploads\/elementor\/thumbs\/persiane-alluminio-qv4m7nsrzn199w44kzkxutk7c0y9iva2kxcin24ufi.png\" title=\"persiane-alluminio\" alt=\"persiane-alluminio\" loading=\"lazy\" \/>\t\t\t\t\t\t\t\t\t\t\t\t\t\t\t<\/div>\n\t\t\t\t<\/div>\n\t\t\t\t\t<\/div>\n\t\t<\/div>\n\t\t\t\t\t<\/div>\n\t\t<\/section>\n\t\t\t\t<section class=\"elementor-section elementor-top-section elementor-element elementor-element-b8f1546 elementor-section-boxed elementor-section-height-default elementor-section-height-default sc_fly_static\" data-id=\"b8f1546\" data-element_type=\"section\" data-e-type=\"section\">\n\t\t\t\t\t\t<div class=\"elementor-container elementor-column-gap-extended\">\n\t\t\t\t\t<div class=\"elementor-column elementor-col-100 elementor-top-column elementor-element elementor-element-eb1d00e sc_inner_width_none sc_content_align_inherit sc_layouts_column_icons_position_left sc_fly_static\" data-id=\"eb1d00e\" data-element_type=\"column\" data-e-type=\"column\">\n\t\t\t<div class=\"elementor-widget-wrap elementor-element-populated\">\n\t\t\t\t\t\t<div class=\"elementor-element elementor-element-443c762 elementor-widget-divider--view-line_text elementor-widget-divider--element-align-center sc_fly_static elementor-widget elementor-widget-divider\" data-id=\"443c762\" data-element_type=\"widget\" data-e-type=\"widget\" data-widget_type=\"divider.default\">\n\t\t\t\t<div class=\"elementor-widget-container\">\n\t\t\t\t\t\t\t<div class=\"elementor-divider\">\n\t\t\t<span class=\"elementor-divider-separator\">\n\t\t\t\t\t\t\t<span class=\"elementor-divider__text elementor-divider__element\">\n\t\t\t\tAngebot anfordern \t\t\t\t<\/span>\n\t\t\t\t\t\t<\/span>\n\t\t<\/div>\n\t\t\t\t\t\t<\/div>\n\t\t\t\t<\/div>\n\t\t\t\t<div class=\"elementor-element elementor-element-7c7a51a sc_fly_static elementor-widget elementor-widget-heading\" data-id=\"7c7a51a\" data-element_type=\"widget\" data-e-type=\"widget\" data-widget_type=\"heading.default\">\n\t\t\t\t<div class=\"elementor-widget-container\">\n\t\t\t\t\t<h4 class=\"elementor-heading-title elementor-size-default\">Holen Sie sich Ihr individuelles Angebot f\u00fcr PVC-Fenster! Fordern Sie es jetzt an!<\/h4>\t\t\t\t<\/div>\n\t\t\t\t<\/div>\n\t\t\t\t<div class=\"elementor-element elementor-element-9d1c274 sc_fly_static elementor-widget elementor-widget-trx_sc_button\" data-id=\"9d1c274\" data-element_type=\"widget\" data-e-type=\"widget\" data-widget_type=\"trx_sc_button.default\">\n\t\t\t\t<div class=\"elementor-widget-container\">\n\t\t\t\t\t<div\tclass=\"sc_item_button sc_button_wrap sc_align_center\" ><a href=\"https:\/\/atangroup.com\/de\/ein-angebot-anfordern\/\" class=\"sc_button sc_button_default sc_button_size_normal sc_button_with_icon sc_button_icon_right\" ><span class=\"sc_button_icon\"><span class=\"icon-logout\"><\/span><\/span><span class=\"sc_button_text\"><span class=\"sc_button_title\">Kontakt<\/span><\/span><\/a><\/div>\t\t\t\t<\/div>\n\t\t\t\t<\/div>\n\t\t\t\t\t<\/div>\n\t\t<\/div>\n\t\t\t\t\t<\/div>\n\t\t<\/section>\n\t\t\t\t<\/div>","protected":false},"excerpt":{"rendered":"<p>Persian Window Blinds offer a perfect blend of aesthetic appeal and practical functionality. Inspired by traditional Persian designs, these blinds not only enhance the look of your space but also&hellip;<\/p>","protected":false},"author":1,"featured_media":0,"parent":0,"menu_order":0,"comment_status":"closed","ping_status":"closed","template":"elementor_header_footer","meta":{"footnotes":"","_links_to":"","_links_to_target":""},"class_list":["post-26924","page","type-page","status-publish","hentry"],"yoast_head":"<!-- This site is optimized with the Yoast SEO Premium plugin v23.6 (Yoast SEO v27.2) - https:\/\/yoast.com\/product\/yoast-seo-premium-wordpress\/ -->\n<title>Persian Window Blinds \u2013 Stylish &amp; Energy-Efficient<\/title>\n<meta name=\"description\" content=\"Enhance your space with Persian window blinds for style, privacy, and energy efficiency. Perfect for homes and offices.\" \/>\n<meta name=\"robots\" content=\"index, follow, max-snippet:-1, max-image-preview:large, max-video-preview:-1\" \/>\n<link rel=\"canonical\" href=\"https:\/\/atangroup.com\/de\/persische-fensterjalousien-stilvolle-privatsphare-und-energieeffizienz\/\" \/>\n<meta property=\"og:locale\" content=\"de_DE\" \/>\n<meta property=\"og:type\" content=\"article\" \/>\n<meta property=\"og:title\" content=\"Persian Window Blinds - Stylish Privacy and Energy Efficiency\" \/>\n<meta property=\"og:description\" content=\"Enhance your space with Persian window blinds for style, privacy, and energy efficiency. Perfect for homes and offices.\" \/>\n<meta property=\"og:url\" content=\"https:\/\/atangroup.com\/de\/persische-fensterjalousien-stilvolle-privatsphare-und-energieeffizienz\/\" \/>\n<meta property=\"og:site_name\" content=\"Atan Group\" \/>\n<meta property=\"article:publisher\" content=\"https:\/\/www.facebook.com\/infissi24construction\" \/>\n<meta property=\"article:modified_time\" content=\"2025-02-11T16:35:43+00:00\" \/>\n<meta property=\"og:image\" content=\"https:\/\/atangroup.com\/wp-content\/uploads\/elementor\/thumbs\/persiane-alluminio-qv4m7nsrzn199w44kzkxutk7c0y9iva2kxcin24ufi.png\" \/>\n<meta name=\"twitter:card\" content=\"summary_large_image\" \/>\n<meta name=\"twitter:site\" content=\"@ic_pvc_company\" \/>\n<meta name=\"twitter:label1\" content=\"Gesch\u00e4tzte Lesezeit\" \/>\n\t<meta name=\"twitter:data1\" content=\"2\u00a0Minuten\" \/>\n<script type=\"application\/ld+json\" class=\"yoast-schema-graph\">{\"@context\":\"https:\/\/schema.org\",\"@graph\":[{\"@type\":\"WebPage\",\"@id\":\"https:\/\/atangroup.com\/persian-window-blinds-stylish-privacy-and-energy-efficiency\/\",\"url\":\"https:\/\/atangroup.com\/persian-window-blinds-stylish-privacy-and-energy-efficiency\/\",\"name\":\"Persian Window Blinds \u2013 Stylish & Energy-Efficient\",\"isPartOf\":{\"@id\":\"https:\/\/atangroup.com\/#website\"},\"primaryImageOfPage\":{\"@id\":\"https:\/\/atangroup.com\/persian-window-blinds-stylish-privacy-and-energy-efficiency\/#primaryimage\"},\"image\":{\"@id\":\"https:\/\/atangroup.com\/persian-window-blinds-stylish-privacy-and-energy-efficiency\/#primaryimage\"},\"thumbnailUrl\":\"https:\/\/atangroup.com\/wp-content\/uploads\/elementor\/thumbs\/persiane-alluminio-qv4m7nsrzn199w44kzkxutk7c0y9iva2kxcin24ufi.png\",\"datePublished\":\"2024-10-05T20:25:57+00:00\",\"dateModified\":\"2025-02-11T16:35:43+00:00\",\"description\":\"Enhance your space with Persian window blinds for style, privacy, and energy efficiency. Perfect for homes and offices.\",\"breadcrumb\":{\"@id\":\"https:\/\/atangroup.com\/persian-window-blinds-stylish-privacy-and-energy-efficiency\/#breadcrumb\"},\"inLanguage\":\"de\",\"potentialAction\":[{\"@type\":\"ReadAction\",\"target\":[\"https:\/\/atangroup.com\/persian-window-blinds-stylish-privacy-and-energy-efficiency\/\"]}]},{\"@type\":\"ImageObject\",\"inLanguage\":\"de\",\"@id\":\"https:\/\/atangroup.com\/persian-window-blinds-stylish-privacy-and-energy-efficiency\/#primaryimage\",\"url\":\"https:\/\/atangroup.com\/wp-content\/uploads\/elementor\/thumbs\/persiane-alluminio-qv4m7nsrzn199w44kzkxutk7c0y9iva2kxcin24ufi.png\",\"contentUrl\":\"https:\/\/atangroup.com\/wp-content\/uploads\/elementor\/thumbs\/persiane-alluminio-qv4m7nsrzn199w44kzkxutk7c0y9iva2kxcin24ufi.png\"},{\"@type\":\"BreadcrumbList\",\"@id\":\"https:\/\/atangroup.com\/persian-window-blinds-stylish-privacy-and-energy-efficiency\/#breadcrumb\",\"itemListElement\":[{\"@type\":\"ListItem\",\"position\":1,\"name\":\"Home\",\"item\":\"https:\/\/atangroup.com\/\"},{\"@type\":\"ListItem\",\"position\":2,\"name\":\"Persian Window Blinds &#8211; Stylish Privacy and Energy Efficiency\"}]},{\"@type\":\"WebSite\",\"@id\":\"https:\/\/atangroup.com\/#website\",\"url\":\"https:\/\/atangroup.com\/\",\"name\":\"Infissi Construction\",\"description\":\"High Quality Windows &amp; Doors\",\"publisher\":{\"@id\":\"https:\/\/atangroup.com\/#organization\"},\"potentialAction\":[{\"@type\":\"SearchAction\",\"target\":{\"@type\":\"EntryPoint\",\"urlTemplate\":\"https:\/\/atangroup.com\/?s={search_term_string}\"},\"query-input\":{\"@type\":\"PropertyValueSpecification\",\"valueRequired\":true,\"valueName\":\"search_term_string\"}}],\"inLanguage\":\"de\"},{\"@type\":\"Organization\",\"@id\":\"https:\/\/atangroup.com\/#organization\",\"name\":\"Infissi Construction\",\"url\":\"https:\/\/atangroup.com\/\",\"logo\":{\"@type\":\"ImageObject\",\"inLanguage\":\"de\",\"@id\":\"https:\/\/atangroup.com\/#\/schema\/logo\/image\/\",\"url\":\"https:\/\/atangroup.com\/wp-content\/uploads\/2024\/10\/infissi-construction-logo-1.png\",\"contentUrl\":\"https:\/\/atangroup.com\/wp-content\/uploads\/2024\/10\/infissi-construction-logo-1.png\",\"width\":1080,\"height\":1080,\"caption\":\"Infissi Construction\"},\"image\":{\"@id\":\"https:\/\/atangroup.com\/#\/schema\/logo\/image\/\"},\"sameAs\":[\"https:\/\/www.facebook.com\/infissi24construction\",\"https:\/\/x.com\/ic_pvc_company\",\"https:\/\/www.instagram.com\/infissiconstruction\"]}]}<\/script>\n<!-- \/ Yoast SEO Premium plugin. -->","yoast_head_json":{"title":"Persian Window Blinds \u2013 Stylish & Energy-Efficient","description":"Enhance your space with Persian window blinds for style, privacy, and energy efficiency. Perfect for homes and offices.","robots":{"index":"index","follow":"follow","max-snippet":"max-snippet:-1","max-image-preview":"max-image-preview:large","max-video-preview":"max-video-preview:-1"},"canonical":"https:\/\/atangroup.com\/de\/persische-fensterjalousien-stilvolle-privatsphare-und-energieeffizienz\/","og_locale":"de_DE","og_type":"article","og_title":"Persian Window Blinds - Stylish Privacy and Energy Efficiency","og_description":"Enhance your space with Persian window blinds for style, privacy, and energy efficiency. Perfect for homes and offices.","og_url":"https:\/\/atangroup.com\/de\/persische-fensterjalousien-stilvolle-privatsphare-und-energieeffizienz\/","og_site_name":"Atan Group","article_publisher":"https:\/\/www.facebook.com\/infissi24construction","article_modified_time":"2025-02-11T16:35:43+00:00","og_image":[{"url":"https:\/\/atangroup.com\/wp-content\/uploads\/elementor\/thumbs\/persiane-alluminio-qv4m7nsrzn199w44kzkxutk7c0y9iva2kxcin24ufi.png","type":"","width":"","height":""}],"twitter_card":"summary_large_image","twitter_site":"@ic_pvc_company","twitter_misc":{"Gesch\u00e4tzte Lesezeit":"2\u00a0Minuten"},"schema":{"@context":"https:\/\/schema.org","@graph":[{"@type":"WebPage","@id":"https:\/\/atangroup.com\/persian-window-blinds-stylish-privacy-and-energy-efficiency\/","url":"https:\/\/atangroup.com\/persian-window-blinds-stylish-privacy-and-energy-efficiency\/","name":"Persian Window Blinds \u2013 Stylish & Energy-Efficient","isPartOf":{"@id":"https:\/\/atangroup.com\/#website"},"primaryImageOfPage":{"@id":"https:\/\/atangroup.com\/persian-window-blinds-stylish-privacy-and-energy-efficiency\/#primaryimage"},"image":{"@id":"https:\/\/atangroup.com\/persian-window-blinds-stylish-privacy-and-energy-efficiency\/#primaryimage"},"thumbnailUrl":"https:\/\/atangroup.com\/wp-content\/uploads\/elementor\/thumbs\/persiane-alluminio-qv4m7nsrzn199w44kzkxutk7c0y9iva2kxcin24ufi.png","datePublished":"2024-10-05T20:25:57+00:00","dateModified":"2025-02-11T16:35:43+00:00","description":"Enhance your space with Persian window blinds for style, privacy, and energy efficiency. Perfect for homes and offices.","breadcrumb":{"@id":"https:\/\/atangroup.com\/persian-window-blinds-stylish-privacy-and-energy-efficiency\/#breadcrumb"},"inLanguage":"de","potentialAction":[{"@type":"ReadAction","target":["https:\/\/atangroup.com\/persian-window-blinds-stylish-privacy-and-energy-efficiency\/"]}]},{"@type":"ImageObject","inLanguage":"de","@id":"https:\/\/atangroup.com\/persian-window-blinds-stylish-privacy-and-energy-efficiency\/#primaryimage","url":"https:\/\/atangroup.com\/wp-content\/uploads\/elementor\/thumbs\/persiane-alluminio-qv4m7nsrzn199w44kzkxutk7c0y9iva2kxcin24ufi.png","contentUrl":"https:\/\/atangroup.com\/wp-content\/uploads\/elementor\/thumbs\/persiane-alluminio-qv4m7nsrzn199w44kzkxutk7c0y9iva2kxcin24ufi.png"},{"@type":"BreadcrumbList","@id":"https:\/\/atangroup.com\/persian-window-blinds-stylish-privacy-and-energy-efficiency\/#breadcrumb","itemListElement":[{"@type":"ListItem","position":1,"name":"Home","item":"https:\/\/atangroup.com\/"},{"@type":"ListItem","position":2,"name":"Persian Window Blinds &#8211; Stylish Privacy and Energy Efficiency"}]},{"@type":"WebSite","@id":"https:\/\/atangroup.com\/#website","url":"https:\/\/atangroup.com\/","name":"Infissi Construction","description":"High Quality Windows &amp; Doors","publisher":{"@id":"https:\/\/atangroup.com\/#organization"},"potentialAction":[{"@type":"SearchAction","target":{"@type":"EntryPoint","urlTemplate":"https:\/\/atangroup.com\/?s={search_term_string}"},"query-input":{"@type":"PropertyValueSpecification","valueRequired":true,"valueName":"search_term_string"}}],"inLanguage":"de"},{"@type":"Organization","@id":"https:\/\/atangroup.com\/#organization","name":"Infissi Construction","url":"https:\/\/atangroup.com\/","logo":{"@type":"ImageObject","inLanguage":"de","@id":"https:\/\/atangroup.com\/#\/schema\/logo\/image\/","url":"https:\/\/atangroup.com\/wp-content\/uploads\/2024\/10\/infissi-construction-logo-1.png","contentUrl":"https:\/\/atangroup.com\/wp-content\/uploads\/2024\/10\/infissi-construction-logo-1.png","width":1080,"height":1080,"caption":"Infissi Construction"},"image":{"@id":"https:\/\/atangroup.com\/#\/schema\/logo\/image\/"},"sameAs":["https:\/\/www.facebook.com\/infissi24construction","https:\/\/x.com\/ic_pvc_company","https:\/\/www.instagram.com\/infissiconstruction"]}]}},"_links":{"self":[{"href":"https:\/\/atangroup.com\/de\/wp-json\/wp\/v2\/pages\/26924","targetHints":{"allow":["GET"]}}],"collection":[{"href":"https:\/\/atangroup.com\/de\/wp-json\/wp\/v2\/pages"}],"about":[{"href":"https:\/\/atangroup.com\/de\/wp-json\/wp\/v2\/types\/page"}],"author":[{"embeddable":true,"href":"https:\/\/atangroup.com\/de\/wp-json\/wp\/v2\/users\/1"}],"replies":[{"embeddable":true,"href":"https:\/\/atangroup.com\/de\/wp-json\/wp\/v2\/comments?post=26924"}],"version-history":[{"count":1,"href":"https:\/\/atangroup.com\/de\/wp-json\/wp\/v2\/pages\/26924\/revisions"}],"predecessor-version":[{"id":27972,"href":"https:\/\/atangroup.com\/de\/wp-json\/wp\/v2\/pages\/26924\/revisions\/27972"}],"wp:attachment":[{"href":"https:\/\/atangroup.com\/de\/wp-json\/wp\/v2\/media?parent=26924"}],"curies":[{"name":"wp","href":"https:\/\/api.w.org\/{rel}","templated":true}]}}