{"id":26884,"date":"2024-10-04T22:35:59","date_gmt":"2024-10-04T22:35:59","guid":{"rendered":"https:\/\/atangroup.com\/?page_id=26884"},"modified":"2025-02-11T17:04:55","modified_gmt":"2025-02-11T17:04:55","slug":"secure-and-energy-efficient-pvc-entrance-doors","status":"publish","type":"page","link":"https:\/\/atangroup.com\/de\/secure-and-energy-efficient-pvc-entrance-doors\/","title":{"rendered":"Sichere und energieeffiziente PVC-Eingangst\u00fcren"},"content":{"rendered":"<div data-elementor-type=\"wp-page\" data-elementor-id=\"26884\" class=\"elementor elementor-26884\">\n\t\t\t\t\t\t<section class=\"elementor-section elementor-top-section elementor-element elementor-element-3527519 sc_layouts_hide_on_mobile elementor-section-boxed elementor-section-height-default elementor-section-height-default animation_type_block sc_fly_static elementor-invisible\" data-id=\"3527519\" data-element_type=\"section\" data-e-type=\"section\" data-settings=\"{&quot;background_background&quot;:&quot;classic&quot;,&quot;animation&quot;:&quot;fadeInUp&quot;}\">\n\t\t\t\t\t\t<div class=\"elementor-container elementor-column-gap-extended\">\n\t\t\t\t\t<div class=\"elementor-column elementor-col-100 elementor-top-column elementor-element elementor-element-30bb8be sc_inner_width_none sc_content_align_inherit sc_layouts_column_icons_position_left sc_fly_static\" data-id=\"30bb8be\" data-element_type=\"column\" data-e-type=\"column\">\n\t\t\t<div class=\"elementor-widget-wrap elementor-element-populated\">\n\t\t\t\t\t\t<section class=\"elementor-section elementor-inner-section elementor-element elementor-element-88c0611 elementor-section-boxed elementor-section-height-default elementor-section-height-default sc_fly_static\" data-id=\"88c0611\" data-element_type=\"section\" data-e-type=\"section\">\n\t\t\t\t\t\t<div class=\"elementor-container elementor-column-gap-extended\">\n\t\t\t\t\t<div class=\"elementor-column elementor-col-100 elementor-inner-column elementor-element elementor-element-2a2c392 sc_inner_width_none sc_content_align_inherit sc_layouts_column_icons_position_left sc_fly_static\" data-id=\"2a2c392\" data-element_type=\"column\" data-e-type=\"column\" data-settings=\"{&quot;background_background&quot;:&quot;classic&quot;}\">\n\t\t\t<div class=\"elementor-widget-wrap elementor-element-populated\">\n\t\t\t\t\t\t<div class=\"elementor-element elementor-element-f5f9e8a sc_fly_static elementor-widget elementor-widget-text-editor\" data-id=\"f5f9e8a\" data-element_type=\"widget\" data-e-type=\"widget\" data-widget_type=\"text-editor.default\">\n\t\t\t\t<div class=\"elementor-widget-container\">\n\t\t\t\t\t\t\t\t\t<p><strong>PVC-Eingangst\u00fcren<\/strong> sind die perfekte L\u00f6sung f\u00fcr Hausbesitzer und Unternehmen, die eine Kombination aus Stil, Sicherheit und Effizienz suchen. Diese T\u00fcren bieten hervorragende Isolationseigenschaften, robuste Sicherheitsmerkmale und sind darauf ausgelegt, verschiedenen Wetterbedingungen standzuhalten. Mit einem schlanken und modernen Design verbessern <strong>PVC-Eingangst\u00fcren<\/strong> die \u00e4sthetische Anziehungskraft jeder Immobilie und gew\u00e4hrleisten gleichzeitig eine langlebige Leistung und geringen Wartungsaufwand.<\/p>\t\t\t\t\t\t\t\t<\/div>\n\t\t\t\t<\/div>\n\t\t\t\t\t<\/div>\n\t\t<\/div>\n\t\t\t\t\t<\/div>\n\t\t<\/section>\n\t\t\t\t\t<\/div>\n\t\t<\/div>\n\t\t\t\t\t<\/div>\n\t\t<\/section>\n\t\t\t\t<section class=\"elementor-section elementor-top-section elementor-element elementor-element-8b1493f sc_layouts_hide_on_wide sc_layouts_hide_on_desktop sc_layouts_hide_on_notebook sc_layouts_hide_on_tablet elementor-section-boxed elementor-section-height-default elementor-section-height-default sc_fly_static\" data-id=\"8b1493f\" data-element_type=\"section\" data-e-type=\"section\" data-settings=\"{&quot;background_background&quot;:&quot;classic&quot;}\">\n\t\t\t\t\t\t<div class=\"elementor-container elementor-column-gap-extended\">\n\t\t\t\t\t<div class=\"elementor-column elementor-col-100 elementor-top-column elementor-element elementor-element-b52ab0a sc_inner_width_none sc_content_align_inherit sc_layouts_column_icons_position_left sc_fly_static\" data-id=\"b52ab0a\" data-element_type=\"column\" data-e-type=\"column\" data-settings=\"{&quot;background_background&quot;:&quot;classic&quot;,&quot;animation_mobile&quot;:&quot;fadeInUp&quot;}\">\n\t\t\t<div class=\"elementor-widget-wrap elementor-element-populated\">\n\t\t\t\t\t\t<section class=\"elementor-section elementor-inner-section elementor-element elementor-element-df054bc elementor-section-boxed elementor-section-height-default elementor-section-height-default animation_type_block sc_fly_static elementor-invisible\" data-id=\"df054bc\" data-element_type=\"section\" data-e-type=\"section\" data-settings=\"{&quot;background_background&quot;:&quot;classic&quot;,&quot;animation&quot;:&quot;fadeInUp&quot;}\">\n\t\t\t\t\t\t<div class=\"elementor-container elementor-column-gap-extended\">\n\t\t\t\t\t<div class=\"elementor-column elementor-col-100 elementor-inner-column elementor-element elementor-element-e7828b1 sc_inner_width_none sc_content_align_inherit sc_layouts_column_icons_position_left sc_fly_static\" data-id=\"e7828b1\" data-element_type=\"column\" data-e-type=\"column\" data-settings=\"{&quot;background_background&quot;:&quot;classic&quot;}\">\n\t\t\t<div class=\"elementor-widget-wrap elementor-element-populated\">\n\t\t\t\t\t\t<div class=\"elementor-element elementor-element-c4d357f sc_fly_static elementor-widget elementor-widget-text-editor\" data-id=\"c4d357f\" data-element_type=\"widget\" data-e-type=\"widget\" data-widget_type=\"text-editor.default\">\n\t\t\t\t<div class=\"elementor-widget-container\">\n\t\t\t\t\t\t\t\t\t<p><strong>PVC-Balkont\u00fcren<\/strong> sind die perfekte Kombination aus modernem Design, Langlebigkeit und Energieeffizienz, was sie ideal f\u00fcr Wohn- und Gesch\u00e4ftsimmobilien macht. Diese T\u00fcren bieten einen nahtlosen \u00dcbergang zwischen Innen- und Au\u00dfenbereichen und verf\u00fcgen \u00fcber gro\u00dfe Verglasungsfl\u00e4chen, die maximales Tageslicht hereinlassen und gleichzeitig hervorragende Isolierung bieten. Egal, ob Sie die Sch\u00f6nheit Ihres Balkons verbessern oder die Energieeffizienz steigern m\u00f6chten, PVC-Balkont\u00fcren \u00fcberzeugen in jeder Hinsicht.<\/p><h4>\u00a0<\/h4>\t\t\t\t\t\t\t\t<\/div>\n\t\t\t\t<\/div>\n\t\t\t\t\t<\/div>\n\t\t<\/div>\n\t\t\t\t\t<\/div>\n\t\t<\/section>\n\t\t\t\t\t<\/div>\n\t\t<\/div>\n\t\t\t\t\t<\/div>\n\t\t<\/section>\n\t\t\t\t<section class=\"elementor-section elementor-top-section elementor-element elementor-element-f016eca elementor-section-boxed elementor-section-height-default elementor-section-height-default sc_fly_static\" data-id=\"f016eca\" data-element_type=\"section\" data-e-type=\"section\">\n\t\t\t\t\t\t<div class=\"elementor-container elementor-column-gap-extended\">\n\t\t\t\t\t<div class=\"elementor-column elementor-col-50 elementor-top-column elementor-element elementor-element-b0a22a8 sc_inner_width_none sc_content_align_inherit sc_layouts_column_icons_position_left sc_fly_static\" data-id=\"b0a22a8\" data-element_type=\"column\" data-e-type=\"column\">\n\t\t\t<div class=\"elementor-widget-wrap elementor-element-populated\">\n\t\t\t\t\t\t<div class=\"elementor-element elementor-element-94e3c7a elementor-widget-tablet__width-initial sc_fly_static elementor-widget elementor-widget-text-editor\" data-id=\"94e3c7a\" data-element_type=\"widget\" data-e-type=\"widget\" data-widget_type=\"text-editor.default\">\n\t\t\t\t<div class=\"elementor-widget-container\">\n\t\t\t\t\t\t\t\t\t<h4><strong>Hauptmerkmale von PVC-Eingangst\u00fcren<\/strong><\/h4><ol><li><strong>Hohe Sicherheit<\/strong>: Mehrpunktverriegelungssysteme und verst\u00e4rkte Rahmen bieten maximalen Schutz vor Eindringlingen.<\/li><li><strong>Energieeffizienz<\/strong>: PVC-Material bietet hervorragende W\u00e4rmed\u00e4mmung, reduziert Energieverluste und hilft, Heiz- und K\u00fchlkosten zu senken.<\/li><li><strong>Wetterbest\u00e4ndigkeit<\/strong>: Widerstandsf\u00e4hig gegen raue Wetterbedingungen, einschlie\u00dflich Wind, Regen und extremen Temperaturen, sorgt f\u00fcr eine langlebige Haltbarkeit.<\/li><li><strong>Schalld\u00e4mmung<\/strong>: Blockiert \u00e4u\u00dfere Ger\u00e4usche und schafft eine ruhigere und komfortablere Innenumgebung.<\/li><li><strong>Anpassbare Designs<\/strong>: Erh\u00e4ltlich in einer breiten Palette von Stilen, Farben und Oberfl\u00e4chen, um zum Design Ihres Hauses oder Unternehmens zu passen.<\/li><li><strong>Geringer Wartungsaufwand<\/strong>: PVC erfordert minimalen Pflegeaufwand, widersteht Verblassen, Korrosion und Abnutzung im Laufe der Zeit.<\/li><li><strong>Umweltfreundlich<\/strong>: Hergestellt aus recycelbaren Materialien, was es zu einer umweltverantwortlichen Wahl macht.<\/li><\/ol><p>\u00a0<\/p>\t\t\t\t\t\t\t\t<\/div>\n\t\t\t\t<\/div>\n\t\t\t\t\t<\/div>\n\t\t<\/div>\n\t\t\t\t<div class=\"elementor-column elementor-col-50 elementor-top-column elementor-element elementor-element-08f4e05 sc_inner_width_none sc_content_align_inherit sc_layouts_column_icons_position_left animation_type_block sc_fly_static elementor-invisible\" data-id=\"08f4e05\" data-element_type=\"column\" data-e-type=\"column\" data-settings=\"{&quot;animation&quot;:&quot;fadeInUp&quot;}\">\n\t\t\t<div class=\"elementor-widget-wrap elementor-element-populated\">\n\t\t\t\t\t\t<div class=\"elementor-element elementor-element-28ab756 sc_fly_static elementor-widget elementor-widget-image\" data-id=\"28ab756\" data-element_type=\"widget\" data-e-type=\"widget\" data-widget_type=\"image.default\">\n\t\t\t\t<div class=\"elementor-widget-container\">\n\t\t\t\t\t\t\t\t\t\t\t\t\t\t\t<img decoding=\"async\" src=\"https:\/\/atangroup.com\/wp-content\/uploads\/elementor\/thumbs\/pvc-entrance-door-qv319i1dkciqg6342smvg66rl5xgt0abdkqw8dxdse.png\" title=\"pvc-entrance-door\" alt=\"pvc-entrance-door\" loading=\"lazy\" \/>\t\t\t\t\t\t\t\t\t\t\t\t\t\t\t<\/div>\n\t\t\t\t<\/div>\n\t\t\t\t\t<\/div>\n\t\t<\/div>\n\t\t\t\t\t<\/div>\n\t\t<\/section>\n\t\t\t\t<section class=\"elementor-section elementor-top-section elementor-element elementor-element-86114e4 elementor-section-boxed elementor-section-height-default elementor-section-height-default sc_fly_static\" data-id=\"86114e4\" data-element_type=\"section\" data-e-type=\"section\">\n\t\t\t\t\t\t<div class=\"elementor-container elementor-column-gap-extended\">\n\t\t\t\t\t<div class=\"elementor-column elementor-col-100 elementor-top-column elementor-element elementor-element-b185253 sc_inner_width_none sc_content_align_inherit sc_layouts_column_icons_position_left sc_fly_static\" data-id=\"b185253\" data-element_type=\"column\" data-e-type=\"column\">\n\t\t\t<div class=\"elementor-widget-wrap elementor-element-populated\">\n\t\t\t\t\t\t<div class=\"elementor-element elementor-element-c6d5d9e elementor-widget-divider--view-line_text elementor-widget-divider--element-align-center sc_fly_static elementor-widget elementor-widget-divider\" data-id=\"c6d5d9e\" data-element_type=\"widget\" data-e-type=\"widget\" data-widget_type=\"divider.default\">\n\t\t\t\t<div class=\"elementor-widget-container\">\n\t\t\t\t\t\t\t<div class=\"elementor-divider\">\n\t\t\t<span class=\"elementor-divider-separator\">\n\t\t\t\t\t\t\t<span class=\"elementor-divider__text elementor-divider__element\">\n\t\t\t\tAngebot anfordern \t\t\t\t<\/span>\n\t\t\t\t\t\t<\/span>\n\t\t<\/div>\n\t\t\t\t\t\t<\/div>\n\t\t\t\t<\/div>\n\t\t\t\t<div class=\"elementor-element elementor-element-25bea6a sc_fly_static elementor-widget elementor-widget-heading\" data-id=\"25bea6a\" data-element_type=\"widget\" data-e-type=\"widget\" data-widget_type=\"heading.default\">\n\t\t\t\t<div class=\"elementor-widget-container\">\n\t\t\t\t\t<h4 class=\"elementor-heading-title elementor-size-default\">Holen Sie sich Ihr individuelles Angebot f\u00fcr PVC-Fenster! Fordern Sie es jetzt an!<\/h4>\t\t\t\t<\/div>\n\t\t\t\t<\/div>\n\t\t\t\t<div class=\"elementor-element elementor-element-cfbcac5 sc_fly_static elementor-widget elementor-widget-trx_sc_button\" data-id=\"cfbcac5\" data-element_type=\"widget\" data-e-type=\"widget\" data-widget_type=\"trx_sc_button.default\">\n\t\t\t\t<div class=\"elementor-widget-container\">\n\t\t\t\t\t<div\tclass=\"sc_item_button sc_button_wrap sc_align_center\" ><a href=\"https:\/\/atangroup.com\/de\/ein-angebot-anfordern\/\" class=\"sc_button sc_button_default sc_button_size_normal sc_button_with_icon sc_button_icon_right\" ><span class=\"sc_button_icon\"><span class=\"icon-logout\"><\/span><\/span><span class=\"sc_button_text\"><span class=\"sc_button_title\">Kontakt<\/span><\/span><\/a><\/div>\t\t\t\t<\/div>\n\t\t\t\t<\/div>\n\t\t\t\t\t<\/div>\n\t\t<\/div>\n\t\t\t\t\t<\/div>\n\t\t<\/section>\n\t\t\t\t<\/div>","protected":false},"excerpt":{"rendered":"<p>PVC Entrance Doors are the perfect solution for homeowners and businesses looking for a combination of style, security, and efficiency. These doors offer excellent insulation properties, robust security features, and&hellip;<\/p>","protected":false},"author":1,"featured_media":0,"parent":0,"menu_order":0,"comment_status":"closed","ping_status":"closed","template":"elementor_header_footer","meta":{"footnotes":"","_links_to":"","_links_to_target":""},"class_list":["post-26884","page","type-page","status-publish","hentry"],"yoast_head":"<!-- This site is optimized with the Yoast SEO Premium plugin v23.6 (Yoast SEO v27.2) - https:\/\/yoast.com\/product\/yoast-seo-premium-wordpress\/ -->\n<title>Secure &amp; Energy-Efficient PVC Entrance Doors<\/title>\n<meta name=\"description\" content=\"Explore PVC entrance doors for enhanced security, energy efficiency, and modern design. Ideal for homes and businesses.\" \/>\n<meta name=\"robots\" content=\"index, follow, max-snippet:-1, max-image-preview:large, max-video-preview:-1\" \/>\n<link rel=\"canonical\" href=\"https:\/\/atangroup.com\/de\/secure-and-energy-efficient-pvc-entrance-doors\/\" \/>\n<meta property=\"og:locale\" content=\"de_DE\" \/>\n<meta property=\"og:type\" content=\"article\" \/>\n<meta property=\"og:title\" content=\"Secure and Energy-Efficient PVC Entrance Doors\" \/>\n<meta property=\"og:description\" content=\"Explore PVC entrance doors for enhanced security, energy efficiency, and modern design. Ideal for homes and businesses.\" \/>\n<meta property=\"og:url\" content=\"https:\/\/atangroup.com\/de\/secure-and-energy-efficient-pvc-entrance-doors\/\" \/>\n<meta property=\"og:site_name\" content=\"Atan Group\" \/>\n<meta property=\"article:publisher\" content=\"https:\/\/www.facebook.com\/infissi24construction\" \/>\n<meta property=\"article:modified_time\" content=\"2025-02-11T17:04:55+00:00\" \/>\n<meta property=\"og:image\" content=\"https:\/\/atangroup.com\/wp-content\/uploads\/elementor\/thumbs\/pvc-entrance-door-qv319i1dkciqg6342smvg66rl5xgt0abdkqw8dxdse.png\" \/>\n<meta name=\"twitter:card\" content=\"summary_large_image\" \/>\n<meta name=\"twitter:site\" content=\"@ic_pvc_company\" \/>\n<meta name=\"twitter:label1\" content=\"Gesch\u00e4tzte Lesezeit\" \/>\n\t<meta name=\"twitter:data1\" content=\"2\u00a0Minuten\" \/>\n<script type=\"application\/ld+json\" class=\"yoast-schema-graph\">{\"@context\":\"https:\/\/schema.org\",\"@graph\":[{\"@type\":\"WebPage\",\"@id\":\"https:\/\/atangroup.com\/secure-and-energy-efficient-pvc-entrance-doors\/\",\"url\":\"https:\/\/atangroup.com\/secure-and-energy-efficient-pvc-entrance-doors\/\",\"name\":\"Secure & Energy-Efficient PVC Entrance Doors\",\"isPartOf\":{\"@id\":\"https:\/\/atangroup.com\/#website\"},\"primaryImageOfPage\":{\"@id\":\"https:\/\/atangroup.com\/secure-and-energy-efficient-pvc-entrance-doors\/#primaryimage\"},\"image\":{\"@id\":\"https:\/\/atangroup.com\/secure-and-energy-efficient-pvc-entrance-doors\/#primaryimage\"},\"thumbnailUrl\":\"https:\/\/atangroup.com\/wp-content\/uploads\/elementor\/thumbs\/pvc-entrance-door-qv319i1dkciqg6342smvg66rl5xgt0abdkqw8dxdse.png\",\"datePublished\":\"2024-10-04T22:35:59+00:00\",\"dateModified\":\"2025-02-11T17:04:55+00:00\",\"description\":\"Explore PVC entrance doors for enhanced security, energy efficiency, and modern design. Ideal for homes and businesses.\",\"breadcrumb\":{\"@id\":\"https:\/\/atangroup.com\/secure-and-energy-efficient-pvc-entrance-doors\/#breadcrumb\"},\"inLanguage\":\"de\",\"potentialAction\":[{\"@type\":\"ReadAction\",\"target\":[\"https:\/\/atangroup.com\/secure-and-energy-efficient-pvc-entrance-doors\/\"]}]},{\"@type\":\"ImageObject\",\"inLanguage\":\"de\",\"@id\":\"https:\/\/atangroup.com\/secure-and-energy-efficient-pvc-entrance-doors\/#primaryimage\",\"url\":\"https:\/\/atangroup.com\/wp-content\/uploads\/elementor\/thumbs\/pvc-entrance-door-qv319i1dkciqg6342smvg66rl5xgt0abdkqw8dxdse.png\",\"contentUrl\":\"https:\/\/atangroup.com\/wp-content\/uploads\/elementor\/thumbs\/pvc-entrance-door-qv319i1dkciqg6342smvg66rl5xgt0abdkqw8dxdse.png\"},{\"@type\":\"BreadcrumbList\",\"@id\":\"https:\/\/atangroup.com\/secure-and-energy-efficient-pvc-entrance-doors\/#breadcrumb\",\"itemListElement\":[{\"@type\":\"ListItem\",\"position\":1,\"name\":\"Home\",\"item\":\"https:\/\/atangroup.com\/\"},{\"@type\":\"ListItem\",\"position\":2,\"name\":\"Secure and Energy-Efficient PVC Entrance Doors\"}]},{\"@type\":\"WebSite\",\"@id\":\"https:\/\/atangroup.com\/#website\",\"url\":\"https:\/\/atangroup.com\/\",\"name\":\"Infissi Construction\",\"description\":\"High Quality Windows &amp; Doors\",\"publisher\":{\"@id\":\"https:\/\/atangroup.com\/#organization\"},\"potentialAction\":[{\"@type\":\"SearchAction\",\"target\":{\"@type\":\"EntryPoint\",\"urlTemplate\":\"https:\/\/atangroup.com\/?s={search_term_string}\"},\"query-input\":{\"@type\":\"PropertyValueSpecification\",\"valueRequired\":true,\"valueName\":\"search_term_string\"}}],\"inLanguage\":\"de\"},{\"@type\":\"Organization\",\"@id\":\"https:\/\/atangroup.com\/#organization\",\"name\":\"Infissi Construction\",\"url\":\"https:\/\/atangroup.com\/\",\"logo\":{\"@type\":\"ImageObject\",\"inLanguage\":\"de\",\"@id\":\"https:\/\/atangroup.com\/#\/schema\/logo\/image\/\",\"url\":\"https:\/\/atangroup.com\/wp-content\/uploads\/2024\/10\/infissi-construction-logo-1.png\",\"contentUrl\":\"https:\/\/atangroup.com\/wp-content\/uploads\/2024\/10\/infissi-construction-logo-1.png\",\"width\":1080,\"height\":1080,\"caption\":\"Infissi Construction\"},\"image\":{\"@id\":\"https:\/\/atangroup.com\/#\/schema\/logo\/image\/\"},\"sameAs\":[\"https:\/\/www.facebook.com\/infissi24construction\",\"https:\/\/x.com\/ic_pvc_company\",\"https:\/\/www.instagram.com\/infissiconstruction\"]}]}<\/script>\n<!-- \/ Yoast SEO Premium plugin. -->","yoast_head_json":{"title":"Secure & Energy-Efficient PVC Entrance Doors","description":"Explore PVC entrance doors for enhanced security, energy efficiency, and modern design. Ideal for homes and businesses.","robots":{"index":"index","follow":"follow","max-snippet":"max-snippet:-1","max-image-preview":"max-image-preview:large","max-video-preview":"max-video-preview:-1"},"canonical":"https:\/\/atangroup.com\/de\/secure-and-energy-efficient-pvc-entrance-doors\/","og_locale":"de_DE","og_type":"article","og_title":"Secure and Energy-Efficient PVC Entrance Doors","og_description":"Explore PVC entrance doors for enhanced security, energy efficiency, and modern design. Ideal for homes and businesses.","og_url":"https:\/\/atangroup.com\/de\/secure-and-energy-efficient-pvc-entrance-doors\/","og_site_name":"Atan Group","article_publisher":"https:\/\/www.facebook.com\/infissi24construction","article_modified_time":"2025-02-11T17:04:55+00:00","og_image":[{"url":"https:\/\/atangroup.com\/wp-content\/uploads\/elementor\/thumbs\/pvc-entrance-door-qv319i1dkciqg6342smvg66rl5xgt0abdkqw8dxdse.png","type":"","width":"","height":""}],"twitter_card":"summary_large_image","twitter_site":"@ic_pvc_company","twitter_misc":{"Gesch\u00e4tzte Lesezeit":"2\u00a0Minuten"},"schema":{"@context":"https:\/\/schema.org","@graph":[{"@type":"WebPage","@id":"https:\/\/atangroup.com\/secure-and-energy-efficient-pvc-entrance-doors\/","url":"https:\/\/atangroup.com\/secure-and-energy-efficient-pvc-entrance-doors\/","name":"Secure & Energy-Efficient PVC Entrance Doors","isPartOf":{"@id":"https:\/\/atangroup.com\/#website"},"primaryImageOfPage":{"@id":"https:\/\/atangroup.com\/secure-and-energy-efficient-pvc-entrance-doors\/#primaryimage"},"image":{"@id":"https:\/\/atangroup.com\/secure-and-energy-efficient-pvc-entrance-doors\/#primaryimage"},"thumbnailUrl":"https:\/\/atangroup.com\/wp-content\/uploads\/elementor\/thumbs\/pvc-entrance-door-qv319i1dkciqg6342smvg66rl5xgt0abdkqw8dxdse.png","datePublished":"2024-10-04T22:35:59+00:00","dateModified":"2025-02-11T17:04:55+00:00","description":"Explore PVC entrance doors for enhanced security, energy efficiency, and modern design. Ideal for homes and businesses.","breadcrumb":{"@id":"https:\/\/atangroup.com\/secure-and-energy-efficient-pvc-entrance-doors\/#breadcrumb"},"inLanguage":"de","potentialAction":[{"@type":"ReadAction","target":["https:\/\/atangroup.com\/secure-and-energy-efficient-pvc-entrance-doors\/"]}]},{"@type":"ImageObject","inLanguage":"de","@id":"https:\/\/atangroup.com\/secure-and-energy-efficient-pvc-entrance-doors\/#primaryimage","url":"https:\/\/atangroup.com\/wp-content\/uploads\/elementor\/thumbs\/pvc-entrance-door-qv319i1dkciqg6342smvg66rl5xgt0abdkqw8dxdse.png","contentUrl":"https:\/\/atangroup.com\/wp-content\/uploads\/elementor\/thumbs\/pvc-entrance-door-qv319i1dkciqg6342smvg66rl5xgt0abdkqw8dxdse.png"},{"@type":"BreadcrumbList","@id":"https:\/\/atangroup.com\/secure-and-energy-efficient-pvc-entrance-doors\/#breadcrumb","itemListElement":[{"@type":"ListItem","position":1,"name":"Home","item":"https:\/\/atangroup.com\/"},{"@type":"ListItem","position":2,"name":"Secure and Energy-Efficient PVC Entrance Doors"}]},{"@type":"WebSite","@id":"https:\/\/atangroup.com\/#website","url":"https:\/\/atangroup.com\/","name":"Infissi Construction","description":"High Quality Windows &amp; Doors","publisher":{"@id":"https:\/\/atangroup.com\/#organization"},"potentialAction":[{"@type":"SearchAction","target":{"@type":"EntryPoint","urlTemplate":"https:\/\/atangroup.com\/?s={search_term_string}"},"query-input":{"@type":"PropertyValueSpecification","valueRequired":true,"valueName":"search_term_string"}}],"inLanguage":"de"},{"@type":"Organization","@id":"https:\/\/atangroup.com\/#organization","name":"Infissi Construction","url":"https:\/\/atangroup.com\/","logo":{"@type":"ImageObject","inLanguage":"de","@id":"https:\/\/atangroup.com\/#\/schema\/logo\/image\/","url":"https:\/\/atangroup.com\/wp-content\/uploads\/2024\/10\/infissi-construction-logo-1.png","contentUrl":"https:\/\/atangroup.com\/wp-content\/uploads\/2024\/10\/infissi-construction-logo-1.png","width":1080,"height":1080,"caption":"Infissi Construction"},"image":{"@id":"https:\/\/atangroup.com\/#\/schema\/logo\/image\/"},"sameAs":["https:\/\/www.facebook.com\/infissi24construction","https:\/\/x.com\/ic_pvc_company","https:\/\/www.instagram.com\/infissiconstruction"]}]}},"_links":{"self":[{"href":"https:\/\/atangroup.com\/de\/wp-json\/wp\/v2\/pages\/26884","targetHints":{"allow":["GET"]}}],"collection":[{"href":"https:\/\/atangroup.com\/de\/wp-json\/wp\/v2\/pages"}],"about":[{"href":"https:\/\/atangroup.com\/de\/wp-json\/wp\/v2\/types\/page"}],"author":[{"embeddable":true,"href":"https:\/\/atangroup.com\/de\/wp-json\/wp\/v2\/users\/1"}],"replies":[{"embeddable":true,"href":"https:\/\/atangroup.com\/de\/wp-json\/wp\/v2\/comments?post=26884"}],"version-history":[{"count":1,"href":"https:\/\/atangroup.com\/de\/wp-json\/wp\/v2\/pages\/26884\/revisions"}],"predecessor-version":[{"id":27976,"href":"https:\/\/atangroup.com\/de\/wp-json\/wp\/v2\/pages\/26884\/revisions\/27976"}],"wp:attachment":[{"href":"https:\/\/atangroup.com\/de\/wp-json\/wp\/v2\/media?parent=26884"}],"curies":[{"name":"wp","href":"https:\/\/api.w.org\/{rel}","templated":true}]}}