{"id":26845,"date":"2024-10-04T21:22:44","date_gmt":"2024-10-04T21:22:44","guid":{"rendered":"https:\/\/atangroup.com\/?page_id=26845"},"modified":"2025-02-11T16:37:12","modified_gmt":"2025-02-11T16:37:12","slug":"stilvolle-energieeffiziente-pvc-balkonturen","status":"publish","type":"page","link":"https:\/\/atangroup.com\/de\/stilvolle-energieeffiziente-pvc-balkonturen\/","title":{"rendered":"PVC-Balkont\u00fcren \u2013 Stilvolle und energieeffiziente L\u00f6sungen"},"content":{"rendered":"<div data-elementor-type=\"wp-page\" data-elementor-id=\"26845\" class=\"elementor elementor-26845\">\n\t\t\t\t\t\t<section class=\"elementor-section elementor-top-section elementor-element elementor-element-a0844be sc_layouts_hide_on_mobile elementor-section-boxed elementor-section-height-default elementor-section-height-default animation_type_block sc_fly_static elementor-invisible\" data-id=\"a0844be\" data-element_type=\"section\" data-e-type=\"section\" data-settings=\"{&quot;background_background&quot;:&quot;classic&quot;,&quot;animation&quot;:&quot;fadeInUp&quot;}\">\n\t\t\t\t\t\t<div class=\"elementor-container elementor-column-gap-extended\">\n\t\t\t\t\t<div class=\"elementor-column elementor-col-100 elementor-top-column elementor-element elementor-element-0064c65 sc_inner_width_none sc_content_align_inherit sc_layouts_column_icons_position_left sc_fly_static\" data-id=\"0064c65\" data-element_type=\"column\" data-e-type=\"column\">\n\t\t\t<div class=\"elementor-widget-wrap elementor-element-populated\">\n\t\t\t\t\t\t<section class=\"elementor-section elementor-inner-section elementor-element elementor-element-85256ea elementor-section-boxed elementor-section-height-default elementor-section-height-default sc_fly_static\" data-id=\"85256ea\" data-element_type=\"section\" data-e-type=\"section\">\n\t\t\t\t\t\t<div class=\"elementor-container elementor-column-gap-extended\">\n\t\t\t\t\t<div class=\"elementor-column elementor-col-100 elementor-inner-column elementor-element elementor-element-565a18f sc_inner_width_none sc_content_align_inherit sc_layouts_column_icons_position_left sc_fly_static\" data-id=\"565a18f\" data-element_type=\"column\" data-e-type=\"column\" data-settings=\"{&quot;background_background&quot;:&quot;classic&quot;}\">\n\t\t\t<div class=\"elementor-widget-wrap elementor-element-populated\">\n\t\t\t\t\t\t<div class=\"elementor-element elementor-element-619e7f6 sc_fly_static elementor-widget elementor-widget-text-editor\" data-id=\"619e7f6\" data-element_type=\"widget\" data-e-type=\"widget\" data-widget_type=\"text-editor.default\">\n\t\t\t\t<div class=\"elementor-widget-container\">\n\t\t\t\t\t\t\t\t\t<h3>\u00a0<\/h3><p><strong>PVC-Balkont\u00fcren<\/strong> sind die perfekte Kombination aus modernem Design, Langlebigkeit und Energieeffizienz, was sie ideal f\u00fcr Wohn- und Gesch\u00e4ftsimmobilien macht. Diese T\u00fcren bieten einen nahtlosen \u00dcbergang zwischen Innen- und Au\u00dfenbereichen und verf\u00fcgen \u00fcber gro\u00dfe Verglasungsfl\u00e4chen, die maximales Tageslicht hereinlassen und gleichzeitig hervorragende Isolierung bieten. Egal, ob Sie die Sch\u00f6nheit Ihres Balkons verbessern oder die Energieeffizienz steigern m\u00f6chten, PVC-Balkont\u00fcren \u00fcberzeugen in jeder Hinsicht.<\/p>\t\t\t\t\t\t\t\t<\/div>\n\t\t\t\t<\/div>\n\t\t\t\t\t<\/div>\n\t\t<\/div>\n\t\t\t\t\t<\/div>\n\t\t<\/section>\n\t\t\t\t\t<\/div>\n\t\t<\/div>\n\t\t\t\t\t<\/div>\n\t\t<\/section>\n\t\t\t\t<section class=\"elementor-section elementor-top-section elementor-element elementor-element-801f963 sc_layouts_hide_on_wide sc_layouts_hide_on_desktop sc_layouts_hide_on_notebook sc_layouts_hide_on_tablet elementor-section-boxed elementor-section-height-default elementor-section-height-default sc_fly_static\" data-id=\"801f963\" data-element_type=\"section\" data-e-type=\"section\" data-settings=\"{&quot;background_background&quot;:&quot;classic&quot;}\">\n\t\t\t\t\t\t<div class=\"elementor-container elementor-column-gap-extended\">\n\t\t\t\t\t<div class=\"elementor-column elementor-col-100 elementor-top-column elementor-element elementor-element-74adee0 sc_inner_width_none sc_content_align_inherit sc_layouts_column_icons_position_left sc_fly_static\" data-id=\"74adee0\" data-element_type=\"column\" data-e-type=\"column\" data-settings=\"{&quot;background_background&quot;:&quot;classic&quot;,&quot;animation_mobile&quot;:&quot;fadeInUp&quot;}\">\n\t\t\t<div class=\"elementor-widget-wrap elementor-element-populated\">\n\t\t\t\t\t\t<section class=\"elementor-section elementor-inner-section elementor-element elementor-element-4d1f0f7 elementor-section-boxed elementor-section-height-default elementor-section-height-default animation_type_block sc_fly_static elementor-invisible\" data-id=\"4d1f0f7\" data-element_type=\"section\" data-e-type=\"section\" data-settings=\"{&quot;background_background&quot;:&quot;classic&quot;,&quot;animation&quot;:&quot;fadeInUp&quot;}\">\n\t\t\t\t\t\t<div class=\"elementor-container elementor-column-gap-extended\">\n\t\t\t\t\t<div class=\"elementor-column elementor-col-100 elementor-inner-column elementor-element elementor-element-473adcf sc_inner_width_none sc_content_align_inherit sc_layouts_column_icons_position_left sc_fly_static\" data-id=\"473adcf\" data-element_type=\"column\" data-e-type=\"column\" data-settings=\"{&quot;background_background&quot;:&quot;classic&quot;}\">\n\t\t\t<div class=\"elementor-widget-wrap elementor-element-populated\">\n\t\t\t\t\t\t<div class=\"elementor-element elementor-element-0a9e420 sc_fly_static elementor-widget elementor-widget-text-editor\" data-id=\"0a9e420\" data-element_type=\"widget\" data-e-type=\"widget\" data-widget_type=\"text-editor.default\">\n\t\t\t\t<div class=\"elementor-widget-container\">\n\t\t\t\t\t\t\t\t\t<p><strong>PVC-Balkont\u00fcren<\/strong> sind die perfekte Kombination aus modernem Design, Langlebigkeit und Energieeffizienz, was sie ideal f\u00fcr Wohn- und Gesch\u00e4ftsimmobilien macht. Diese T\u00fcren bieten einen nahtlosen \u00dcbergang zwischen Innen- und Au\u00dfenbereichen und verf\u00fcgen \u00fcber gro\u00dfe Verglasungsfl\u00e4chen, die maximales Tageslicht hereinlassen und gleichzeitig hervorragende Isolierung bieten. Egal, ob Sie die Sch\u00f6nheit Ihres Balkons verbessern oder die Energieeffizienz steigern m\u00f6chten, PVC-Balkont\u00fcren \u00fcberzeugen in jeder Hinsicht.<\/p><h4>\u00a0<\/h4>\t\t\t\t\t\t\t\t<\/div>\n\t\t\t\t<\/div>\n\t\t\t\t\t<\/div>\n\t\t<\/div>\n\t\t\t\t\t<\/div>\n\t\t<\/section>\n\t\t\t\t\t<\/div>\n\t\t<\/div>\n\t\t\t\t\t<\/div>\n\t\t<\/section>\n\t\t\t\t<section class=\"elementor-section elementor-top-section elementor-element elementor-element-cf680dc elementor-section-boxed elementor-section-height-default elementor-section-height-default sc_fly_static\" data-id=\"cf680dc\" data-element_type=\"section\" data-e-type=\"section\">\n\t\t\t\t\t\t<div class=\"elementor-container elementor-column-gap-extended\">\n\t\t\t\t\t<div class=\"elementor-column elementor-col-50 elementor-top-column elementor-element elementor-element-f856d0a sc_inner_width_none sc_content_align_inherit sc_layouts_column_icons_position_left sc_fly_static\" data-id=\"f856d0a\" data-element_type=\"column\" data-e-type=\"column\">\n\t\t\t<div class=\"elementor-widget-wrap elementor-element-populated\">\n\t\t\t\t\t\t<div class=\"elementor-element elementor-element-7bc139d elementor-widget-tablet__width-initial sc_fly_static elementor-widget elementor-widget-text-editor\" data-id=\"7bc139d\" data-element_type=\"widget\" data-e-type=\"widget\" data-widget_type=\"text-editor.default\">\n\t\t\t\t<div class=\"elementor-widget-container\">\n\t\t\t\t\t\t\t\t\t<h4><strong>Hauptmerkmale von PVC-Balkont\u00fcren<\/strong><\/h4><ol><li><strong>\u00dcberlegene Energieeffizienz<\/strong>: PVC-Materialien bieten hervorragende W\u00e4rmed\u00e4mmung, reduzieren W\u00e4rmeverluste und sparen Energiekosten.<\/li><li><strong>Langlebig und pflegeleicht<\/strong>: PVC ist bekannt f\u00fcr seine Widerstandsf\u00e4higkeit gegen\u00fcber Witterungseinfl\u00fcssen, Korrosion und Verblassen, was eine langfristige Leistung mit minimalem Pflegeaufwand gew\u00e4hrleistet.<\/li><li><strong>Schalld\u00e4mmung<\/strong>: Entwickelt, um Au\u00dfenger\u00e4usche zu reduzieren und eine ruhige, friedliche Innenumgebung zu schaffen.<\/li><li><strong>Schlankes Profil, gro\u00dfe Verglasung<\/strong>: Die schlanken Rahmen erm\u00f6glichen gr\u00f6\u00dfere Glasfl\u00e4chen, bringen mehr Tageslicht herein und bieten ungehinderte Ausblicke auf die Natur.<\/li><li><strong>Wetterbest\u00e4ndig<\/strong>: PVC-Balkont\u00fcren sind hochgradig resistent gegen Wasser, Wind und extreme Wetterbedingungen, sodass sie in allen Klimazonen leistungsf\u00e4hig sind.<\/li><li><strong>Sicher und gesch\u00fctzt<\/strong>: Ausgestattet mit Mehrpunktverriegelungssystemen f\u00fcr erh\u00f6hte Sicherheit und Seelenfrieden.<\/li><li><strong>Anpassbares Design<\/strong>: Erh\u00e4ltlich in verschiedenen Stilen, Farben und Oberfl\u00e4chen, um jedem architektonischen Design oder pers\u00f6nlichen Vorlieben gerecht zu werden.<\/li><li><strong>Umweltfreundlich<\/strong>: Hergestellt aus recycelbaren Materialien sind PVC-Balkont\u00fcren eine umweltbewusste Wahl.<\/li><\/ol>\t\t\t\t\t\t\t\t<\/div>\n\t\t\t\t<\/div>\n\t\t\t\t\t<\/div>\n\t\t<\/div>\n\t\t\t\t<div class=\"elementor-column elementor-col-50 elementor-top-column elementor-element elementor-element-a93722e sc_inner_width_none sc_content_align_inherit sc_layouts_column_icons_position_left animation_type_block sc_fly_static elementor-invisible\" data-id=\"a93722e\" data-element_type=\"column\" data-e-type=\"column\" data-settings=\"{&quot;animation&quot;:&quot;fadeInUp&quot;}\">\n\t\t\t<div class=\"elementor-widget-wrap elementor-element-populated\">\n\t\t\t\t\t\t<div class=\"elementor-element elementor-element-d4f8aa8 sc_fly_static elementor-widget elementor-widget-image\" data-id=\"d4f8aa8\" data-element_type=\"widget\" data-e-type=\"widget\" data-widget_type=\"image.default\">\n\t\t\t\t<div class=\"elementor-widget-container\">\n\t\t\t\t\t\t\t\t\t\t\t\t\t\t\t<img fetchpriority=\"high\" decoding=\"async\" width=\"440\" height=\"440\" src=\"https:\/\/atangroup.com\/wp-content\/uploads\/2024\/10\/pvc-door-balcony-img.png\" class=\"attachment-full size-full wp-image-26853\" alt=\"pvc-door-balcony-img\" srcset=\"https:\/\/atangroup.com\/wp-content\/uploads\/2024\/10\/pvc-door-balcony-img.png 440w, https:\/\/atangroup.com\/wp-content\/uploads\/2024\/10\/pvc-door-balcony-img-300x300.png 300w, https:\/\/atangroup.com\/wp-content\/uploads\/2024\/10\/pvc-door-balcony-img-150x150.png 150w, https:\/\/atangroup.com\/wp-content\/uploads\/2024\/10\/pvc-door-balcony-img-12x12.png 12w, https:\/\/atangroup.com\/wp-content\/uploads\/2024\/10\/pvc-door-balcony-img-370x370.png 370w, https:\/\/atangroup.com\/wp-content\/uploads\/2024\/10\/pvc-door-balcony-img-120x120.png 120w, https:\/\/atangroup.com\/wp-content\/uploads\/2024\/10\/pvc-door-balcony-img-410x410.png 410w, https:\/\/atangroup.com\/wp-content\/uploads\/2024\/10\/elementor\/thumbs\/pvc-door-balcony-img-150x150.png 700w, https:\/\/atangroup.com\/wp-content\/uploads\/2024\/10\/elementor\/thumbs\/pvc-door-balcony-img-150x150.png 800w, https:\/\/atangroup.com\/wp-content\/uploads\/2024\/10\/elementor\/thumbs\/pvc-door-balcony-img-150x150.png 1000w, https:\/\/atangroup.com\/wp-content\/uploads\/2024\/10\/elementor\/thumbs\/pvc-door-balcony-img-qv2z6wkfjh1clallya1li26ctupcgjivo662ga91xu.png 180w, https:\/\/atangroup.com\/wp-content\/uploads\/2024\/10\/elementor\/thumbs\/pvc-door-balcony-img-qv2z6wkfs8smpj243atwn06q8drfh8g40smq28hck0.png 200w, https:\/\/atangroup.com\/wp-content\/uploads\/2024\/10\/elementor\/thumbs\/pvc-door-balcony-img-qv2z6wkfufqgafgst8vgqt4na8z0etlwbduzdb07k2.png 205w, https:\/\/atangroup.com\/wp-content\/uploads\/2024\/10\/elementor\/thumbs\/pvc-door-balcony-img-qv2z6wkfwmo9vbvhj6x0um2kc46lcerolz38odj2k4.png 210w, https:\/\/atangroup.com\/wp-content\/uploads\/2024\/10\/elementor\/thumbs\/pvc-door-balcony-img-qv2z6wkfvbb6isfh3mhosbwm3snn6no7mtjvw4tcra.png 207w\" sizes=\"(max-width: 600px) 100vw, 440px\" \/>\t\t\t\t\t\t\t\t\t\t\t\t\t\t\t<\/div>\n\t\t\t\t<\/div>\n\t\t\t\t\t<\/div>\n\t\t<\/div>\n\t\t\t\t\t<\/div>\n\t\t<\/section>\n\t\t\t\t<section class=\"elementor-section elementor-top-section elementor-element elementor-element-dfa33e9 elementor-section-boxed elementor-section-height-default elementor-section-height-default sc_fly_static\" data-id=\"dfa33e9\" data-element_type=\"section\" data-e-type=\"section\">\n\t\t\t\t\t\t<div class=\"elementor-container elementor-column-gap-extended\">\n\t\t\t\t\t<div class=\"elementor-column elementor-col-100 elementor-top-column elementor-element elementor-element-7cf9b82 sc_inner_width_none sc_content_align_inherit sc_layouts_column_icons_position_left sc_fly_static\" data-id=\"7cf9b82\" data-element_type=\"column\" data-e-type=\"column\">\n\t\t\t<div class=\"elementor-widget-wrap elementor-element-populated\">\n\t\t\t\t\t\t<div class=\"elementor-element elementor-element-18d46d7 elementor-widget-divider--view-line_text elementor-widget-divider--element-align-center sc_fly_static elementor-widget elementor-widget-divider\" data-id=\"18d46d7\" data-element_type=\"widget\" data-e-type=\"widget\" data-widget_type=\"divider.default\">\n\t\t\t\t<div class=\"elementor-widget-container\">\n\t\t\t\t\t\t\t<div class=\"elementor-divider\">\n\t\t\t<span class=\"elementor-divider-separator\">\n\t\t\t\t\t\t\t<span class=\"elementor-divider__text elementor-divider__element\">\n\t\t\t\tAngebot anfordern \t\t\t\t<\/span>\n\t\t\t\t\t\t<\/span>\n\t\t<\/div>\n\t\t\t\t\t\t<\/div>\n\t\t\t\t<\/div>\n\t\t\t\t<div class=\"elementor-element elementor-element-70ad873 sc_fly_static elementor-widget elementor-widget-heading\" data-id=\"70ad873\" data-element_type=\"widget\" data-e-type=\"widget\" data-widget_type=\"heading.default\">\n\t\t\t\t<div class=\"elementor-widget-container\">\n\t\t\t\t\t<h4 class=\"elementor-heading-title elementor-size-default\">Holen Sie sich Ihr individuelles Angebot f\u00fcr PVC-Fenster! Fordern Sie es jetzt an!<\/h4>\t\t\t\t<\/div>\n\t\t\t\t<\/div>\n\t\t\t\t<div class=\"elementor-element elementor-element-40ab079 sc_fly_static elementor-widget elementor-widget-trx_sc_button\" data-id=\"40ab079\" data-element_type=\"widget\" data-e-type=\"widget\" data-widget_type=\"trx_sc_button.default\">\n\t\t\t\t<div class=\"elementor-widget-container\">\n\t\t\t\t\t<div\tclass=\"sc_item_button sc_button_wrap sc_align_center\" ><a href=\"https:\/\/atangroup.com\/de\/ein-angebot-anfordern\/\" class=\"sc_button sc_button_default sc_button_size_normal sc_button_with_icon sc_button_icon_right\" ><span class=\"sc_button_icon\"><span class=\"icon-logout\"><\/span><\/span><span class=\"sc_button_text\"><span class=\"sc_button_title\">Kontakt<\/span><\/span><\/a><\/div>\t\t\t\t<\/div>\n\t\t\t\t<\/div>\n\t\t\t\t\t<\/div>\n\t\t<\/div>\n\t\t\t\t\t<\/div>\n\t\t<\/section>\n\t\t\t\t<\/div>","protected":false},"excerpt":{"rendered":"<p>\u00a0 PVC Balcony Doors are the perfect blend of modern design, durability, and energy efficiency, making them ideal for both residential and commercial properties. These doors provide a seamless transition&hellip;<\/p>","protected":false},"author":1,"featured_media":0,"parent":0,"menu_order":0,"comment_status":"closed","ping_status":"closed","template":"elementor_header_footer","meta":{"footnotes":"","_links_to":"","_links_to_target":""},"class_list":["post-26845","page","type-page","status-publish","hentry"],"yoast_head":"<!-- This site is optimized with the Yoast SEO Premium plugin v23.6 (Yoast SEO v27.2) - https:\/\/yoast.com\/product\/yoast-seo-premium-wordpress\/ -->\n<title>PVC Balcony Doors \u2013 Stylish &amp; Energy-Efficient<\/title>\n<meta name=\"description\" content=\"Discover PVC balcony doors for style, durability, and energy efficiency. Perfect for homes and apartments. Get a quote today!\" \/>\n<meta name=\"robots\" content=\"index, follow, max-snippet:-1, max-image-preview:large, max-video-preview:-1\" \/>\n<link rel=\"canonical\" href=\"https:\/\/atangroup.com\/de\/stilvolle-energieeffiziente-pvc-balkonturen\/\" \/>\n<meta property=\"og:locale\" content=\"de_DE\" \/>\n<meta property=\"og:type\" content=\"article\" \/>\n<meta property=\"og:title\" content=\"PVC Balcony Doors - Stylish and Energy-Efficient Solutions\" \/>\n<meta property=\"og:description\" content=\"Discover PVC balcony doors for style, durability, and energy efficiency. Perfect for homes and apartments. Get a quote today!\" \/>\n<meta property=\"og:url\" content=\"https:\/\/atangroup.com\/de\/stilvolle-energieeffiziente-pvc-balkonturen\/\" \/>\n<meta property=\"og:site_name\" content=\"Atan Group\" \/>\n<meta property=\"article:publisher\" content=\"https:\/\/www.facebook.com\/infissi24construction\" \/>\n<meta property=\"article:modified_time\" content=\"2025-02-11T16:37:12+00:00\" \/>\n<meta property=\"og:image\" content=\"https:\/\/atangroup.com\/wp-content\/uploads\/2024\/10\/pvc-door-balcony-img.png\" \/>\n<meta name=\"twitter:card\" content=\"summary_large_image\" \/>\n<meta name=\"twitter:site\" content=\"@ic_pvc_company\" \/>\n<meta name=\"twitter:label1\" content=\"Gesch\u00e4tzte Lesezeit\" \/>\n\t<meta name=\"twitter:data1\" content=\"2\u00a0Minuten\" \/>\n<script type=\"application\/ld+json\" class=\"yoast-schema-graph\">{\"@context\":\"https:\/\/schema.org\",\"@graph\":[{\"@type\":\"WebPage\",\"@id\":\"https:\/\/atangroup.com\/pvc-balcony-doors-stylish-energy-efficient\/\",\"url\":\"https:\/\/atangroup.com\/pvc-balcony-doors-stylish-energy-efficient\/\",\"name\":\"PVC Balcony Doors \u2013 Stylish & Energy-Efficient\",\"isPartOf\":{\"@id\":\"https:\/\/atangroup.com\/#website\"},\"primaryImageOfPage\":{\"@id\":\"https:\/\/atangroup.com\/pvc-balcony-doors-stylish-energy-efficient\/#primaryimage\"},\"image\":{\"@id\":\"https:\/\/atangroup.com\/pvc-balcony-doors-stylish-energy-efficient\/#primaryimage\"},\"thumbnailUrl\":\"https:\/\/atangroup.com\/wp-content\/uploads\/2024\/10\/pvc-door-balcony-img.png\",\"datePublished\":\"2024-10-04T21:22:44+00:00\",\"dateModified\":\"2025-02-11T16:37:12+00:00\",\"description\":\"Discover PVC balcony doors for style, durability, and energy efficiency. Perfect for homes and apartments. Get a quote today!\",\"breadcrumb\":{\"@id\":\"https:\/\/atangroup.com\/pvc-balcony-doors-stylish-energy-efficient\/#breadcrumb\"},\"inLanguage\":\"de\",\"potentialAction\":[{\"@type\":\"ReadAction\",\"target\":[\"https:\/\/atangroup.com\/pvc-balcony-doors-stylish-energy-efficient\/\"]}]},{\"@type\":\"ImageObject\",\"inLanguage\":\"de\",\"@id\":\"https:\/\/atangroup.com\/pvc-balcony-doors-stylish-energy-efficient\/#primaryimage\",\"url\":\"https:\/\/atangroup.com\/wp-content\/uploads\/2024\/10\/pvc-door-balcony-img.png\",\"contentUrl\":\"https:\/\/atangroup.com\/wp-content\/uploads\/2024\/10\/pvc-door-balcony-img.png\"},{\"@type\":\"BreadcrumbList\",\"@id\":\"https:\/\/atangroup.com\/pvc-balcony-doors-stylish-energy-efficient\/#breadcrumb\",\"itemListElement\":[{\"@type\":\"ListItem\",\"position\":1,\"name\":\"Home\",\"item\":\"https:\/\/atangroup.com\/\"},{\"@type\":\"ListItem\",\"position\":2,\"name\":\"PVC Balcony Doors &#8211; Stylish and Energy-Efficient Solutions\"}]},{\"@type\":\"WebSite\",\"@id\":\"https:\/\/atangroup.com\/#website\",\"url\":\"https:\/\/atangroup.com\/\",\"name\":\"Infissi Construction\",\"description\":\"High Quality Windows &amp; Doors\",\"publisher\":{\"@id\":\"https:\/\/atangroup.com\/#organization\"},\"potentialAction\":[{\"@type\":\"SearchAction\",\"target\":{\"@type\":\"EntryPoint\",\"urlTemplate\":\"https:\/\/atangroup.com\/?s={search_term_string}\"},\"query-input\":{\"@type\":\"PropertyValueSpecification\",\"valueRequired\":true,\"valueName\":\"search_term_string\"}}],\"inLanguage\":\"de\"},{\"@type\":\"Organization\",\"@id\":\"https:\/\/atangroup.com\/#organization\",\"name\":\"Infissi Construction\",\"url\":\"https:\/\/atangroup.com\/\",\"logo\":{\"@type\":\"ImageObject\",\"inLanguage\":\"de\",\"@id\":\"https:\/\/atangroup.com\/#\/schema\/logo\/image\/\",\"url\":\"https:\/\/atangroup.com\/wp-content\/uploads\/2024\/10\/infissi-construction-logo-1.png\",\"contentUrl\":\"https:\/\/atangroup.com\/wp-content\/uploads\/2024\/10\/infissi-construction-logo-1.png\",\"width\":1080,\"height\":1080,\"caption\":\"Infissi Construction\"},\"image\":{\"@id\":\"https:\/\/atangroup.com\/#\/schema\/logo\/image\/\"},\"sameAs\":[\"https:\/\/www.facebook.com\/infissi24construction\",\"https:\/\/x.com\/ic_pvc_company\",\"https:\/\/www.instagram.com\/infissiconstruction\"]}]}<\/script>\n<!-- \/ Yoast SEO Premium plugin. -->","yoast_head_json":{"title":"PVC Balcony Doors \u2013 Stylish & Energy-Efficient","description":"Discover PVC balcony doors for style, durability, and energy efficiency. Perfect for homes and apartments. Get a quote today!","robots":{"index":"index","follow":"follow","max-snippet":"max-snippet:-1","max-image-preview":"max-image-preview:large","max-video-preview":"max-video-preview:-1"},"canonical":"https:\/\/atangroup.com\/de\/stilvolle-energieeffiziente-pvc-balkonturen\/","og_locale":"de_DE","og_type":"article","og_title":"PVC Balcony Doors - Stylish and Energy-Efficient Solutions","og_description":"Discover PVC balcony doors for style, durability, and energy efficiency. Perfect for homes and apartments. Get a quote today!","og_url":"https:\/\/atangroup.com\/de\/stilvolle-energieeffiziente-pvc-balkonturen\/","og_site_name":"Atan Group","article_publisher":"https:\/\/www.facebook.com\/infissi24construction","article_modified_time":"2025-02-11T16:37:12+00:00","og_image":[{"url":"https:\/\/atangroup.com\/wp-content\/uploads\/2024\/10\/pvc-door-balcony-img.png","type":"","width":"","height":""}],"twitter_card":"summary_large_image","twitter_site":"@ic_pvc_company","twitter_misc":{"Gesch\u00e4tzte Lesezeit":"2\u00a0Minuten"},"schema":{"@context":"https:\/\/schema.org","@graph":[{"@type":"WebPage","@id":"https:\/\/atangroup.com\/pvc-balcony-doors-stylish-energy-efficient\/","url":"https:\/\/atangroup.com\/pvc-balcony-doors-stylish-energy-efficient\/","name":"PVC Balcony Doors \u2013 Stylish & Energy-Efficient","isPartOf":{"@id":"https:\/\/atangroup.com\/#website"},"primaryImageOfPage":{"@id":"https:\/\/atangroup.com\/pvc-balcony-doors-stylish-energy-efficient\/#primaryimage"},"image":{"@id":"https:\/\/atangroup.com\/pvc-balcony-doors-stylish-energy-efficient\/#primaryimage"},"thumbnailUrl":"https:\/\/atangroup.com\/wp-content\/uploads\/2024\/10\/pvc-door-balcony-img.png","datePublished":"2024-10-04T21:22:44+00:00","dateModified":"2025-02-11T16:37:12+00:00","description":"Discover PVC balcony doors for style, durability, and energy efficiency. Perfect for homes and apartments. Get a quote today!","breadcrumb":{"@id":"https:\/\/atangroup.com\/pvc-balcony-doors-stylish-energy-efficient\/#breadcrumb"},"inLanguage":"de","potentialAction":[{"@type":"ReadAction","target":["https:\/\/atangroup.com\/pvc-balcony-doors-stylish-energy-efficient\/"]}]},{"@type":"ImageObject","inLanguage":"de","@id":"https:\/\/atangroup.com\/pvc-balcony-doors-stylish-energy-efficient\/#primaryimage","url":"https:\/\/atangroup.com\/wp-content\/uploads\/2024\/10\/pvc-door-balcony-img.png","contentUrl":"https:\/\/atangroup.com\/wp-content\/uploads\/2024\/10\/pvc-door-balcony-img.png"},{"@type":"BreadcrumbList","@id":"https:\/\/atangroup.com\/pvc-balcony-doors-stylish-energy-efficient\/#breadcrumb","itemListElement":[{"@type":"ListItem","position":1,"name":"Home","item":"https:\/\/atangroup.com\/"},{"@type":"ListItem","position":2,"name":"PVC Balcony Doors &#8211; Stylish and Energy-Efficient Solutions"}]},{"@type":"WebSite","@id":"https:\/\/atangroup.com\/#website","url":"https:\/\/atangroup.com\/","name":"Infissi Construction","description":"High Quality Windows &amp; Doors","publisher":{"@id":"https:\/\/atangroup.com\/#organization"},"potentialAction":[{"@type":"SearchAction","target":{"@type":"EntryPoint","urlTemplate":"https:\/\/atangroup.com\/?s={search_term_string}"},"query-input":{"@type":"PropertyValueSpecification","valueRequired":true,"valueName":"search_term_string"}}],"inLanguage":"de"},{"@type":"Organization","@id":"https:\/\/atangroup.com\/#organization","name":"Infissi Construction","url":"https:\/\/atangroup.com\/","logo":{"@type":"ImageObject","inLanguage":"de","@id":"https:\/\/atangroup.com\/#\/schema\/logo\/image\/","url":"https:\/\/atangroup.com\/wp-content\/uploads\/2024\/10\/infissi-construction-logo-1.png","contentUrl":"https:\/\/atangroup.com\/wp-content\/uploads\/2024\/10\/infissi-construction-logo-1.png","width":1080,"height":1080,"caption":"Infissi Construction"},"image":{"@id":"https:\/\/atangroup.com\/#\/schema\/logo\/image\/"},"sameAs":["https:\/\/www.facebook.com\/infissi24construction","https:\/\/x.com\/ic_pvc_company","https:\/\/www.instagram.com\/infissiconstruction"]}]}},"_links":{"self":[{"href":"https:\/\/atangroup.com\/de\/wp-json\/wp\/v2\/pages\/26845","targetHints":{"allow":["GET"]}}],"collection":[{"href":"https:\/\/atangroup.com\/de\/wp-json\/wp\/v2\/pages"}],"about":[{"href":"https:\/\/atangroup.com\/de\/wp-json\/wp\/v2\/types\/page"}],"author":[{"embeddable":true,"href":"https:\/\/atangroup.com\/de\/wp-json\/wp\/v2\/users\/1"}],"replies":[{"embeddable":true,"href":"https:\/\/atangroup.com\/de\/wp-json\/wp\/v2\/comments?post=26845"}],"version-history":[{"count":1,"href":"https:\/\/atangroup.com\/de\/wp-json\/wp\/v2\/pages\/26845\/revisions"}],"predecessor-version":[{"id":27973,"href":"https:\/\/atangroup.com\/de\/wp-json\/wp\/v2\/pages\/26845\/revisions\/27973"}],"wp:attachment":[{"href":"https:\/\/atangroup.com\/de\/wp-json\/wp\/v2\/media?parent=26845"}],"curies":[{"name":"wp","href":"https:\/\/api.w.org\/{rel}","templated":true}]}}